{"id":152067,"date":"2021-01-15T12:03:00","date_gmt":"2021-01-15T12:03:00","guid":{"rendered":"https:\/\/codengine3.ch\/?product=import-placeholder-for-203438"},"modified":"2021-01-15T14:23:16","modified_gmt":"2021-01-15T14:23:16","slug":"frankreich-schweiz-italien-montblanc-rundweg-tmb","status":"publish","type":"product","link":"https:\/\/pizbube.ch\/en\/shop\/frankreich-schweiz-italien-montblanc-rundweg-tmb\/","title":{"rendered":"Frankreich Schweiz Italien: Montblanc-Rundweg TMB"},"content":{"rendered":"<p>Der ber\u00fchmte Rundwanderweg f\u00fchrt durch eine atemberaubende Bergwelt rund um<br \/>\nden Montblanc, den mit 4.808 m h\u00f6chsten Berg der Alpen und Europas. Er liegt<br \/>\nim franz\u00f6sischen Departement Haute-Savoie an der Grenze zwischen Frankreich<br \/>\nund Italien und ist verkehrstechnisch gut erreichbar.<\/p>\n<p>Der Klassiker f\u00fcr Weitwanderer besticht durch faszinierende<br \/>\nHochgebirgsszenerien und liebliche Tal- und Panoramastrecken. Die Autorin<br \/>\nbeschreibt nicht nur die Anreise und den Weg auf 12 Etappen, sondern geht auch<br \/>\nauf die Geologie sowie Flora und Fauna ein. Au\u00dferdem schl\u00e4gt sie reizvolle<br \/>\nTeilstrecken vor.  <\/p>\n<p>Inhalt:<br \/>\nEinleitung, Der Montblanc-Rundweg, Geografie, Flora und Fauna, Reise-Infos von<br \/>\nA bis Z, Beschreibung des Wegs in 12 Etappen, Sprachf\u00fchrer, Literatur.<br \/>\n3. Auflage 2012  <\/p>","protected":false},"excerpt":{"rendered":"<p>Der ber\u00fchmte Rundwanderweg f\u00fchrt durch eine atemberaubende Bergwelt rund um den Montblanc, den mit 4.808 m h\u00f6chsten Berg der Alpen und Europas. Er liegt im franz\u00f6sischen Departement Haute-Savoie an der Grenze zwischen Frankreich und Italien und ist verkehrstechnisch gut erreichbar. Der Klassiker f\u00fcr Weitwanderer besticht durch faszinierende Hochgebirgsszenerien und liebliche Tal- und Panoramastrecken. Die Autorin [&#8230;]\n","protected":false},"featured_media":26012,"template":"","meta":[],"product_brand":[],"product_cat":[21605],"product_tag":[],"class_list":{"0":"post-152067","1":"product","2":"type-product","3":"status-publish","4":"has-post-thumbnail","6":"product_cat-wanderfuehrer-trekking","7":"pa_autor-kuerschner","8":"pa_erscheinungsjahr-21621","9":"pa_region-frankreich","10":"pa_sprache-de","12":"first","13":"instock","14":"taxable","15":"shipping-taxable","16":"purchasable","17":"product-type-simple"},"_links":{"self":[{"href":"https:\/\/pizbube.ch\/en\/wp-json\/wp\/v2\/product\/152067","targetHints":{"allow":["GET"]}}],"collection":[{"href":"https:\/\/pizbube.ch\/en\/wp-json\/wp\/v2\/product"}],"about":[{"href":"https:\/\/pizbube.ch\/en\/wp-json\/wp\/v2\/types\/product"}],"wp:featuredmedia":[{"embeddable":true,"href":"https:\/\/pizbube.ch\/en\/wp-json\/wp\/v2\/media\/26012"}],"wp:attachment":[{"href":"https:\/\/pizbube.ch\/en\/wp-json\/wp\/v2\/media?parent=152067"}],"wp:term":[{"taxonomy":"product_brand","embeddable":true,"href":"https:\/\/pizbube.ch\/en\/wp-json\/wp\/v2\/product_brand?post=152067"},{"taxonomy":"product_cat","embeddable":true,"href":"https:\/\/pizbube.ch\/en\/wp-json\/wp\/v2\/product_cat?post=152067"},{"taxonomy":"product_tag","embeddable":true,"href":"https:\/\/pizbube.ch\/en\/wp-json\/wp\/v2\/product_tag?post=152067"}],"curies":[{"name":"wp","href":"https:\/\/api.w.org\/{rel}","templated":true}]}}