{"id":152069,"date":"2021-01-15T12:03:00","date_gmt":"2021-01-15T12:03:00","guid":{"rendered":"https:\/\/codengine3.ch\/?product=import-placeholder-for-203139"},"modified":"2025-08-15T09:58:28","modified_gmt":"2025-08-15T07:58:28","slug":"irland","status":"publish","type":"product","link":"https:\/\/pizbube.ch\/en\/shop\/irland\/","title":{"rendered":"Irland mit Nordirland"},"content":{"rendered":"<p><span class=\"value\">Irland, die sagenumwobene gr\u00fcne Insel, bietet atemberaubende Landschaften. Sie sind wie geschaffen f\u00fcrs Wandern. Weiden, H\u00fcgel, Berge und nicht zuletzt die K\u00fcste mit ihren D\u00fcnen und Felsen machen Irland einzigartig. In der Republik Irland begeistern die einsamen H\u00fcgel der Wicklow Mountains bei Dublin, die gebirgigen Halbinseln im S\u00fcdwesten, die K\u00fcste mit schwindelerregenden Klippen, die zerkl\u00fcfteten Berge von Connemara und die eigent\u00fcmliche Karstlandschaft des Burren. In Nordirland locken die Mourne Mountains und Sperrin Mountains zu sch\u00f6nen Wanderungen. Der Rother Wanderf\u00fchrer \u00bbIrland mit Nordirland\u00ab stellt 67 abwechslungsreiche Wanderungen vor.<\/span><\/p>\n<p>Dieser Wanderf\u00fchrer liefert sowohl \u00bbIrland-Klassiker\u00ab als auch echte Geheimtipps, die die stille Landschaft Irlands erleben lassen. Herrliche Wanderungen f\u00fchren durch die irischen Hochmoore, zu idyllischen Fl\u00fcssen und entlang der K\u00fcste. Irland lockt nicht nur mit einer wunderbaren Bergwelt, sondern hat euch eine gro\u00dfe Kultur und Geschichte zu bieten. Spuren der Kelten und Wikinger oder Ruinen mittelalterlicher Burgen und Kl\u00f6ster sind in der urspr\u00fcnglichen Naturlandschaft zu finden. Die Autorin und Irland-Kennerin Birgit Eder hat eine Auswahl an Wanderungen f\u00fcr jeden Geschmack getroffen: Von der gem\u00fctlichen K\u00fcstenwanderung bis zur ausgedehnten Tagestour im weglosen Berggebiet ist alles dabei.<\/p>\n<p>Jede Wanderung verf\u00fcgt \u00fcber eine zuverl\u00e4ssige Wegbeschreibung, ein Wanderk\u00e4rtchen mit Routenverlauf und ein aussagekr\u00e4ftiges H\u00f6henprofil. Ausf\u00fchrliche Informationen zu Gehzeiten, Anfahrt, Einkehr- und Unterkunftsm\u00f6glichkeiten erg\u00e4nzen diese Angaben. GPS-Tracks stehen zum Download bereit. Tipps zu Sehensw\u00fcrdigkeiten und viele Fotos machen Lust, die gr\u00fcne Insel Irland mit all ihren Facetten zu Fu\u00df zu entdecken.<\/p>\n<p>240 Seiten,<br \/>\n67 H\u00f6henprofile, 67 Wanderk\u00e4rtchen im Ma\u00dfstab 1:20.000, 1:50.000, 1:75.000 und 1:100.000 sowie zwei \u00dcbersichtskarten im Ma\u00dfstab 1:2.500.000 und 1:4.000.000<br \/>\n7., aktualisierte Auflage 2023<\/p>","protected":false},"excerpt":{"rendered":"<p>Irland, die sagenumwobene gr\u00fcne Insel, bietet atemberaubende Landschaften. Sie sind wie geschaffen f\u00fcrs Wandern. Weiden, H\u00fcgel, Berge und nicht zuletzt die K\u00fcste mit ihren D\u00fcnen und Felsen machen Irland einzigartig. In der Republik Irland begeistern die einsamen H\u00fcgel der Wicklow Mountains bei Dublin, die gebirgigen Halbinseln im S\u00fcdwesten, die K\u00fcste mit schwindelerregenden Klippen, die zerkl\u00fcfteten [&#8230;]\n","protected":false},"featured_media":180926,"template":"","meta":[],"product_brand":[],"product_cat":[21605],"product_tag":[],"class_list":{"0":"post-152069","1":"product","2":"type-product","3":"status-publish","4":"has-post-thumbnail","6":"product_cat-wanderfuehrer-trekking","7":"pa_autor-eder","8":"pa_erscheinungsjahr-27129","9":"pa_region-irland","10":"pa_sprache-de","12":"first","13":"instock","14":"taxable","15":"shipping-taxable","16":"purchasable","17":"product-type-simple"},"_links":{"self":[{"href":"https:\/\/pizbube.ch\/en\/wp-json\/wp\/v2\/product\/152069","targetHints":{"allow":["GET"]}}],"collection":[{"href":"https:\/\/pizbube.ch\/en\/wp-json\/wp\/v2\/product"}],"about":[{"href":"https:\/\/pizbube.ch\/en\/wp-json\/wp\/v2\/types\/product"}],"wp:featuredmedia":[{"embeddable":true,"href":"https:\/\/pizbube.ch\/en\/wp-json\/wp\/v2\/media\/180926"}],"wp:attachment":[{"href":"https:\/\/pizbube.ch\/en\/wp-json\/wp\/v2\/media?parent=152069"}],"wp:term":[{"taxonomy":"product_brand","embeddable":true,"href":"https:\/\/pizbube.ch\/en\/wp-json\/wp\/v2\/product_brand?post=152069"},{"taxonomy":"product_cat","embeddable":true,"href":"https:\/\/pizbube.ch\/en\/wp-json\/wp\/v2\/product_cat?post=152069"},{"taxonomy":"product_tag","embeddable":true,"href":"https:\/\/pizbube.ch\/en\/wp-json\/wp\/v2\/product_tag?post=152069"}],"curies":[{"name":"wp","href":"https:\/\/api.w.org\/{rel}","templated":true}]}}