{"id":152071,"date":"2021-01-15T12:03:00","date_gmt":"2021-01-15T12:03:00","guid":{"rendered":"https:\/\/codengine3.ch\/?product=import-placeholder-for-201761"},"modified":"2021-01-15T12:04:23","modified_gmt":"2021-01-15T12:04:23","slug":"wandern-in-irland","status":"publish","type":"product","link":"https:\/\/pizbube.ch\/en\/shop\/wandern-in-irland\/","title":{"rendered":"Wandern in Irland"},"content":{"rendered":"<p>Bew\u00e4hrte Klassiker und attraktive weitere Routen auf Irland aktiv erleben:<br \/>\nK\u00fcstenwanderungen und Gipfeltouren, \u00fcber Pilgerpfade und Moorwege rund um<br \/>\nGlendalough, durch den Killarney-Nationalpark, \u00fcber die Dingle Peninsula, zu<br \/>\nden Cliffs of Moher, durch den Burren, \u00fcber den Giant&#8217;s Causeway und zu den<br \/>\nKlippen Donegals. Wegbeschreibung, Karte und H\u00f6henprofil sind jeweils eng<br \/>\naufeinander abgestimmt und erm\u00f6glichen die Orientierung: Konkrete Angaben zur<br \/>\nWegbeschaffenheit, die Besonderheiten der Tour, ob es bergauf oder bergab<br \/>\ngeht, Dauer und L\u00e4nge, Orientierungspunkte mit Zeitangaben, Anfahrtswege,<br \/>\nEinkehrm\u00f6glichkeiten, Sehenswertes am Wegesrand.  <\/p>\n<p>Zuverl\u00e4ssige und detaillierte Wegbeschreibungen f\u00fcr die Planung und<br \/>\nDurchf\u00fchrung der Touren. Zahlreiche farbige Abbildung machen Appetit auf das<br \/>\nNaturerlebnis und wecken die Vorfreude. Markante Naturerscheinungen,<br \/>\nverborgene Sch\u00f6nheiten, r\u00e4tselhafte Spuren &#8211; was unterwegs besonders auff\u00e4llt,<br \/>\nwird am Ende des Textes vorgestellt und erkl\u00e4rt.  <\/p>","protected":false},"excerpt":{"rendered":"<p>Bew\u00e4hrte Klassiker und attraktive weitere Routen auf Irland aktiv erleben: K\u00fcstenwanderungen und Gipfeltouren, \u00fcber Pilgerpfade und Moorwege rund um Glendalough, durch den Killarney-Nationalpark, \u00fcber die Dingle Peninsula, zu den Cliffs of Moher, durch den Burren, \u00fcber den Giant&#8217;s Causeway und zu den Klippen Donegals. Wegbeschreibung, Karte und H\u00f6henprofil sind jeweils eng aufeinander abgestimmt und erm\u00f6glichen [&#8230;]\n","protected":false},"featured_media":29148,"template":"","meta":[],"product_brand":[],"product_cat":[21605],"product_tag":[],"class_list":{"0":"post-152071","1":"product","2":"type-product","3":"status-publish","4":"has-post-thumbnail","6":"product_cat-wanderfuehrer-trekking","7":"pa_autor-stieglitz","8":"pa_erscheinungsjahr-21693","9":"pa_region-irland","10":"pa_sprache-de","12":"first","13":"instock","14":"taxable","15":"shipping-taxable","16":"purchasable","17":"product-type-simple"},"_links":{"self":[{"href":"https:\/\/pizbube.ch\/en\/wp-json\/wp\/v2\/product\/152071","targetHints":{"allow":["GET"]}}],"collection":[{"href":"https:\/\/pizbube.ch\/en\/wp-json\/wp\/v2\/product"}],"about":[{"href":"https:\/\/pizbube.ch\/en\/wp-json\/wp\/v2\/types\/product"}],"wp:featuredmedia":[{"embeddable":true,"href":"https:\/\/pizbube.ch\/en\/wp-json\/wp\/v2\/media\/29148"}],"wp:attachment":[{"href":"https:\/\/pizbube.ch\/en\/wp-json\/wp\/v2\/media?parent=152071"}],"wp:term":[{"taxonomy":"product_brand","embeddable":true,"href":"https:\/\/pizbube.ch\/en\/wp-json\/wp\/v2\/product_brand?post=152071"},{"taxonomy":"product_cat","embeddable":true,"href":"https:\/\/pizbube.ch\/en\/wp-json\/wp\/v2\/product_cat?post=152071"},{"taxonomy":"product_tag","embeddable":true,"href":"https:\/\/pizbube.ch\/en\/wp-json\/wp\/v2\/product_tag?post=152071"}],"curies":[{"name":"wp","href":"https:\/\/api.w.org\/{rel}","templated":true}]}}