{"id":152072,"date":"2021-01-15T12:03:00","date_gmt":"2021-01-15T12:03:00","guid":{"rendered":"https:\/\/codengine3.ch\/?product=import-placeholder-for-206902"},"modified":"2021-01-15T14:53:10","modified_gmt":"2021-01-15T14:53:10","slug":"irlands-westkueste-24-wanderungen","status":"publish","type":"product","link":"https:\/\/pizbube.ch\/en\/shop\/irlands-westkueste-24-wanderungen\/","title":{"rendered":"Irlands Westk\u00fcste &#8211; 24 Wanderungen"},"content":{"rendered":"<p>Irland geh\u00f6rt zu den besten Wanderl\u00e4ndern Europas \u2013 vor allem die Westk\u00fcste<br \/>\nl\u00e4dt mit zahlreichen Wegen zu abwechslungsreichen Touren ein. Dieses Buch<br \/>\nbeschreibt 24 Wanderungen zwischen der Grafschaft Cork im S\u00fcden und der<br \/>\nGrafschaft Donegal im Norden.<\/p>\n<p>Sie verlaufen entlang schroffer Felsk\u00fcsten, \u00fcber kilometerlange Sandstr\u00e4nde,<br \/>\ndurch liebliche gr\u00fcne Landschaften oder \u00fcber hohe Berge. Hinweise zu Natur,<br \/>\nKultur und Geschichte der Region erg\u00e4nzen die detaillierten Wegbeschreibungen.<\/p>\n<p>Ein Infoblock fasst Angaben wie Wegl\u00e4nge, Rastm\u00f6glichkeiten oder<br \/>\nBusverbindungen zusammen und gibt Tipps zum Wandern mit Kindern, Buggy und<br \/>\nHund. GPS-Tracks k\u00f6nnen kostenlos heruntergeladen werden.<\/p>","protected":false},"excerpt":{"rendered":"<p>Irland geh\u00f6rt zu den besten Wanderl\u00e4ndern Europas \u2013 vor allem die Westk\u00fcste l\u00e4dt mit zahlreichen Wegen zu abwechslungsreichen Touren ein. Dieses Buch beschreibt 24 Wanderungen zwischen der Grafschaft Cork im S\u00fcden und der Grafschaft Donegal im Norden. Sie verlaufen entlang schroffer Felsk\u00fcsten, \u00fcber kilometerlange Sandstr\u00e4nde, durch liebliche gr\u00fcne Landschaften oder \u00fcber hohe Berge. Hinweise zu [&#8230;]\n","protected":false},"featured_media":36391,"template":"","meta":[],"product_brand":[],"product_cat":[21605],"product_tag":[],"class_list":{"0":"post-152072","1":"product","2":"type-product","3":"status-publish","4":"has-post-thumbnail","6":"product_cat-wanderfuehrer-trekking","7":"pa_autor-engel","8":"pa_erscheinungsjahr-21574","9":"pa_region-irland","10":"pa_sprache-de","12":"first","13":"instock","14":"taxable","15":"shipping-taxable","16":"purchasable","17":"product-type-simple"},"_links":{"self":[{"href":"https:\/\/pizbube.ch\/en\/wp-json\/wp\/v2\/product\/152072","targetHints":{"allow":["GET"]}}],"collection":[{"href":"https:\/\/pizbube.ch\/en\/wp-json\/wp\/v2\/product"}],"about":[{"href":"https:\/\/pizbube.ch\/en\/wp-json\/wp\/v2\/types\/product"}],"wp:featuredmedia":[{"embeddable":true,"href":"https:\/\/pizbube.ch\/en\/wp-json\/wp\/v2\/media\/36391"}],"wp:attachment":[{"href":"https:\/\/pizbube.ch\/en\/wp-json\/wp\/v2\/media?parent=152072"}],"wp:term":[{"taxonomy":"product_brand","embeddable":true,"href":"https:\/\/pizbube.ch\/en\/wp-json\/wp\/v2\/product_brand?post=152072"},{"taxonomy":"product_cat","embeddable":true,"href":"https:\/\/pizbube.ch\/en\/wp-json\/wp\/v2\/product_cat?post=152072"},{"taxonomy":"product_tag","embeddable":true,"href":"https:\/\/pizbube.ch\/en\/wp-json\/wp\/v2\/product_tag?post=152072"}],"curies":[{"name":"wp","href":"https:\/\/api.w.org\/{rel}","templated":true}]}}