{"id":152076,"date":"2021-01-15T12:03:01","date_gmt":"2021-01-15T12:03:01","guid":{"rendered":"https:\/\/codengine3.ch\/?product=import-placeholder-for-203275"},"modified":"2022-01-18T15:00:20","modified_gmt":"2022-01-18T14:00:20","slug":"bergsport-trainingslehre","status":"publish","type":"product","link":"https:\/\/pizbube.ch\/en\/shop\/bergsport-trainingslehre\/","title":{"rendered":"Bergsport Trainingslehre"},"content":{"rendered":"<p>Die Autoren behandeln im neu aufgelegten und \u00fcberarbeiteten Standardwerk alle<br \/>\nFacetten des Trainings f\u00fcr die verschiedenen Berg- sportarten. Nicht nur f\u00fcr<br \/>\nInstruktoren ein Muss!<\/p>\n<p>Das handliche Buch ist ein Leitfaden f\u00fcr eine moderne, zielorientierte<br \/>\nkonditionelle und koordinative Vorbereitung auf alpine Unternehmungen.<\/p>\n<p>Es enth\u00e4lt Tipps zur praktischen Gestaltung des Trainings sowohl im<br \/>\npr\u00e4ventiven Sinn als auch zur Entwicklung eines stabilen Fundaments an<br \/>\nF\u00e4higkeiten.<\/p>\n<p>Inhalt:<br \/>\n&#8211; Anatomisch- physiologische Gegebenheiten<br \/>\n&#8211; Handlungstheoretische Voraussetzungen<br \/>\n&#8211; Prinzipien der Trainingsgestaltung<br \/>\n&#8211; Entwicklung sportlicher Leistungsf\u00e4higkeit<br \/>\n&#8211; Belastungskomponenten<br \/>\n&#8211; Stresstheorie<br \/>\n&#8211; Belastungsmethoden<br \/>\n&#8211; Leistungsbestimmende Merkmale alpiner T\u00e4tigkeiten<br \/>\n&#8211; Trainingsplanung<br \/>\n&#8211; Literaturhinweise<\/p>\n<p>Beitr\u00e4ge von Dr. Martin Faulhaber, Sportwissenschafter am Institut f\u00fcr<br \/>\nSportwissenschaft der UNI Innsbruck zum Thema H\u00f6he\/H\u00f6henanpassung und Alice<br \/>\nAngermann, Di\u00e4tologin und systemische Beraterin zum Thema Ern\u00e4hrung beim<br \/>\nBergsport<br \/>\n304 Seiten<\/p>","protected":false},"excerpt":{"rendered":"<p>Die Autoren behandeln im neu aufgelegten und \u00fcberarbeiteten Standardwerk alle Facetten des Trainings f\u00fcr die verschiedenen Berg- sportarten. Nicht nur f\u00fcr Instruktoren ein Muss! Das handliche Buch ist ein Leitfaden f\u00fcr eine moderne, zielorientierte konditionelle und koordinative Vorbereitung auf alpine Unternehmungen. Es enth\u00e4lt Tipps zur praktischen Gestaltung des Trainings sowohl im pr\u00e4ventiven Sinn als auch [&#8230;]\n","protected":false},"featured_media":160402,"template":"","meta":[],"product_brand":[],"product_cat":[21538],"product_tag":[],"class_list":{"0":"post-152076","1":"product","2":"type-product","3":"status-publish","4":"has-post-thumbnail","6":"product_cat-lehrbuecher","7":"pa_autor-kandolf-mayrhofer","8":"pa_erscheinungsjahr-21574","9":"pa_region-alpin-sommer","10":"pa_sprache-de","12":"first","13":"instock","14":"taxable","15":"shipping-taxable","16":"purchasable","17":"product-type-simple"},"_links":{"self":[{"href":"https:\/\/pizbube.ch\/en\/wp-json\/wp\/v2\/product\/152076","targetHints":{"allow":["GET"]}}],"collection":[{"href":"https:\/\/pizbube.ch\/en\/wp-json\/wp\/v2\/product"}],"about":[{"href":"https:\/\/pizbube.ch\/en\/wp-json\/wp\/v2\/types\/product"}],"wp:featuredmedia":[{"embeddable":true,"href":"https:\/\/pizbube.ch\/en\/wp-json\/wp\/v2\/media\/160402"}],"wp:attachment":[{"href":"https:\/\/pizbube.ch\/en\/wp-json\/wp\/v2\/media?parent=152076"}],"wp:term":[{"taxonomy":"product_brand","embeddable":true,"href":"https:\/\/pizbube.ch\/en\/wp-json\/wp\/v2\/product_brand?post=152076"},{"taxonomy":"product_cat","embeddable":true,"href":"https:\/\/pizbube.ch\/en\/wp-json\/wp\/v2\/product_cat?post=152076"},{"taxonomy":"product_tag","embeddable":true,"href":"https:\/\/pizbube.ch\/en\/wp-json\/wp\/v2\/product_tag?post=152076"}],"curies":[{"name":"wp","href":"https:\/\/api.w.org\/{rel}","templated":true}]}}