{"id":152077,"date":"2021-01-15T12:03:06","date_gmt":"2021-01-15T12:03:06","guid":{"rendered":"https:\/\/codengine3.ch\/?product=import-placeholder-for-201609"},"modified":"2021-01-15T12:03:09","modified_gmt":"2021-01-15T12:03:09","slug":"sportklettergebiete-in-sachsen-teil-1","status":"publish","type":"product","link":"https:\/\/pizbube.ch\/en\/shop\/sportklettergebiete-in-sachsen-teil-1\/","title":{"rendered":"Sportklettergebiete in Sachsen, Teil 1"},"content":{"rendered":"<p>Topof\u00fchrer der Sportklettergebiete M\u00fcglitztal, Kriebethalerw\u00e4ne, Cunnersdorf,<br \/>\nLockwitzgrund<\/p>","protected":false},"excerpt":{"rendered":"<p>Topof\u00fchrer der Sportklettergebiete M\u00fcglitztal, Kriebethalerw\u00e4ne, Cunnersdorf, Lockwitzgrund<\/p>","protected":false},"featured_media":28978,"template":"","meta":[],"product_brand":[],"product_cat":[21539],"product_tag":[],"class_list":{"0":"post-152077","1":"product","2":"type-product","3":"status-publish","4":"has-post-thumbnail","6":"product_cat-fuehrerliteratur-sportklettern-bouldern","7":"pa_autor-richter-div","8":"pa_erscheinungsjahr-22060","9":"pa_region-deutschland","10":"pa_sprache-de","12":"first","13":"outofstock","14":"taxable","15":"shipping-taxable","16":"purchasable","17":"product-type-simple"},"_links":{"self":[{"href":"https:\/\/pizbube.ch\/en\/wp-json\/wp\/v2\/product\/152077","targetHints":{"allow":["GET"]}}],"collection":[{"href":"https:\/\/pizbube.ch\/en\/wp-json\/wp\/v2\/product"}],"about":[{"href":"https:\/\/pizbube.ch\/en\/wp-json\/wp\/v2\/types\/product"}],"wp:featuredmedia":[{"embeddable":true,"href":"https:\/\/pizbube.ch\/en\/wp-json\/wp\/v2\/media\/28978"}],"wp:attachment":[{"href":"https:\/\/pizbube.ch\/en\/wp-json\/wp\/v2\/media?parent=152077"}],"wp:term":[{"taxonomy":"product_brand","embeddable":true,"href":"https:\/\/pizbube.ch\/en\/wp-json\/wp\/v2\/product_brand?post=152077"},{"taxonomy":"product_cat","embeddable":true,"href":"https:\/\/pizbube.ch\/en\/wp-json\/wp\/v2\/product_cat?post=152077"},{"taxonomy":"product_tag","embeddable":true,"href":"https:\/\/pizbube.ch\/en\/wp-json\/wp\/v2\/product_tag?post=152077"}],"curies":[{"name":"wp","href":"https:\/\/api.w.org\/{rel}","templated":true}]}}