{"id":152079,"date":"2021-01-15T12:03:06","date_gmt":"2021-01-15T12:03:06","guid":{"rendered":"https:\/\/codengine3.ch\/?product=import-placeholder-for-201610"},"modified":"2021-01-15T12:03:09","modified_gmt":"2021-01-15T12:03:09","slug":"skitouren-in-oesterreich","status":"publish","type":"product","link":"https:\/\/pizbube.ch\/en\/shop\/skitouren-in-oesterreich\/","title":{"rendered":"Skitouren in \u00d6sterreich"},"content":{"rendered":"<p>50 Ausgesuchte Skiberge zwischen Silvretta und Dachstein mit vielen<br \/>\nZusatzinfos. Aus dem Inhalt: Vom Skitourenanf\u00e4nger bis zum erfahrenen und<br \/>\nskitechnisch versierten Alpinisten wird jedermann und -frau passende Touren in<br \/>\ndiesem Auswahlf\u00fchrer finden: F\u00fcr Anf\u00e4nger werden weitgehend lawinensichere<br \/>\nGenu\u00dftouren wie das Feldalpenhorn in den Kitzb\u00fchler Alpen angeboten, f\u00fcr<br \/>\nFortgeschrittene Tourenklassiker wie das Hochgl\u00fcckkar im Karwendel und f\u00fcr<br \/>\ngletschererfahrene Alpinisten Hochtouren wie die \u00d6tzi-Tour auf den Similaun,<br \/>\nden K\u00f6nnern bleiben die Steilabfahrten wie die Guffertrinne vorbehalten.  <\/p>","protected":false},"excerpt":{"rendered":"<p>50 Ausgesuchte Skiberge zwischen Silvretta und Dachstein mit vielen Zusatzinfos. Aus dem Inhalt: Vom Skitourenanf\u00e4nger bis zum erfahrenen und skitechnisch versierten Alpinisten wird jedermann und -frau passende Touren in diesem Auswahlf\u00fchrer finden: F\u00fcr Anf\u00e4nger werden weitgehend lawinensichere Genu\u00dftouren wie das Feldalpenhorn in den Kitzb\u00fchler Alpen angeboten, f\u00fcr Fortgeschrittene Tourenklassiker wie das Hochgl\u00fcckkar im Karwendel und [&#8230;]\n","protected":false},"featured_media":28979,"template":"","meta":[],"product_brand":[],"product_cat":[21540],"product_tag":[],"class_list":{"0":"post-152079","1":"product","2":"type-product","3":"status-publish","4":"has-post-thumbnail","6":"product_cat-fuehrerliteratur-alpin-winter","7":"pa_autor-schneeweiss","8":"pa_erscheinungsjahr-22060","9":"pa_region-oesterreich","10":"pa_sprache-de","12":"first","13":"instock","14":"taxable","15":"shipping-taxable","16":"purchasable","17":"product-type-simple"},"_links":{"self":[{"href":"https:\/\/pizbube.ch\/en\/wp-json\/wp\/v2\/product\/152079","targetHints":{"allow":["GET"]}}],"collection":[{"href":"https:\/\/pizbube.ch\/en\/wp-json\/wp\/v2\/product"}],"about":[{"href":"https:\/\/pizbube.ch\/en\/wp-json\/wp\/v2\/types\/product"}],"wp:featuredmedia":[{"embeddable":true,"href":"https:\/\/pizbube.ch\/en\/wp-json\/wp\/v2\/media\/28979"}],"wp:attachment":[{"href":"https:\/\/pizbube.ch\/en\/wp-json\/wp\/v2\/media?parent=152079"}],"wp:term":[{"taxonomy":"product_brand","embeddable":true,"href":"https:\/\/pizbube.ch\/en\/wp-json\/wp\/v2\/product_brand?post=152079"},{"taxonomy":"product_cat","embeddable":true,"href":"https:\/\/pizbube.ch\/en\/wp-json\/wp\/v2\/product_cat?post=152079"},{"taxonomy":"product_tag","embeddable":true,"href":"https:\/\/pizbube.ch\/en\/wp-json\/wp\/v2\/product_tag?post=152079"}],"curies":[{"name":"wp","href":"https:\/\/api.w.org\/{rel}","templated":true}]}}