{"id":152080,"date":"2021-01-15T12:03:06","date_gmt":"2021-01-15T12:03:06","guid":{"rendered":"https:\/\/codengine3.ch\/?product=import-placeholder-for-202457"},"modified":"2021-01-15T12:36:26","modified_gmt":"2021-01-15T12:36:26","slug":"leichte-skitouren-allgaeu-kitzbuehl","status":"publish","type":"product","link":"https:\/\/pizbube.ch\/en\/shop\/leichte-skitouren-allgaeu-kitzbuehl\/","title":{"rendered":"Leichte Skitouren Allg\u00e4u Kitzb\u00fchl"},"content":{"rendered":"<p>Die 50 besten Ziele zwischen Allg\u00e4uer und Kitzb\u00fchler Alpen. Kartenskizzen f\u00fcr<br \/>\nrasche \u00dcbersicht. Telefonnummern, Websites zu Wetter und Lawinensituation.<\/p>","protected":false},"excerpt":{"rendered":"<p>Die 50 besten Ziele zwischen Allg\u00e4uer und Kitzb\u00fchler Alpen. Kartenskizzen f\u00fcr rasche \u00dcbersicht. Telefonnummern, Websites zu Wetter und Lawinensituation.<\/p>","protected":false},"featured_media":29844,"template":"","meta":[],"product_brand":[],"product_cat":[21540],"product_tag":[],"class_list":{"0":"post-152080","1":"product","2":"type-product","3":"status-publish","4":"has-post-thumbnail","6":"product_cat-fuehrerliteratur-alpin-winter","7":"pa_autor-garnweider","8":"pa_autor-schneeweiss","9":"pa_erscheinungsjahr-22242","10":"pa_region-oesterreich","11":"pa_sprache-de","13":"first","14":"instock","15":"taxable","16":"shipping-taxable","17":"purchasable","18":"product-type-simple"},"_links":{"self":[{"href":"https:\/\/pizbube.ch\/en\/wp-json\/wp\/v2\/product\/152080","targetHints":{"allow":["GET"]}}],"collection":[{"href":"https:\/\/pizbube.ch\/en\/wp-json\/wp\/v2\/product"}],"about":[{"href":"https:\/\/pizbube.ch\/en\/wp-json\/wp\/v2\/types\/product"}],"wp:featuredmedia":[{"embeddable":true,"href":"https:\/\/pizbube.ch\/en\/wp-json\/wp\/v2\/media\/29844"}],"wp:attachment":[{"href":"https:\/\/pizbube.ch\/en\/wp-json\/wp\/v2\/media?parent=152080"}],"wp:term":[{"taxonomy":"product_brand","embeddable":true,"href":"https:\/\/pizbube.ch\/en\/wp-json\/wp\/v2\/product_brand?post=152080"},{"taxonomy":"product_cat","embeddable":true,"href":"https:\/\/pizbube.ch\/en\/wp-json\/wp\/v2\/product_cat?post=152080"},{"taxonomy":"product_tag","embeddable":true,"href":"https:\/\/pizbube.ch\/en\/wp-json\/wp\/v2\/product_tag?post=152080"}],"curies":[{"name":"wp","href":"https:\/\/api.w.org\/{rel}","templated":true}]}}