{"id":152086,"date":"2021-01-15T12:03:07","date_gmt":"2021-01-15T12:03:07","guid":{"rendered":"https:\/\/codengine3.ch\/?product=import-placeholder-for-202749"},"modified":"2021-01-15T12:39:01","modified_gmt":"2021-01-15T12:39:01","slug":"halls-and-walls","status":"publish","type":"product","link":"https:\/\/pizbube.ch\/en\/shop\/halls-and-walls\/","title":{"rendered":"Halls and Walls"},"content":{"rendered":"<p>Die vierte Auflage des Kletterhallenf\u00fchrers pr\u00e4sentiert \u00fcber 340<br \/>\nderlohnendsten Kunstw\u00e4nde in Deutschland, \u00d6sterreich und der Schweiz, wobei<br \/>\nnur Anlagen mit \u00fcber 100 qm Fl\u00e4che Eingang gefunden haben. Man findet zu jeder<br \/>\nHalle Informationen wie \u00d6ffnungszeiten, Preise oder Zufahrt. 437 S.<\/p>","protected":false},"excerpt":{"rendered":"<p>Die vierte Auflage des Kletterhallenf\u00fchrers pr\u00e4sentiert \u00fcber 340 derlohnendsten Kunstw\u00e4nde in Deutschland, \u00d6sterreich und der Schweiz, wobei nur Anlagen mit \u00fcber 100 qm Fl\u00e4che Eingang gefunden haben. Man findet zu jeder Halle Informationen wie \u00d6ffnungszeiten, Preise oder Zufahrt. 437 S.<\/p>","protected":false},"featured_media":30192,"template":"","meta":[],"product_brand":[],"product_cat":[21539],"product_tag":[],"class_list":{"0":"post-152086","1":"product","2":"type-product","3":"status-publish","4":"has-post-thumbnail","6":"product_cat-fuehrerliteratur-sportklettern-bouldern","7":"pa_autor-marschner-schepers","8":"pa_erscheinungsjahr-21842","9":"pa_region-schweiz","10":"pa_sprache-de","12":"first","13":"instock","14":"taxable","15":"shipping-taxable","16":"purchasable","17":"product-type-simple"},"_links":{"self":[{"href":"https:\/\/pizbube.ch\/en\/wp-json\/wp\/v2\/product\/152086","targetHints":{"allow":["GET"]}}],"collection":[{"href":"https:\/\/pizbube.ch\/en\/wp-json\/wp\/v2\/product"}],"about":[{"href":"https:\/\/pizbube.ch\/en\/wp-json\/wp\/v2\/types\/product"}],"wp:featuredmedia":[{"embeddable":true,"href":"https:\/\/pizbube.ch\/en\/wp-json\/wp\/v2\/media\/30192"}],"wp:attachment":[{"href":"https:\/\/pizbube.ch\/en\/wp-json\/wp\/v2\/media?parent=152086"}],"wp:term":[{"taxonomy":"product_brand","embeddable":true,"href":"https:\/\/pizbube.ch\/en\/wp-json\/wp\/v2\/product_brand?post=152086"},{"taxonomy":"product_cat","embeddable":true,"href":"https:\/\/pizbube.ch\/en\/wp-json\/wp\/v2\/product_cat?post=152086"},{"taxonomy":"product_tag","embeddable":true,"href":"https:\/\/pizbube.ch\/en\/wp-json\/wp\/v2\/product_tag?post=152086"}],"curies":[{"name":"wp","href":"https:\/\/api.w.org\/{rel}","templated":true}]}}