{"id":152090,"date":"2021-01-15T12:03:07","date_gmt":"2021-01-15T12:03:07","guid":{"rendered":"https:\/\/codengine3.ch\/?product=import-placeholder-for-201619"},"modified":"2021-01-15T12:03:12","modified_gmt":"2021-01-15T12:03:12","slug":"meine-murmelkinder","status":"publish","type":"product","link":"https:\/\/pizbube.ch\/en\/shop\/meine-murmelkinder\/","title":{"rendered":"Meine Murmelkinder"},"content":{"rendered":"<p>Kinder-Bilderbuch: sch\u00f6n gezeichnete Geschichte zweier Murmeltierkinder.<br \/>\nNaturbegeisterte Leserinnen und Leser jeden Alters lernen die Eigenart der<br \/>\nMurmeltiere kennen, ihren Bewegungsdrang, ihre drolligen Spiele, ihre Bauten,<br \/>\ndas Fressen, das Heuen, den Winterschlaf und das Fr\u00fchlingserwachen.<br \/>\nGleichzeitig ist hier ein Dokument aufgezeichnet: die innige Freundschaft<br \/>\nzwischen Alice und ihren Murmelkindern. Mit 22 farbigen Bildtafeln.<\/p>\n<p>In seinem Bilderbuch l\u00e4sst Peter Bergmann die Frau des Wildh\u00fcters von Lauenen<br \/>\nerz\u00e4hlen. Alice Hauswirth zieht zwei kleine Murmeltier-Waisen auf, die ihr von<br \/>\neinem Alphirten in Obhut gegeben wurden. Die H\u00fcndin Trixi s\u00e4ugt die<br \/>\nMurmelfindlinge, sie werden gr\u00f6\u00dfer, gew\u00f6hnen sich ein und wachsen in die<br \/>\nmenschlichen Behausungen. Immer wieder kehren die beiden ins Dorf zur\u00fcck. Am<br \/>\nEnde m\u00fcssen sie in einem Tierpark untergebracht werden. Naturbegeisterte<br \/>\nLeserinnen und Leser jeden Alters werden sich freuen \u00fcber dieses neue<br \/>\npr\u00e4chtige Buch.<\/p>\n<p>Sie lernen die Eigenart der Murmeltiere kennen, ihren Bewegungsdrang, ihre<br \/>\ndrolligen Spiele, ihre Bauten, das Fressen, das Heuen, den Winterschlaf und<br \/>\ndas Fr\u00fchlingserwachen. Gleichzeitig ist hier ein Dokument aufgezeichnet: Eine<br \/>\ninnige Freundschaft zwischen Alice und ihren Murmeltierkindern.<\/p>","protected":false},"excerpt":{"rendered":"<ul>\n<li><b>INFO: Neuauflage geplant, Termin unbestimmt<b><\/li>\n<\/ul>","protected":false},"featured_media":27143,"template":"","meta":[],"product_brand":[],"product_cat":[21542],"product_tag":[],"class_list":{"0":"post-152090","1":"product","2":"type-product","3":"status-publish","4":"has-post-thumbnail","6":"product_cat-sachbuecher-dokumentationen","7":"pa_autor-bergmann","8":"pa_erscheinungsjahr-22060","9":"pa_region-schweiz","10":"pa_sprache-de","12":"first","13":"outofstock","14":"taxable","15":"shipping-taxable","16":"purchasable","17":"product-type-simple"},"_links":{"self":[{"href":"https:\/\/pizbube.ch\/en\/wp-json\/wp\/v2\/product\/152090","targetHints":{"allow":["GET"]}}],"collection":[{"href":"https:\/\/pizbube.ch\/en\/wp-json\/wp\/v2\/product"}],"about":[{"href":"https:\/\/pizbube.ch\/en\/wp-json\/wp\/v2\/types\/product"}],"wp:featuredmedia":[{"embeddable":true,"href":"https:\/\/pizbube.ch\/en\/wp-json\/wp\/v2\/media\/27143"}],"wp:attachment":[{"href":"https:\/\/pizbube.ch\/en\/wp-json\/wp\/v2\/media?parent=152090"}],"wp:term":[{"taxonomy":"product_brand","embeddable":true,"href":"https:\/\/pizbube.ch\/en\/wp-json\/wp\/v2\/product_brand?post=152090"},{"taxonomy":"product_cat","embeddable":true,"href":"https:\/\/pizbube.ch\/en\/wp-json\/wp\/v2\/product_cat?post=152090"},{"taxonomy":"product_tag","embeddable":true,"href":"https:\/\/pizbube.ch\/en\/wp-json\/wp\/v2\/product_tag?post=152090"}],"curies":[{"name":"wp","href":"https:\/\/api.w.org\/{rel}","templated":true}]}}