{"id":152091,"date":"2021-01-15T12:03:07","date_gmt":"2021-01-15T12:03:07","guid":{"rendered":"https:\/\/codengine3.ch\/?product=import-placeholder-for-203655"},"modified":"2021-01-15T14:25:21","modified_gmt":"2021-01-15T14:25:21","slug":"gebirge-was-ist-was-band-119","status":"publish","type":"product","link":"https:\/\/pizbube.ch\/en\/shop\/gebirge-was-ist-was-band-119\/","title":{"rendered":"Gebirge Was ist was Band 119"},"content":{"rendered":"<p>Schroffe Felsw\u00e4nde, majest\u00e4tische Gipfel, dunkle Bergw\u00e4lder und sonnige Almen<br \/>\n&#8211; die Bergwelt \u00fcbt eine gro\u00dfe Faszination auf Sportler, Naturliebhaber und<br \/>\nErholungssuchende gleicherma\u00dfen aus. Die Biologin und<br \/>\nWissenschaftsjournalistin Hanke Huber nimmt uns in diesem WAS IST WAS-Buch mit<br \/>\nin die Gebirge dieser Erde. Sie erkl\u00e4rt anschaulich, wie diese entstehen,<br \/>\nf\u00fchrt uns zu Feuer spuckenden Bergen und ins ewige Eis der Gletscher und macht<br \/>\ndeutlich, wie schutzbed\u00fcrftig diese wertvollen Naturr\u00e4ume sind.<br \/>\nDer Leser lernt die vielseitige Pflanzen- und Tierwelt der Berge kennen. Er<br \/>\nerf\u00e4hrt, welche Sportarten man im Gebirge aus\u00fcben kann, was man alles f\u00fcr eine<br \/>\nBergtour braucht und welche Gipfel die h\u00f6chsten der Welt sind.<br \/>\nKinder- Sachbuch; Ab 8 J., Farb. Abb., 48 S.  <\/p>","protected":false},"excerpt":{"rendered":"<ul>\n<li><b>INFO: Vergriffen, keine Neuauflage!<b><\/li>\n<\/ul>","protected":false},"featured_media":31307,"template":"","meta":[],"product_brand":[],"product_cat":[21542],"product_tag":[],"class_list":{"0":"post-152091","1":"product","2":"type-product","3":"status-publish","4":"has-post-thumbnail","6":"product_cat-sachbuecher-dokumentationen","7":"pa_autor-huber","8":"pa_erscheinungsjahr-21591","9":"pa_region-deutschland","10":"pa_sprache-de","12":"first","13":"outofstock","14":"taxable","15":"shipping-taxable","16":"purchasable","17":"product-type-simple"},"_links":{"self":[{"href":"https:\/\/pizbube.ch\/en\/wp-json\/wp\/v2\/product\/152091","targetHints":{"allow":["GET"]}}],"collection":[{"href":"https:\/\/pizbube.ch\/en\/wp-json\/wp\/v2\/product"}],"about":[{"href":"https:\/\/pizbube.ch\/en\/wp-json\/wp\/v2\/types\/product"}],"wp:featuredmedia":[{"embeddable":true,"href":"https:\/\/pizbube.ch\/en\/wp-json\/wp\/v2\/media\/31307"}],"wp:attachment":[{"href":"https:\/\/pizbube.ch\/en\/wp-json\/wp\/v2\/media?parent=152091"}],"wp:term":[{"taxonomy":"product_brand","embeddable":true,"href":"https:\/\/pizbube.ch\/en\/wp-json\/wp\/v2\/product_brand?post=152091"},{"taxonomy":"product_cat","embeddable":true,"href":"https:\/\/pizbube.ch\/en\/wp-json\/wp\/v2\/product_cat?post=152091"},{"taxonomy":"product_tag","embeddable":true,"href":"https:\/\/pizbube.ch\/en\/wp-json\/wp\/v2\/product_tag?post=152091"}],"curies":[{"name":"wp","href":"https:\/\/api.w.org\/{rel}","templated":true}]}}