{"id":152096,"date":"2021-01-15T12:03:08","date_gmt":"2021-01-15T12:03:08","guid":{"rendered":"https:\/\/codengine3.ch\/?product=import-placeholder-for-204858"},"modified":"2021-01-15T14:36:50","modified_gmt":"2021-01-15T14:36:50","slug":"richtig-sichern","status":"publish","type":"product","link":"https:\/\/pizbube.ch\/en\/shop\/richtig-sichern\/","title":{"rendered":"Richtig sichern"},"content":{"rendered":"<p>Das Basiswissen f\u00fcr alle, die in der Halle klettern: Material, Einbinden,<br \/>\nKlettern mit Seilsicherung von unten und von oben, Klettern mit Kindern,<br \/>\nSicherheitstipps. Die erworbenen F\u00e4higkeiten kann man sich jetzt auch mit der<br \/>\nPr\u00fcfung zum DAV-Kletterschein in den Varianten Toprope und Vorstieg best\u00e4tigen<br \/>\nlassen. Dieses Buch vermittelt das gesamte Wissen zu beiden Pr\u00fcfungen und<br \/>\nalles, was sonst zum Einstieg ins Hallenklettern wichtig ist.<br \/>\n96 Seiten, Format 12,0 x 18,5 cm,, Broschur mit Fadenheftung<\/p>","protected":false},"excerpt":{"rendered":"<p>Das Basiswissen f\u00fcr alle, die in der Halle klettern: Material, Einbinden, Klettern mit Seilsicherung von unten und von oben, Klettern mit Kindern, Sicherheitstipps. Die erworbenen F\u00e4higkeiten kann man sich jetzt auch mit der Pr\u00fcfung zum DAV-Kletterschein in den Varianten Toprope und Vorstieg best\u00e4tigen lassen. Dieses Buch vermittelt das gesamte Wissen zu beiden Pr\u00fcfungen und alles, [&#8230;]\n","protected":false},"featured_media":33395,"template":"","meta":[],"product_brand":[],"product_cat":[21538],"product_tag":[],"class_list":{"0":"post-152096","1":"product","2":"type-product","3":"status-publish","4":"has-post-thumbnail","6":"product_cat-lehrbuecher","7":"pa_autor-albert","8":"pa_erscheinungsjahr-21842","9":"pa_region-klettertechnik","10":"pa_sprache-de","12":"first","13":"instock","14":"taxable","15":"shipping-taxable","16":"purchasable","17":"product-type-simple"},"_links":{"self":[{"href":"https:\/\/pizbube.ch\/en\/wp-json\/wp\/v2\/product\/152096","targetHints":{"allow":["GET"]}}],"collection":[{"href":"https:\/\/pizbube.ch\/en\/wp-json\/wp\/v2\/product"}],"about":[{"href":"https:\/\/pizbube.ch\/en\/wp-json\/wp\/v2\/types\/product"}],"wp:featuredmedia":[{"embeddable":true,"href":"https:\/\/pizbube.ch\/en\/wp-json\/wp\/v2\/media\/33395"}],"wp:attachment":[{"href":"https:\/\/pizbube.ch\/en\/wp-json\/wp\/v2\/media?parent=152096"}],"wp:term":[{"taxonomy":"product_brand","embeddable":true,"href":"https:\/\/pizbube.ch\/en\/wp-json\/wp\/v2\/product_brand?post=152096"},{"taxonomy":"product_cat","embeddable":true,"href":"https:\/\/pizbube.ch\/en\/wp-json\/wp\/v2\/product_cat?post=152096"},{"taxonomy":"product_tag","embeddable":true,"href":"https:\/\/pizbube.ch\/en\/wp-json\/wp\/v2\/product_tag?post=152096"}],"curies":[{"name":"wp","href":"https:\/\/api.w.org\/{rel}","templated":true}]}}