{"id":152097,"date":"2021-01-15T12:03:08","date_gmt":"2021-01-15T12:03:08","guid":{"rendered":"https:\/\/codengine3.ch\/?product=import-placeholder-for-204919"},"modified":"2021-01-15T14:37:17","modified_gmt":"2021-01-15T14:37:17","slug":"hexen-und-exen","status":"publish","type":"product","link":"https:\/\/pizbube.ch\/en\/shop\/hexen-und-exen\/","title":{"rendered":"Hexen und Exen"},"content":{"rendered":"<p>Ein Kletterlehrbuch der Extraklasse: Sichern, Klettern, Ablassen und Abseilen.<br \/>\nAlles, was man daf\u00fcr braucht, wie man es richtig anwendet sowie Tricks und<br \/>\nTipps f\u00fcr schwierige Situationen findet Ihr in diesem Buch. Dazu Infos und<br \/>\nGer\u00e4te zum Erstbegehen, f\u00fcr Big Walls und Industrieklettern. Alles kompakt und<br \/>\nschl\u00fcssig erkl\u00e4rt.<br \/>\nSpecial: Slackline und Seilbahn  <\/p>\n<p>Neben den Sicherungsger\u00e4ten und der Vielzahl der Karabinertypen wird<br \/>\nbesonderen Wert auf Klemmkeile, Friends und Spezialger\u00e4te sowie deren<br \/>\npraktischer Anwendung im Fels gelegt. Bisher unver\u00f6ffentliche technische<br \/>\nDetails machen das Buch zur Wissens-Fundgrube f\u00fcr jeden, der etwas mehr \u00fcber<br \/>\nseine Ausr\u00fcstung erfahren will.<\/p>\n<p>Die Beschreibung von Gefahrenquellen und tats\u00e4chlich passierten Unf\u00e4llen<br \/>\nhelfen, Schw\u00e4chen der Ger\u00e4te zu erkennen und Fehlbedienungen zu vermeiden. In<br \/>\nden Kapiteln f\u00fcr Profis wird die Ausr\u00fcstung f\u00fcr Erstbegehungen, Big-Walls,<br \/>\nIndustrieklettern, Slackline, Seilbahn und Br\u00fcckenspringen beschrieben und<br \/>\nderen Anwendung detailiert in Fotos und Grafiken dargestellt.<br \/>\n2. erweiterte und \u00fcberarbeitete Auflage  <\/p>","protected":false},"excerpt":{"rendered":"<p>Ein Kletterlehrbuch der Extraklasse: Sichern, Klettern, Ablassen und Abseilen. Alles, was man daf\u00fcr braucht, wie man es richtig anwendet sowie Tricks und Tipps f\u00fcr schwierige Situationen findet Ihr in diesem Buch. Dazu Infos und Ger\u00e4te zum Erstbegehen, f\u00fcr Big Walls und Industrieklettern. Alles kompakt und schl\u00fcssig erkl\u00e4rt. Special: Slackline und Seilbahn Neben den Sicherungsger\u00e4ten und [&#8230;]\n","protected":false},"featured_media":33468,"template":"","meta":[],"product_brand":[],"product_cat":[21538],"product_tag":[],"class_list":{"0":"post-152097","1":"product","2":"type-product","3":"status-publish","4":"has-post-thumbnail","6":"product_cat-lehrbuecher","7":"pa_autor-krug","8":"pa_erscheinungsjahr-21610","9":"pa_region-klettertechnik","10":"pa_sprache-de","12":"first","13":"instock","14":"taxable","15":"shipping-taxable","16":"purchasable","17":"product-type-simple"},"_links":{"self":[{"href":"https:\/\/pizbube.ch\/en\/wp-json\/wp\/v2\/product\/152097","targetHints":{"allow":["GET"]}}],"collection":[{"href":"https:\/\/pizbube.ch\/en\/wp-json\/wp\/v2\/product"}],"about":[{"href":"https:\/\/pizbube.ch\/en\/wp-json\/wp\/v2\/types\/product"}],"wp:featuredmedia":[{"embeddable":true,"href":"https:\/\/pizbube.ch\/en\/wp-json\/wp\/v2\/media\/33468"}],"wp:attachment":[{"href":"https:\/\/pizbube.ch\/en\/wp-json\/wp\/v2\/media?parent=152097"}],"wp:term":[{"taxonomy":"product_brand","embeddable":true,"href":"https:\/\/pizbube.ch\/en\/wp-json\/wp\/v2\/product_brand?post=152097"},{"taxonomy":"product_cat","embeddable":true,"href":"https:\/\/pizbube.ch\/en\/wp-json\/wp\/v2\/product_cat?post=152097"},{"taxonomy":"product_tag","embeddable":true,"href":"https:\/\/pizbube.ch\/en\/wp-json\/wp\/v2\/product_tag?post=152097"}],"curies":[{"name":"wp","href":"https:\/\/api.w.org\/{rel}","templated":true}]}}