{"id":152100,"date":"2021-01-15T12:03:08","date_gmt":"2021-01-15T12:03:08","guid":{"rendered":"https:\/\/codengine3.ch\/?product=import-placeholder-for-205704"},"modified":"2021-01-15T14:43:15","modified_gmt":"2021-01-15T14:43:15","slug":"equipement-des-sites-naturels-descalade","status":"publish","type":"product","link":"https:\/\/pizbube.ch\/en\/shop\/equipement-des-sites-naturels-descalade\/","title":{"rendered":"Equipement des Sites Naturels d&#8217;Escalade"},"content":{"rendered":"<p>Les cahiers techniques de la FFME  <\/p>\n<p>Depuis plus de trente ans, le sites d&#8217;escalade fran\u00e7ais attirent les grimpeurs<br \/>\ndu monde entier. L&#8217;\u00e9quipement &#8218;\u00e0 la Fran\u00e7aise&#8216; pour les sites sportifs, a fait<br \/>\n\u00e9cole partout en Europe et plus loin encore.  <\/p>\n<p>En savoir plus en mati\u00e8re de classement de sites, de normes d&#8217;\u00e9quipement, de<br \/>\nm\u00e9thodes et de mat\u00e9riaux devient aujourd&#8217;hui un imp\u00e9ratif pour l&#8217;amateur<br \/>\n\u00e9clair\u00e9 comme pour le professionnel. Cet ouvrage r\u00e9nov\u00e9, prolonge les<br \/>\ninformations actualis\u00e9es disponibles sur le site web www.ffme.fr. Il \u00e9claire<br \/>\nle passionn\u00e9 d&#8217;\u00e9quipement et apportera un grand nombre de r\u00e9ponses aux<br \/>\ngestionnaires de sites, aux comit\u00e9 de la FFME et aux grimpeurs de toutes<br \/>\norigines.<br \/>\n181 pages couleurs  <\/p>","protected":false},"excerpt":{"rendered":"<p>Les cahiers techniques de la FFME Depuis plus de trente ans, le sites d&#8217;escalade fran\u00e7ais attirent les grimpeurs du monde entier. L&#8217;\u00e9quipement &#8218;\u00e0 la Fran\u00e7aise&#8216; pour les sites sportifs, a fait \u00e9cole partout en Europe et plus loin encore. En savoir plus en mati\u00e8re de classement de sites, de normes d&#8217;\u00e9quipement, de m\u00e9thodes et de [&#8230;]\n","protected":false},"featured_media":34514,"template":"","meta":[],"product_brand":[],"product_cat":[21538],"product_tag":[],"class_list":{"0":"post-152100","1":"product","2":"type-product","3":"status-publish","4":"has-post-thumbnail","6":"product_cat-lehrbuecher","7":"pa_autor-ffme-troussier","8":"pa_erscheinungsjahr-21693","9":"pa_region-klettertechnik","10":"pa_sprache-fr","12":"first","13":"instock","14":"taxable","15":"shipping-taxable","16":"purchasable","17":"product-type-simple"},"_links":{"self":[{"href":"https:\/\/pizbube.ch\/en\/wp-json\/wp\/v2\/product\/152100","targetHints":{"allow":["GET"]}}],"collection":[{"href":"https:\/\/pizbube.ch\/en\/wp-json\/wp\/v2\/product"}],"about":[{"href":"https:\/\/pizbube.ch\/en\/wp-json\/wp\/v2\/types\/product"}],"wp:featuredmedia":[{"embeddable":true,"href":"https:\/\/pizbube.ch\/en\/wp-json\/wp\/v2\/media\/34514"}],"wp:attachment":[{"href":"https:\/\/pizbube.ch\/en\/wp-json\/wp\/v2\/media?parent=152100"}],"wp:term":[{"taxonomy":"product_brand","embeddable":true,"href":"https:\/\/pizbube.ch\/en\/wp-json\/wp\/v2\/product_brand?post=152100"},{"taxonomy":"product_cat","embeddable":true,"href":"https:\/\/pizbube.ch\/en\/wp-json\/wp\/v2\/product_cat?post=152100"},{"taxonomy":"product_tag","embeddable":true,"href":"https:\/\/pizbube.ch\/en\/wp-json\/wp\/v2\/product_tag?post=152100"}],"curies":[{"name":"wp","href":"https:\/\/api.w.org\/{rel}","templated":true}]}}