{"id":152110,"date":"2021-01-15T12:03:14","date_gmt":"2021-01-15T12:03:14","guid":{"rendered":"https:\/\/codengine3.ch\/?product=import-placeholder-for-204223"},"modified":"2021-01-15T14:31:03","modified_gmt":"2021-01-15T14:31:03","slug":"guia-de-los-andes-vol-2-patagonia-austral","status":"publish","type":"product","link":"https:\/\/pizbube.ch\/en\/shop\/guia-de-los-andes-vol-2-patagonia-austral\/","title":{"rendered":"Gu\u00eda de los Andes. Vol. 2. Patagonia Austral"},"content":{"rendered":"<p>Trekkings- Ascensiones: Gu\u00eda de la zona de la Patagonia Austral que nos<br \/>\npermitir\u00e1 familiarizarnos con la regi\u00f3n y su historia, a la vez que recorrerla<br \/>\ncon excursiones, circuitos y ascensiones a algunos de sus m\u00e1s importantes<br \/>\npicos. Hay muy pocas descripciones precisas de esta impresionante zona de las<br \/>\nTorres del Paine, esa es la raz\u00f3n de que los autores hayan decidido recorrerla<br \/>\nanotando los tiempos y cotas a una velocidad media, para despu\u00e9s confeccionar<br \/>\nlos recorridos que nos ofrecen en esta gu\u00eda. En la gu\u00eda encontraremos, a parte<br \/>\nde las indicaciones necesarias sobre material y salud, descripci\u00f3n del Parque<br \/>\nNatural de loa Glaciares, Parque Torres del Paine y regi\u00f3n de Punta Arenas, a<br \/>\nla vez que diferentes ascensiones y trekkings a su alrededor.<\/p>","protected":false},"excerpt":{"rendered":"<p>Trekkings- Ascensiones: Gu\u00eda de la zona de la Patagonia Austral que nos permitir\u00e1 familiarizarnos con la regi\u00f3n y su historia, a la vez que recorrerla con excursiones, circuitos y ascensiones a algunos de sus m\u00e1s importantes picos. Hay muy pocas descripciones precisas de esta impresionante zona de las Torres del Paine, esa es la raz\u00f3n [&#8230;]\n","protected":false},"featured_media":32014,"template":"","meta":[],"product_brand":[],"product_cat":[21605],"product_tag":[],"class_list":{"0":"post-152110","1":"product","2":"type-product","3":"status-publish","4":"has-post-thumbnail","6":"product_cat-wanderfuehrer-trekking","7":"pa_autor-tonner","8":"pa_erscheinungsjahr-22144","9":"pa_region-amerika-sued","10":"pa_sprache-sp","12":"first","13":"outofstock","14":"taxable","15":"shipping-taxable","16":"purchasable","17":"product-type-simple"},"_links":{"self":[{"href":"https:\/\/pizbube.ch\/en\/wp-json\/wp\/v2\/product\/152110","targetHints":{"allow":["GET"]}}],"collection":[{"href":"https:\/\/pizbube.ch\/en\/wp-json\/wp\/v2\/product"}],"about":[{"href":"https:\/\/pizbube.ch\/en\/wp-json\/wp\/v2\/types\/product"}],"wp:featuredmedia":[{"embeddable":true,"href":"https:\/\/pizbube.ch\/en\/wp-json\/wp\/v2\/media\/32014"}],"wp:attachment":[{"href":"https:\/\/pizbube.ch\/en\/wp-json\/wp\/v2\/media?parent=152110"}],"wp:term":[{"taxonomy":"product_brand","embeddable":true,"href":"https:\/\/pizbube.ch\/en\/wp-json\/wp\/v2\/product_brand?post=152110"},{"taxonomy":"product_cat","embeddable":true,"href":"https:\/\/pizbube.ch\/en\/wp-json\/wp\/v2\/product_cat?post=152110"},{"taxonomy":"product_tag","embeddable":true,"href":"https:\/\/pizbube.ch\/en\/wp-json\/wp\/v2\/product_tag?post=152110"}],"curies":[{"name":"wp","href":"https:\/\/api.w.org\/{rel}","templated":true}]}}