{"id":152115,"date":"2021-01-15T12:03:14","date_gmt":"2021-01-15T12:03:14","guid":{"rendered":"https:\/\/codengine3.ch\/?product=import-placeholder-for-204807"},"modified":"2021-01-15T14:36:26","modified_gmt":"2021-01-15T14:36:26","slug":"eiskletterfibel","status":"publish","type":"product","link":"https:\/\/pizbube.ch\/en\/shop\/eiskletterfibel\/","title":{"rendered":"eiskletterfibel"},"content":{"rendered":"<p>Eisklettern; Ausr\u00fcstung, Taktik, Psychologie  <\/p>\n<p>Diese Brosch\u00fcre verschafft sowohl Einsteigern, als auch ge\u00fcbten Kletterern<br \/>\neinen \u00dcberblick \u00fcber die Vorbereitung, das Material, die Kletter- und<br \/>\nSicherungstechnik.<br \/>\nWie sich Wetter und Temperatur auf die Eisbeschaffenheit auswirken, erfahren<br \/>\nSie ebenso, wie Tipps zur Taktik und zu psychologischen Aspekten. Exzellentes<br \/>\nBildmaterial rundet das Standardwerk ab.  <\/p>","protected":false},"excerpt":{"rendered":"<p>Eisklettern; Ausr\u00fcstung, Taktik, Psychologie Diese Brosch\u00fcre verschafft sowohl Einsteigern, als auch ge\u00fcbten Kletterern einen \u00dcberblick \u00fcber die Vorbereitung, das Material, die Kletter- und Sicherungstechnik. Wie sich Wetter und Temperatur auf die Eisbeschaffenheit auswirken, erfahren Sie ebenso, wie Tipps zur Taktik und zu psychologischen Aspekten. Exzellentes Bildmaterial rundet das Standardwerk ab.<\/p>","protected":false},"featured_media":33324,"template":"","meta":[],"product_brand":[],"product_cat":[21538],"product_tag":[],"class_list":{"0":"post-152115","1":"product","2":"type-product","3":"status-publish","4":"has-post-thumbnail","6":"product_cat-lehrbuecher","7":"pa_autor-oesterreichische-kuratorium-fuer-alpine-sicherheit","8":"pa_erscheinungsjahr-21763","9":"pa_region-alpin-winter","10":"pa_sprache-de","12":"first","13":"instock","14":"taxable","15":"shipping-taxable","16":"purchasable","17":"product-type-simple"},"_links":{"self":[{"href":"https:\/\/pizbube.ch\/en\/wp-json\/wp\/v2\/product\/152115","targetHints":{"allow":["GET"]}}],"collection":[{"href":"https:\/\/pizbube.ch\/en\/wp-json\/wp\/v2\/product"}],"about":[{"href":"https:\/\/pizbube.ch\/en\/wp-json\/wp\/v2\/types\/product"}],"wp:featuredmedia":[{"embeddable":true,"href":"https:\/\/pizbube.ch\/en\/wp-json\/wp\/v2\/media\/33324"}],"wp:attachment":[{"href":"https:\/\/pizbube.ch\/en\/wp-json\/wp\/v2\/media?parent=152115"}],"wp:term":[{"taxonomy":"product_brand","embeddable":true,"href":"https:\/\/pizbube.ch\/en\/wp-json\/wp\/v2\/product_brand?post=152115"},{"taxonomy":"product_cat","embeddable":true,"href":"https:\/\/pizbube.ch\/en\/wp-json\/wp\/v2\/product_cat?post=152115"},{"taxonomy":"product_tag","embeddable":true,"href":"https:\/\/pizbube.ch\/en\/wp-json\/wp\/v2\/product_tag?post=152115"}],"curies":[{"name":"wp","href":"https:\/\/api.w.org\/{rel}","templated":true}]}}