{"id":152116,"date":"2021-01-15T12:03:14","date_gmt":"2021-01-15T12:03:14","guid":{"rendered":"https:\/\/codengine3.ch\/?product=import-placeholder-for-203590"},"modified":"2021-01-15T14:24:44","modified_gmt":"2021-01-15T14:24:44","slug":"escalada-en-nieve-y-hielo","status":"publish","type":"product","link":"https:\/\/pizbube.ch\/en\/shop\/escalada-en-nieve-y-hielo\/","title":{"rendered":"Escalada en nieve y hielo"},"content":{"rendered":"<p>Quinta edici\u00f3n ampliada y actualizada en la que encontramos informaci\u00f3n sobre<br \/>\nmaterial, vestuario, medios de seguro, el equipo, la retirada, los accidentes<br \/>\ny peligros de alta monta\u00f1a, adem\u00e1s de \u00fatiles consejos sobre entrenamiento.<br \/>\nTambi\u00e9n incluye un cap\u00edtulo sobre historia de la escalada en hielo,<br \/>\nautoseguros, ascenso, autodetenci\u00f3n, descenso, utilizaci\u00f3n de nudos b\u00e1sicos,<br \/>\nanclajes en nieve, talla de pelda\u00f1os, uso de los crampones y el piolet, hielo<br \/>\nvertical, escalada en terreno mixto, graduaci\u00f3n de la dificultad. Adem\u00e1s de<br \/>\npeligros en alta monta\u00f1a, accidentes, entrenamiento y datos de inter\u00e9s sobre<br \/>\nd\u00f3nde escalar, gu\u00edas e informaci\u00f3n. En definitiva todo lo necesario para<br \/>\nempezar a escalar en hielo y nieve.<\/p>","protected":false},"excerpt":{"rendered":"<p>Quinta edici\u00f3n ampliada y actualizada en la que encontramos informaci\u00f3n sobre material, vestuario, medios de seguro, el equipo, la retirada, los accidentes y peligros de alta monta\u00f1a, adem\u00e1s de \u00fatiles consejos sobre entrenamiento. Tambi\u00e9n incluye un cap\u00edtulo sobre historia de la escalada en hielo, autoseguros, ascenso, autodetenci\u00f3n, descenso, utilizaci\u00f3n de nudos b\u00e1sicos, anclajes en nieve, [&#8230;]\n","protected":false},"featured_media":31233,"template":"","meta":[],"product_brand":[],"product_cat":[21538],"product_tag":[],"class_list":{"0":"post-152116","1":"product","2":"type-product","3":"status-publish","4":"has-post-thumbnail","6":"product_cat-lehrbuecher","7":"pa_autor-murcia","8":"pa_erscheinungsjahr-21920","9":"pa_region-alpin-winter","10":"pa_sprache-sp","12":"first","13":"instock","14":"taxable","15":"shipping-taxable","16":"purchasable","17":"product-type-simple"},"_links":{"self":[{"href":"https:\/\/pizbube.ch\/en\/wp-json\/wp\/v2\/product\/152116","targetHints":{"allow":["GET"]}}],"collection":[{"href":"https:\/\/pizbube.ch\/en\/wp-json\/wp\/v2\/product"}],"about":[{"href":"https:\/\/pizbube.ch\/en\/wp-json\/wp\/v2\/types\/product"}],"wp:featuredmedia":[{"embeddable":true,"href":"https:\/\/pizbube.ch\/en\/wp-json\/wp\/v2\/media\/31233"}],"wp:attachment":[{"href":"https:\/\/pizbube.ch\/en\/wp-json\/wp\/v2\/media?parent=152116"}],"wp:term":[{"taxonomy":"product_brand","embeddable":true,"href":"https:\/\/pizbube.ch\/en\/wp-json\/wp\/v2\/product_brand?post=152116"},{"taxonomy":"product_cat","embeddable":true,"href":"https:\/\/pizbube.ch\/en\/wp-json\/wp\/v2\/product_cat?post=152116"},{"taxonomy":"product_tag","embeddable":true,"href":"https:\/\/pizbube.ch\/en\/wp-json\/wp\/v2\/product_tag?post=152116"}],"curies":[{"name":"wp","href":"https:\/\/api.w.org\/{rel}","templated":true}]}}