{"id":152117,"date":"2021-01-15T12:03:14","date_gmt":"2021-01-15T12:03:14","guid":{"rendered":"https:\/\/codengine3.ch\/?product=import-placeholder-for-204058"},"modified":"2025-06-17T10:01:32","modified_gmt":"2025-06-17T08:01:32","slug":"best-of-keepwildclimbs-schweiz","status":"publish","type":"product","link":"https:\/\/pizbube.ch\/en\/shop\/best-of-keepwildclimbs-schweiz\/","title":{"rendered":"Best of &#8211; keepwild!climbs Schweiz"},"content":{"rendered":"<p>Auswahlkletterf\u00fchrer Schweiz f\u00fcr clean-climbing- Fans:<br \/>\nAlle enthaltenen Routen m\u00fcssen selber abgesichert werden!<\/p>\n<p>Sortiert schon mal die Klemmkeile und \u00f6lt eure friends; das Abenteuer beginnt vor der Haust\u00fcre! Die ausf\u00fchrlich und einf\u00fchlsam beschriebenen Routen finden sich in den Urgesteinsklettergebieten der Schweiz. In h\u00e4ufig frequentierten Regionen wie am Furkapass, am Sustenpass oder im Bergell, aber auch in abgelegenen und richtig alpinen Regionen wie dem Bietschtal oder dem Fieschertal.<\/p>\n<p>Eine F\u00fclle vierfarbiger Abbildungen und Einsch\u00fcbe mit Hintergrundinformation runden den Inhalt ab und machen das Buch zu einem ganz au\u00dfergew\u00f6hnlichen Kletterf\u00fchrer. 66 Routen zum Selbstabsichern in 18 Gebieten in den Schweizer Alpen: Schwierigkeit 4a &#8211; 6b.<\/p>\n<p>2. Auflage 2013, 368 Seiten,<br \/>\n120 x 185 mm, Softcover, komplett 4 Farbig<\/p>","protected":false},"excerpt":{"rendered":"<ul>\n<li><strong><a href=\"https:\/\/pizbube.ch\/wp-content\/uploads\/attachments\/a_028\/C1F22645B69C4D9F1CA0E75A7A788EFB.pdf\" target=\"_blank\" rel=\"noopener\">PDF: Keepwild Schweiz_Leseprobe<\/a><\/strong><\/li>\n<\/ul>","protected":false},"featured_media":157649,"template":"","meta":[],"product_brand":[],"product_cat":[21539],"product_tag":[],"class_list":{"0":"post-152117","1":"product","2":"type-product","3":"status-publish","4":"has-post-thumbnail","6":"product_cat-fuehrerliteratur-sportklettern-bouldern","7":"pa_autor-silbernagel-blum","8":"pa_erscheinungsjahr-21568","9":"pa_region-schweiz","10":"pa_sprache-de","12":"first","13":"instock","14":"taxable","15":"shipping-taxable","16":"purchasable","17":"product-type-simple"},"_links":{"self":[{"href":"https:\/\/pizbube.ch\/en\/wp-json\/wp\/v2\/product\/152117","targetHints":{"allow":["GET"]}}],"collection":[{"href":"https:\/\/pizbube.ch\/en\/wp-json\/wp\/v2\/product"}],"about":[{"href":"https:\/\/pizbube.ch\/en\/wp-json\/wp\/v2\/types\/product"}],"wp:featuredmedia":[{"embeddable":true,"href":"https:\/\/pizbube.ch\/en\/wp-json\/wp\/v2\/media\/157649"}],"wp:attachment":[{"href":"https:\/\/pizbube.ch\/en\/wp-json\/wp\/v2\/media?parent=152117"}],"wp:term":[{"taxonomy":"product_brand","embeddable":true,"href":"https:\/\/pizbube.ch\/en\/wp-json\/wp\/v2\/product_brand?post=152117"},{"taxonomy":"product_cat","embeddable":true,"href":"https:\/\/pizbube.ch\/en\/wp-json\/wp\/v2\/product_cat?post=152117"},{"taxonomy":"product_tag","embeddable":true,"href":"https:\/\/pizbube.ch\/en\/wp-json\/wp\/v2\/product_tag?post=152117"}],"curies":[{"name":"wp","href":"https:\/\/api.w.org\/{rel}","templated":true}]}}