{"id":152118,"date":"2021-01-15T12:03:15","date_gmt":"2021-01-15T12:03:15","guid":{"rendered":"https:\/\/codengine3.ch\/?product=import-placeholder-for-201629"},"modified":"2021-01-15T12:03:18","modified_gmt":"2021-01-15T12:03:18","slug":"optimales-training","status":"publish","type":"product","link":"https:\/\/pizbube.ch\/en\/shop\/optimales-training\/","title":{"rendered":"Optimales Training"},"content":{"rendered":"<p>Leistungsphysiologische Trainingslehre unter besonderer Ber\u00fccksichtigung des<br \/>\nKinder- und Jugendtrainings. In diesem Buch werden verschiedene<br \/>\nTrainingsmethoden und -mittel aus sportmedizinischer und<br \/>\nleistungsphysiologischer Sicht dargestellt, wobei wissenschaftliche<br \/>\nErkenntnisse und praktische Erfahrungen ber\u00fccksichtigt wurden. Das Buch ist<br \/>\nvor allem dem Training der motorischen Hauptbeanspruchungsformen und einigen<br \/>\nausgew\u00e4hlten Faktoren der sportlichen Leistungsf\u00e4higkeit gewidmet und gibt<br \/>\nsowohl dem Spitzentrainer (-sportler) als auch dem Sportlehrer im Schulbereich<br \/>\neine F\u00fclle von Hinweisen, die eine Optimierung des sportlichen Trainings<br \/>\nerm\u00f6glichen.  <\/p>","protected":false},"excerpt":{"rendered":"<p>Leistungsphysiologische Trainingslehre unter besonderer Ber\u00fccksichtigung des Kinder- und Jugendtrainings. In diesem Buch werden verschiedene Trainingsmethoden und -mittel aus sportmedizinischer und leistungsphysiologischer Sicht dargestellt, wobei wissenschaftliche Erkenntnisse und praktische Erfahrungen ber\u00fccksichtigt wurden. Das Buch ist vor allem dem Training der motorischen Hauptbeanspruchungsformen und einigen ausgew\u00e4hlten Faktoren der sportlichen Leistungsf\u00e4higkeit gewidmet und gibt sowohl dem Spitzentrainer (-sportler) [&#8230;]\n","protected":false},"featured_media":29001,"template":"","meta":[],"product_brand":[],"product_cat":[21538],"product_tag":[],"class_list":{"0":"post-152118","1":"product","2":"type-product","3":"status-publish","4":"has-post-thumbnail","6":"product_cat-lehrbuecher","7":"pa_autor-weinecke","8":"pa_erscheinungsjahr-21830","9":"pa_region-klettertechnik","10":"pa_sprache-de","12":"first","13":"instock","14":"taxable","15":"shipping-taxable","16":"purchasable","17":"product-type-simple"},"_links":{"self":[{"href":"https:\/\/pizbube.ch\/en\/wp-json\/wp\/v2\/product\/152118","targetHints":{"allow":["GET"]}}],"collection":[{"href":"https:\/\/pizbube.ch\/en\/wp-json\/wp\/v2\/product"}],"about":[{"href":"https:\/\/pizbube.ch\/en\/wp-json\/wp\/v2\/types\/product"}],"wp:featuredmedia":[{"embeddable":true,"href":"https:\/\/pizbube.ch\/en\/wp-json\/wp\/v2\/media\/29001"}],"wp:attachment":[{"href":"https:\/\/pizbube.ch\/en\/wp-json\/wp\/v2\/media?parent=152118"}],"wp:term":[{"taxonomy":"product_brand","embeddable":true,"href":"https:\/\/pizbube.ch\/en\/wp-json\/wp\/v2\/product_brand?post=152118"},{"taxonomy":"product_cat","embeddable":true,"href":"https:\/\/pizbube.ch\/en\/wp-json\/wp\/v2\/product_cat?post=152118"},{"taxonomy":"product_tag","embeddable":true,"href":"https:\/\/pizbube.ch\/en\/wp-json\/wp\/v2\/product_tag?post=152118"}],"curies":[{"name":"wp","href":"https:\/\/api.w.org\/{rel}","templated":true}]}}