{"id":152119,"date":"2021-01-15T12:03:15","date_gmt":"2021-01-15T12:03:15","guid":{"rendered":"https:\/\/codengine3.ch\/?product=import-placeholder-for-208581"},"modified":"2024-07-27T14:37:56","modified_gmt":"2024-07-27T12:37:56","slug":"alpiner-hochleistungstest-1969-dvd","status":"publish","type":"product","link":"https:\/\/pizbube.ch\/en\/shop\/alpiner-hochleistungstest-1969-dvd\/","title":{"rendered":"Alpiner Hochleistungstest 1969 &#8211; DVD"},"content":{"rendered":"<p>DVD-Projekt Medizinischer Hochleistungstest 1969 unter dem Patronat der Schweizerischen Stiftung f\u00fcr Alpine Forschung Dokumentarfilm &amp; Diashow auf einer DVD (Autor: Ruedi Homberger) \u00fcber einen h\u00f6henmedizinischen Leistungstest im Junfraumassiv (Berner Oberland)<\/p>\n<p>Der Film \u201eHochleistungstest\u201c war 1969 im Zusammenhang mit der winterlichen \u00dcberschreitung hochalpiner Gipfel im Berner Oberland von Ruedi Homberger (als Kameramann) aufgenommen worden. Mit diesem alpinistischen Test unter der Leitung von Dr. Georges Hartmann sollten medizinische Daten \u00fcber die M\u00f6glichkeiten und Grenzen alpinsportlicher Extremleistungen gesammelt und ausgewertet werden. Die 15 Tage dauernde alpinistische Unternehmung stand unter dem Patronat der SSAF.<\/p>\n<p>Im Mai 2007 gelangte die Witwe des Expeditionsleiters, Frau Dr. Serena Hartmann, mit dem Vorschlag an die SSAF, den Originalfilm in eine DVD-Version umzugestalten.<\/p>","protected":false},"excerpt":{"rendered":"<p>DVD-Projekt Medizinischer Hochleistungstest 1969 unter dem Patronat der Schweizerischen Stiftung f\u00fcr Alpine Forschung Dokumentarfilm &amp; Diashow auf einer DVD (Autor: Ruedi Homberger) \u00fcber einen h\u00f6henmedizinischen Leistungstest im Junfraumassiv (Berner Oberland) Der Film \u201eHochleistungstest\u201c war 1969 im Zusammenhang mit der winterlichen \u00dcberschreitung hochalpiner Gipfel im Berner Oberland von Ruedi Homberger (als Kameramann) aufgenommen worden. Mit diesem [&#8230;]\n","protected":false},"featured_media":174109,"template":"","meta":[],"product_brand":[],"product_cat":[21628],"product_tag":[],"class_list":{"0":"post-152119","1":"product","2":"type-product","3":"status-publish","4":"has-post-thumbnail","6":"product_cat-video-dvd-multimedia","7":"pa_autor-homberger","8":"pa_erscheinungsjahr-1969-2007","9":"pa_region-schweiz","10":"pa_sprache-de","12":"first","13":"instock","14":"taxable","15":"shipping-taxable","16":"purchasable","17":"product-type-simple"},"_links":{"self":[{"href":"https:\/\/pizbube.ch\/en\/wp-json\/wp\/v2\/product\/152119","targetHints":{"allow":["GET"]}}],"collection":[{"href":"https:\/\/pizbube.ch\/en\/wp-json\/wp\/v2\/product"}],"about":[{"href":"https:\/\/pizbube.ch\/en\/wp-json\/wp\/v2\/types\/product"}],"wp:featuredmedia":[{"embeddable":true,"href":"https:\/\/pizbube.ch\/en\/wp-json\/wp\/v2\/media\/174109"}],"wp:attachment":[{"href":"https:\/\/pizbube.ch\/en\/wp-json\/wp\/v2\/media?parent=152119"}],"wp:term":[{"taxonomy":"product_brand","embeddable":true,"href":"https:\/\/pizbube.ch\/en\/wp-json\/wp\/v2\/product_brand?post=152119"},{"taxonomy":"product_cat","embeddable":true,"href":"https:\/\/pizbube.ch\/en\/wp-json\/wp\/v2\/product_cat?post=152119"},{"taxonomy":"product_tag","embeddable":true,"href":"https:\/\/pizbube.ch\/en\/wp-json\/wp\/v2\/product_tag?post=152119"}],"curies":[{"name":"wp","href":"https:\/\/api.w.org\/{rel}","templated":true}]}}