{"id":152122,"date":"2021-01-15T12:03:15","date_gmt":"2021-01-15T12:03:15","guid":{"rendered":"https:\/\/codengine3.ch\/?product=import-placeholder-for-203987"},"modified":"2021-01-15T14:28:36","modified_gmt":"2021-01-15T14:28:36","slug":"himalayas-where-gods-and-man-meet","status":"publish","type":"product","link":"https:\/\/pizbube.ch\/en\/shop\/himalayas-where-gods-and-man-meet\/","title":{"rendered":"Himalayas &#8211; Where Gods and Man Meet"},"content":{"rendered":"<p>Poncar photographierte f\u00fcr diesen Bildband \u00fcber 20 Jahre die gesamte Himalaya-<br \/>\nRegion. Der vorliegende Bildband zeigt die Vielfalt an Gipfeln, Hochebenen und<br \/>\nT\u00e4lern und die Unterschiedlichkeit der Menschen. Aufgeklappt ergeben sich<br \/>\nBildformate von ann\u00e4hernd einem Meter. Ausgezeichnet mit dem Deutschen<br \/>\nFotobuchpreis 2005, Kategorie Fotobildb\u00e4nde.<\/p>","protected":false},"excerpt":{"rendered":"<p>Poncar photographierte f\u00fcr diesen Bildband \u00fcber 20 Jahre die gesamte Himalaya- Region. Der vorliegende Bildband zeigt die Vielfalt an Gipfeln, Hochebenen und T\u00e4lern und die Unterschiedlichkeit der Menschen. Aufgeklappt ergeben sich Bildformate von ann\u00e4hernd einem Meter. Ausgezeichnet mit dem Deutschen Fotobuchpreis 2005, Kategorie Fotobildb\u00e4nde.<\/p>","protected":false},"featured_media":31716,"template":"","meta":[],"product_brand":[],"product_cat":[21580],"product_tag":[],"class_list":{"0":"post-152122","1":"product","2":"type-product","3":"status-publish","4":"has-post-thumbnail","6":"product_cat-kunst-kultur","7":"pa_autor-poncar","8":"pa_erscheinungsjahr-21776","9":"pa_region-asien","10":"pa_sprache-d","11":"pa_sprache-e","13":"first","14":"outofstock","15":"taxable","16":"shipping-taxable","17":"purchasable","18":"product-type-simple"},"_links":{"self":[{"href":"https:\/\/pizbube.ch\/en\/wp-json\/wp\/v2\/product\/152122","targetHints":{"allow":["GET"]}}],"collection":[{"href":"https:\/\/pizbube.ch\/en\/wp-json\/wp\/v2\/product"}],"about":[{"href":"https:\/\/pizbube.ch\/en\/wp-json\/wp\/v2\/types\/product"}],"wp:featuredmedia":[{"embeddable":true,"href":"https:\/\/pizbube.ch\/en\/wp-json\/wp\/v2\/media\/31716"}],"wp:attachment":[{"href":"https:\/\/pizbube.ch\/en\/wp-json\/wp\/v2\/media?parent=152122"}],"wp:term":[{"taxonomy":"product_brand","embeddable":true,"href":"https:\/\/pizbube.ch\/en\/wp-json\/wp\/v2\/product_brand?post=152122"},{"taxonomy":"product_cat","embeddable":true,"href":"https:\/\/pizbube.ch\/en\/wp-json\/wp\/v2\/product_cat?post=152122"},{"taxonomy":"product_tag","embeddable":true,"href":"https:\/\/pizbube.ch\/en\/wp-json\/wp\/v2\/product_tag?post=152122"}],"curies":[{"name":"wp","href":"https:\/\/api.w.org\/{rel}","templated":true}]}}