{"id":152126,"date":"2021-01-15T12:03:15","date_gmt":"2021-01-15T12:03:15","guid":{"rendered":"https:\/\/codengine3.ch\/?product=import-placeholder-for-203746"},"modified":"2021-01-15T14:26:12","modified_gmt":"2021-01-15T14:26:12","slug":"boarder-land-tirol","status":"publish","type":"product","link":"https:\/\/pizbube.ch\/en\/shop\/boarder-land-tirol\/","title":{"rendered":"boarder.land.tirol"},"content":{"rendered":"<p>szene &#8211; touren &#8211; sicherheit<br \/>\nDas Buch \u00fcber das Lebensgef\u00fchl Snowboard in Tirol: Die Boarder-Szene in Tirol,<br \/>\nalle wichtigen Infos \u00fcber Ausr\u00fcstung und Sicherheit im Backcountry, Tipps zur<br \/>\nAusr\u00fcstung, 11 Tourenrouten f\u00fcr Freeridefreaks und Profitipps f\u00fcr Einsteiger.<br \/>\nPiste, Park, Pipe und Backcountry.<\/p>","protected":false},"excerpt":{"rendered":"<p>szene &#8211; touren &#8211; sicherheit Das Buch \u00fcber das Lebensgef\u00fchl Snowboard in Tirol: Die Boarder-Szene in Tirol, alle wichtigen Infos \u00fcber Ausr\u00fcstung und Sicherheit im Backcountry, Tipps zur Ausr\u00fcstung, 11 Tourenrouten f\u00fcr Freeridefreaks und Profitipps f\u00fcr Einsteiger. Piste, Park, Pipe und Backcountry.<\/p>","protected":false},"featured_media":31420,"template":"","meta":[],"product_brand":[],"product_cat":[21542],"product_tag":[],"class_list":{"0":"post-152126","1":"product","2":"type-product","3":"status-publish","4":"has-post-thumbnail","6":"product_cat-sachbuecher-dokumentationen","7":"pa_autor-kreutz-schantl","8":"pa_erscheinungsjahr-22292","9":"pa_region-oesterreich","10":"pa_sprache-de","12":"first","13":"instock","14":"taxable","15":"shipping-taxable","16":"purchasable","17":"product-type-simple"},"_links":{"self":[{"href":"https:\/\/pizbube.ch\/en\/wp-json\/wp\/v2\/product\/152126","targetHints":{"allow":["GET"]}}],"collection":[{"href":"https:\/\/pizbube.ch\/en\/wp-json\/wp\/v2\/product"}],"about":[{"href":"https:\/\/pizbube.ch\/en\/wp-json\/wp\/v2\/types\/product"}],"wp:featuredmedia":[{"embeddable":true,"href":"https:\/\/pizbube.ch\/en\/wp-json\/wp\/v2\/media\/31420"}],"wp:attachment":[{"href":"https:\/\/pizbube.ch\/en\/wp-json\/wp\/v2\/media?parent=152126"}],"wp:term":[{"taxonomy":"product_brand","embeddable":true,"href":"https:\/\/pizbube.ch\/en\/wp-json\/wp\/v2\/product_brand?post=152126"},{"taxonomy":"product_cat","embeddable":true,"href":"https:\/\/pizbube.ch\/en\/wp-json\/wp\/v2\/product_cat?post=152126"},{"taxonomy":"product_tag","embeddable":true,"href":"https:\/\/pizbube.ch\/en\/wp-json\/wp\/v2\/product_tag?post=152126"}],"curies":[{"name":"wp","href":"https:\/\/api.w.org\/{rel}","templated":true}]}}