{"id":152127,"date":"2021-01-15T12:03:15","date_gmt":"2021-01-15T12:03:15","guid":{"rendered":"https:\/\/codengine3.ch\/?product=import-placeholder-for-202464"},"modified":"2021-01-15T12:36:31","modified_gmt":"2021-01-15T12:36:31","slug":"free-ski","status":"publish","type":"product","link":"https:\/\/pizbube.ch\/en\/shop\/free-ski\/","title":{"rendered":"Free Ski"},"content":{"rendered":"<p>Das erste Buch, das die sportlichen Leistungen, das alpinistische K\u00f6nnen, aber<br \/>\nauch das Lebensgef\u00fchl und die Naturverbundenheit der &#8218;jungen Wilden&#8216; des<br \/>\nSkisports in Text und Bild aufzeigt . Die sensationellen Fotos werden erg\u00e4nzt<br \/>\ndurch Textbeitr\u00e4ge, die von Bergabenteuern erz\u00e4hlen und die fast grenzenlose<br \/>\nVielseitigkeit des Freeski- Sports zeigen.<br \/>\nFreeskiing &#8211; f\u00fcr diese junge und extreme Art des Skifahrens ist scheinbar kein<br \/>\nBerg zu hoch, keine Flanke zu steil. Dieser Sport ist jedoch nicht die<br \/>\nNeuerfindung des Skifahrens, es ist vielmehr die Verkn\u00fcpfung alter Werte und<br \/>\nTechniken mit High-Tech-Ausr\u00fcstung, einer modernen Lebens-einstellung und<br \/>\nk\u00f6rperlichen H\u00f6chstleistungen, h\u00e4ufig am Limit des M\u00f6glichen.<\/p>","protected":false},"excerpt":{"rendered":"<p>Das erste Buch, das die sportlichen Leistungen, das alpinistische K\u00f6nnen, aber auch das Lebensgef\u00fchl und die Naturverbundenheit der &#8218;jungen Wilden&#8216; des Skisports in Text und Bild aufzeigt . Die sensationellen Fotos werden erg\u00e4nzt durch Textbeitr\u00e4ge, die von Bergabenteuern erz\u00e4hlen und die fast grenzenlose Vielseitigkeit des Freeski- Sports zeigen. Freeskiing &#8211; f\u00fcr diese junge und extreme [&#8230;]\n","protected":false},"featured_media":29852,"template":"","meta":[],"product_brand":[],"product_cat":[21542],"product_tag":[],"class_list":{"0":"post-152127","1":"product","2":"type-product","3":"status-publish","4":"has-post-thumbnail","6":"product_cat-sachbuecher-dokumentationen","7":"pa_autor-kreuzeder","8":"pa_erscheinungsjahr-22242","9":"pa_region-deutschland","10":"pa_sprache-de","12":"first","13":"instock","14":"taxable","15":"shipping-taxable","16":"purchasable","17":"product-type-simple"},"_links":{"self":[{"href":"https:\/\/pizbube.ch\/en\/wp-json\/wp\/v2\/product\/152127","targetHints":{"allow":["GET"]}}],"collection":[{"href":"https:\/\/pizbube.ch\/en\/wp-json\/wp\/v2\/product"}],"about":[{"href":"https:\/\/pizbube.ch\/en\/wp-json\/wp\/v2\/types\/product"}],"wp:featuredmedia":[{"embeddable":true,"href":"https:\/\/pizbube.ch\/en\/wp-json\/wp\/v2\/media\/29852"}],"wp:attachment":[{"href":"https:\/\/pizbube.ch\/en\/wp-json\/wp\/v2\/media?parent=152127"}],"wp:term":[{"taxonomy":"product_brand","embeddable":true,"href":"https:\/\/pizbube.ch\/en\/wp-json\/wp\/v2\/product_brand?post=152127"},{"taxonomy":"product_cat","embeddable":true,"href":"https:\/\/pizbube.ch\/en\/wp-json\/wp\/v2\/product_cat?post=152127"},{"taxonomy":"product_tag","embeddable":true,"href":"https:\/\/pizbube.ch\/en\/wp-json\/wp\/v2\/product_tag?post=152127"}],"curies":[{"name":"wp","href":"https:\/\/api.w.org\/{rel}","templated":true}]}}