{"id":152128,"date":"2021-01-15T12:03:16","date_gmt":"2021-01-15T12:03:16","guid":{"rendered":"https:\/\/codengine3.ch\/?product=import-placeholder-for-202557"},"modified":"2021-01-15T12:37:20","modified_gmt":"2021-01-15T12:37:20","slug":"snowboard-les-plus-beaux-hors-pistes","status":"publish","type":"product","link":"https:\/\/pizbube.ch\/en\/shop\/snowboard-les-plus-beaux-hors-pistes\/","title":{"rendered":"snowboard, les plus beaux hors- pistes"},"content":{"rendered":"<p>une quarantaine de hors- pistes favoris dans les grands stations des Alpes, de<br \/>\nCahmonix \u00e0 La Grave, de la Savoie \u00e0 une incursion en Suisse et en Italie.<br \/>\nInfos, photos, descriptions des itin\u00e9raires.<\/p>","protected":false},"excerpt":{"rendered":"<p>une quarantaine de hors- pistes favoris dans les grands stations des Alpes, de Cahmonix \u00e0 La Grave, de la Savoie \u00e0 une incursion en Suisse et en Italie. Infos, photos, descriptions des itin\u00e9raires.<\/p>","protected":false},"featured_media":29960,"template":"","meta":[],"product_brand":[],"product_cat":[21540],"product_tag":[],"class_list":{"0":"post-152128","1":"product","2":"type-product","3":"status-publish","4":"has-post-thumbnail","6":"product_cat-fuehrerliteratur-alpin-winter","7":"pa_autor-nerva","8":"pa_erscheinungsjahr-22242","9":"pa_region-frankreich","10":"pa_sprache-fr","12":"first","13":"instock","14":"taxable","15":"shipping-taxable","16":"purchasable","17":"product-type-simple"},"_links":{"self":[{"href":"https:\/\/pizbube.ch\/en\/wp-json\/wp\/v2\/product\/152128","targetHints":{"allow":["GET"]}}],"collection":[{"href":"https:\/\/pizbube.ch\/en\/wp-json\/wp\/v2\/product"}],"about":[{"href":"https:\/\/pizbube.ch\/en\/wp-json\/wp\/v2\/types\/product"}],"wp:featuredmedia":[{"embeddable":true,"href":"https:\/\/pizbube.ch\/en\/wp-json\/wp\/v2\/media\/29960"}],"wp:attachment":[{"href":"https:\/\/pizbube.ch\/en\/wp-json\/wp\/v2\/media?parent=152128"}],"wp:term":[{"taxonomy":"product_brand","embeddable":true,"href":"https:\/\/pizbube.ch\/en\/wp-json\/wp\/v2\/product_brand?post=152128"},{"taxonomy":"product_cat","embeddable":true,"href":"https:\/\/pizbube.ch\/en\/wp-json\/wp\/v2\/product_cat?post=152128"},{"taxonomy":"product_tag","embeddable":true,"href":"https:\/\/pizbube.ch\/en\/wp-json\/wp\/v2\/product_tag?post=152128"}],"curies":[{"name":"wp","href":"https:\/\/api.w.org\/{rel}","templated":true}]}}