{"id":152132,"date":"2021-01-15T12:03:16","date_gmt":"2021-01-15T12:03:16","guid":{"rendered":"https:\/\/codengine3.ch\/?product=import-placeholder-for-205334"},"modified":"2021-01-15T14:40:27","modified_gmt":"2021-01-15T14:40:27","slug":"arusha-mt-meru-national-park-tanzania-1-50-000","status":"publish","type":"product","link":"https:\/\/pizbube.ch\/en\/shop\/arusha-mt-meru-national-park-tanzania-1-50-000\/","title":{"rendered":"Arusha &#038; Mt. Meru National Park Tanzania 1: 50 000"},"content":{"rendered":"<p>Die Karte hat den Ma\u00dfstab 1 : 50 000 und stellt detailliert das gesamte<br \/>\nNationalparkgebiet dar. Au\u00dferdem enth\u00e4lt die Karte einen Stadtplan von Arusha,<br \/>\neine Schummerung zur besseren Gel\u00e4nde\u00fcbersicht und diverse Symbole f\u00fcr<br \/>\nSehensw\u00fcrdigkeiten etc. Die Aufstiegsrouten auf den Mount Meru sind GPS-<br \/>\ngepr\u00fcft. Die Legende ist viersprachig: Englisch, Deutsch, Franz\u00f6sisch und<br \/>\nKisuaheli.  <\/p>\n<p>Detailed topographic map of entire National park at 1:50,000 includes Mt Meru<br \/>\nclimbing routes, contours, coloured elevation layers, hillshading.<br \/>\nCity map of Arusha 1:20,000<br \/>\nTable of Meru climbing routes with distance, climbing time, elevation  <\/p>\n<p>English, german, french, kisuaheli  <\/p>","protected":false},"excerpt":{"rendered":"<p>Die Karte hat den Ma\u00dfstab 1 : 50 000 und stellt detailliert das gesamte Nationalparkgebiet dar. Au\u00dferdem enth\u00e4lt die Karte einen Stadtplan von Arusha, eine Schummerung zur besseren Gel\u00e4nde\u00fcbersicht und diverse Symbole f\u00fcr Sehensw\u00fcrdigkeiten etc. Die Aufstiegsrouten auf den Mount Meru sind GPS- gepr\u00fcft. Die Legende ist viersprachig: Englisch, Deutsch, Franz\u00f6sisch und Kisuaheli. Detailed topographic [&#8230;]\n","protected":false},"featured_media":34006,"template":"","meta":[],"product_brand":[],"product_cat":[21543],"product_tag":[],"class_list":{"0":"post-152132","1":"product","2":"type-product","3":"status-publish","4":"has-post-thumbnail","6":"product_cat-landkarten","7":"pa_autor-harms","8":"pa_erscheinungsjahr-21842","9":"pa_region-afrika","10":"pa_sprache-d","11":"pa_sprache-e","12":"pa_sprache-f","14":"first","15":"instock","16":"taxable","17":"shipping-taxable","18":"purchasable","19":"product-type-simple"},"_links":{"self":[{"href":"https:\/\/pizbube.ch\/en\/wp-json\/wp\/v2\/product\/152132","targetHints":{"allow":["GET"]}}],"collection":[{"href":"https:\/\/pizbube.ch\/en\/wp-json\/wp\/v2\/product"}],"about":[{"href":"https:\/\/pizbube.ch\/en\/wp-json\/wp\/v2\/types\/product"}],"wp:featuredmedia":[{"embeddable":true,"href":"https:\/\/pizbube.ch\/en\/wp-json\/wp\/v2\/media\/34006"}],"wp:attachment":[{"href":"https:\/\/pizbube.ch\/en\/wp-json\/wp\/v2\/media?parent=152132"}],"wp:term":[{"taxonomy":"product_brand","embeddable":true,"href":"https:\/\/pizbube.ch\/en\/wp-json\/wp\/v2\/product_brand?post=152132"},{"taxonomy":"product_cat","embeddable":true,"href":"https:\/\/pizbube.ch\/en\/wp-json\/wp\/v2\/product_cat?post=152132"},{"taxonomy":"product_tag","embeddable":true,"href":"https:\/\/pizbube.ch\/en\/wp-json\/wp\/v2\/product_tag?post=152132"}],"curies":[{"name":"wp","href":"https:\/\/api.w.org\/{rel}","templated":true}]}}