{"id":152134,"date":"2021-01-15T12:03:16","date_gmt":"2021-01-15T12:03:16","guid":{"rendered":"https:\/\/codengine3.ch\/?product=import-placeholder-for-202729"},"modified":"2021-01-15T12:38:49","modified_gmt":"2021-01-15T12:38:49","slug":"kilimanjaro-lesebuch","status":"publish","type":"product","link":"https:\/\/pizbube.ch\/en\/shop\/kilimanjaro-lesebuch\/","title":{"rendered":"Kilimanjaro Lesebuch"},"content":{"rendered":"<p>\nDippelreither sammelte Hintergrundinformationen f\u00fcr Bergbesteiger,<br \/>\nGeschichten, Histrorisches, Kurioses, Legenden und eigene Erlebnisse \u00fcber den<br \/>\nBerg und seine Menschen.  <\/p>\n<p>Wenn ein Berg mehrere Attribute der Superlative auf sich vereinen kann, dann<br \/>\ngibt es viel \u00fcber ihn zu erz\u00e4hlen. Aber \u00fcber den an Masse gr\u00f6\u00dften Berg der<br \/>\nWelt, den h\u00f6chsten Afrikas und zumindest einen der ber\u00fchmtesten und<br \/>\nbeliebtesten bei Trekkern gibt es noch viel mehr zu erz\u00e4hlen, als jemand<br \/>\nglauben m\u00f6chte. Der Kilimanjaro ist ein unersch\u00f6pfliches Fass voll Geschichte<br \/>\nund Geschichten und Reinhard Dippelreither, der den Berg schon mehrmals<br \/>\nbestiegen hat l\u00e4sst uns im vorliegenden Band einen tiefen Griff in sein<br \/>\nSchatzk\u00e4stlein zum Thema Kilimanjaro tun &#8211; kuriose Begebenheiten aus der<br \/>\nGeschichte der Entdeckung und Erforschung durch Europ\u00e4er; faszinierende<br \/>\nSchicksale, die mit dem Berg verbunden sind und \u00e4u\u00dferst skurile<br \/>\nwissenschaftliche Meinungen\/Aussagen\/Theorien aus 2 Jahrhunderten.  <\/p>\n<p>Breiter Raum wird auch den Bewohnern des Kilimanjaros &#8211; den Chaggas &#8211;<br \/>\ngewidmet. Ohne deren tatkr\u00e4ftige Unterst\u00fctzung und Hilfe w\u00e4re die Erforschung<br \/>\ndieses Berges nicht so unkompliziert verlaufen und auch die gegenw\u00e4rtige<br \/>\nBesteigung nicht so komfortabel m\u00f6glich. Ein pr\u00e4gnanter \u00f6kologischer Exkurs<br \/>\nregt nicht nur zum Nachdenken an, er offenbart erst so richtig die Gr\u00f6\u00dfe<br \/>\ndieses Berges. Eine Vorstellung von Sagen und Legenden zum Kilimanjaro der<br \/>\nrundum ans\u00e4ssigen V\u00f6lker sowie pers\u00f6nliche Reflexionen \u00fcber Erlebnisse des<br \/>\nAutors auf diesem grandiosen Berg runden den Inhalt des Buches ab.<\/p>\n<p>Der Band enth\u00e4lt nicht nur eine Reihe interessanter und aufregender<br \/>\nHintergrundinformationen, der Autor stellt auch immer wieder einen Bezug zur<br \/>\nPraxis der Besteigung (und deren Vorbereitung) her. Auf diese Art wird dem<br \/>\nWanderer ein tiefer Einblick in die Mystik des Berges und die Eigen- und<br \/>\nBesonderheiten von Tour Operators vor Ort, F\u00fchrern und Tr\u00e4gern erm\u00f6glicht.<br \/>\nDiese Fundgrube erg\u00e4nzt den oben angesprochenen &#8218;Outdoor-Band&#8216; aufs allerbeste<br \/>\nund stellt mit diesem gemeinsam ein Bergf\u00fchrer-Kompendium dar, welches weit<br \/>\n\u00fcber die handels\u00fcblichen Standards hinausreicht.  <\/p>\n<p>55 Abb. 4. \u00fcberarbeitete Auflg. 2017; 158 Seiten<\/p>","protected":false},"excerpt":{"rendered":"<ul>\n<li><a href=\"https:\/\/pizbube.ch\/wp-content\/uploads\/attachments\/a_027\/BC614DAEFA39D4AC1B28CA2929660B37.pdf\" target=\"_blank\" rel=\"noopener\">PDF: Leseprobe_Kilimanjaro_Lesebuch<\/a><\/li>\n<\/ul>","protected":false},"featured_media":30167,"template":"","meta":[],"product_brand":[],"product_cat":[21542],"product_tag":[],"class_list":{"0":"post-152134","1":"product","2":"type-product","3":"status-publish","4":"has-post-thumbnail","6":"product_cat-sachbuecher-dokumentationen","7":"pa_autor-dippelreither","8":"pa_erscheinungsjahr-21574","9":"pa_region-afrika","10":"pa_sprache-de","12":"first","13":"instock","14":"taxable","15":"shipping-taxable","16":"purchasable","17":"product-type-simple"},"_links":{"self":[{"href":"https:\/\/pizbube.ch\/en\/wp-json\/wp\/v2\/product\/152134","targetHints":{"allow":["GET"]}}],"collection":[{"href":"https:\/\/pizbube.ch\/en\/wp-json\/wp\/v2\/product"}],"about":[{"href":"https:\/\/pizbube.ch\/en\/wp-json\/wp\/v2\/types\/product"}],"wp:featuredmedia":[{"embeddable":true,"href":"https:\/\/pizbube.ch\/en\/wp-json\/wp\/v2\/media\/30167"}],"wp:attachment":[{"href":"https:\/\/pizbube.ch\/en\/wp-json\/wp\/v2\/media?parent=152134"}],"wp:term":[{"taxonomy":"product_brand","embeddable":true,"href":"https:\/\/pizbube.ch\/en\/wp-json\/wp\/v2\/product_brand?post=152134"},{"taxonomy":"product_cat","embeddable":true,"href":"https:\/\/pizbube.ch\/en\/wp-json\/wp\/v2\/product_cat?post=152134"},{"taxonomy":"product_tag","embeddable":true,"href":"https:\/\/pizbube.ch\/en\/wp-json\/wp\/v2\/product_tag?post=152134"}],"curies":[{"name":"wp","href":"https:\/\/api.w.org\/{rel}","templated":true}]}}