{"id":152135,"date":"2021-01-15T12:03:21","date_gmt":"2021-01-15T12:03:21","guid":{"rendered":"https:\/\/codengine3.ch\/?product=import-placeholder-for-206438"},"modified":"2021-01-15T14:48:56","modified_gmt":"2021-01-15T14:48:56","slug":"kilimandscharo-die-deutsche-geschichte-eines-afrikanischen-berges","status":"publish","type":"product","link":"https:\/\/pizbube.ch\/en\/shop\/kilimandscharo-die-deutsche-geschichte-eines-afrikanischen-berges\/","title":{"rendered":"Kilimandscharo &#8211; Die deutsche Geschichte eines afrikanischen Berges"},"content":{"rendered":"<p>Der Kilimandscharo &#8211; Mythos und Sehnsuchtsort: Christof Hamann und Alexander<br \/>\nHonold erz\u00e4hlen die faszinierende Biographie des &#8218;h\u00f6chsten deutschen Berges&#8216;.  <\/p>\n<p>Der Kilimandscharo ist aber auch ein Politikum: Noch Mitte des 19.<br \/>\nJahrhunderts stritt man in Europa dar\u00fcber, ob es m\u00f6glich sei, dass ein Berg so<br \/>\nweit im S\u00fcden Afrikas Schnee tragen k\u00f6nne. Deutsche Missionare hatten das<br \/>\nbehauptet, ein englischer Forscher sie als dumm verh\u00f6hnt. So beginnt die<br \/>\nInbesitznahme einer Region und der Wettkampf zwischen den europ\u00e4ischen<br \/>\nKolonisatoren. Am Ende wird das gesamte Gebiet vor\u00fcbergehend deutsche Kolonie,<br \/>\nder Kilimandscharo Deutschlands h\u00f6chster Gipfel. Und der Kilimandscharo ist<br \/>\nSehnsuchtsgegenstand: Abenteurer und Forscher versuchen im 19. Jahrhundert den<br \/>\nBerg zu vermessen, Flora und Fauna zu erkunden, Proben abzugreifen, zu<br \/>\nbeschreiben und schlie\u00dflich den Gipfel zu besteigen, was 1889 Hans Meyer, Sohn<br \/>\ndes Verlagsgr\u00fcnders Meyer (Konversationslexikon), gelang. Noch heute scheint<br \/>\ndie Sehnsucht ungebrochen: J\u00e4hrlich versuchen Tausende den Gipfel zu<br \/>\nbezwingen.  <\/p>","protected":false},"excerpt":{"rendered":"<p>Der Kilimandscharo &#8211; Mythos und Sehnsuchtsort: Christof Hamann und Alexander Honold erz\u00e4hlen die faszinierende Biographie des &#8218;h\u00f6chsten deutschen Berges&#8216;. Der Kilimandscharo ist aber auch ein Politikum: Noch Mitte des 19. Jahrhunderts stritt man in Europa dar\u00fcber, ob es m\u00f6glich sei, dass ein Berg so weit im S\u00fcden Afrikas Schnee tragen k\u00f6nne. Deutsche Missionare hatten das [&#8230;]\n","protected":false},"featured_media":35482,"template":"","meta":[],"product_brand":[],"product_cat":[21542],"product_tag":[],"class_list":{"0":"post-152135","1":"product","2":"type-product","3":"status-publish","4":"has-post-thumbnail","6":"product_cat-sachbuecher-dokumentationen","7":"pa_autor-hamann-honold","8":"pa_erscheinungsjahr-21610","9":"pa_region-afrika","10":"pa_sprache-de","12":"first","13":"instock","14":"taxable","15":"shipping-taxable","16":"purchasable","17":"product-type-simple"},"_links":{"self":[{"href":"https:\/\/pizbube.ch\/en\/wp-json\/wp\/v2\/product\/152135","targetHints":{"allow":["GET"]}}],"collection":[{"href":"https:\/\/pizbube.ch\/en\/wp-json\/wp\/v2\/product"}],"about":[{"href":"https:\/\/pizbube.ch\/en\/wp-json\/wp\/v2\/types\/product"}],"wp:featuredmedia":[{"embeddable":true,"href":"https:\/\/pizbube.ch\/en\/wp-json\/wp\/v2\/media\/35482"}],"wp:attachment":[{"href":"https:\/\/pizbube.ch\/en\/wp-json\/wp\/v2\/media?parent=152135"}],"wp:term":[{"taxonomy":"product_brand","embeddable":true,"href":"https:\/\/pizbube.ch\/en\/wp-json\/wp\/v2\/product_brand?post=152135"},{"taxonomy":"product_cat","embeddable":true,"href":"https:\/\/pizbube.ch\/en\/wp-json\/wp\/v2\/product_cat?post=152135"},{"taxonomy":"product_tag","embeddable":true,"href":"https:\/\/pizbube.ch\/en\/wp-json\/wp\/v2\/product_tag?post=152135"}],"curies":[{"name":"wp","href":"https:\/\/api.w.org\/{rel}","templated":true}]}}