{"id":152137,"date":"2021-01-15T12:03:21","date_gmt":"2021-01-15T12:03:21","guid":{"rendered":"https:\/\/codengine3.ch\/?product=import-placeholder-for-201640"},"modified":"2021-01-15T12:03:24","modified_gmt":"2021-01-15T12:03:24","slug":"karst-und-hoehlen-der-schweiz","status":"publish","type":"product","link":"https:\/\/pizbube.ch\/en\/shop\/karst-und-hoehlen-der-schweiz\/","title":{"rendered":"Karst und H\u00f6hlen der Schweiz"},"content":{"rendered":"<p>7&#8217;900 km 2 oder 19% der Landesfl\u00e4che der Schweiz sind Karstgebiete. Darin<br \/>\nliegen die meisten der bislang 7&#8217;500 bekannten H\u00f6hlen mit einer kumulierten<br \/>\nGangl\u00e4nge von 1&#8217;200 km. Das vorliegende &#8211; viersprachige ! &#8211; Buch gibt erstmals<br \/>\neinen umfassenden \u00dcberblick \u00fcber diese faszinierende unterirdische Welt. Nach<br \/>\neiner Einf\u00fchrung in die naturr\u00e4umlichen Grundlagen der Schweiz werden<br \/>\nverschiedene Aspekte der Karst- und H\u00f6hlenforschung und der Bedeutung von<br \/>\nH\u00f6hlen im heu-tigen zivilisatorischen Umfeld beleuchtet.<\/p>\n<p>Reich illustriert f\u00fchrt ein Streifzug durch die charakteristischen Vertreter<br \/>\nder Schweizer H\u00f6hlenwelt. Ein Glossar und eine Zeittafel zur Entwicklung der<br \/>\nH\u00f6h-lenforschung in der Schweiz runden das Werk ab.<br \/>\nReich illustriert, mit vielen Pl\u00e4nen und Informationen<\/p>\n<p>Karst and Caves of Switzerland<br \/>\n7,900 square kilometres, or 19% of the surface of Switzerland, is karst.<br \/>\nWithin this area lies the majority of the 7,500 currently known Swiss caves,<br \/>\nwith an accumulated passage length of more than 1,200 km. This multi-lingual<br \/>\nbook presents the first overview of this fascinating underground world. An<br \/>\nintroduction to the karst of Switzerland, in its natural context, is followed<br \/>\nby a discussion of the significance of karst, cave exploration and the impact<br \/>\nof caves on society. The many diverse aspects and characteristics of Swiss<br \/>\ncaves are presented and richly illustrated. A glossary and chronological<br \/>\nhistory of Swiss cave exploration completes the work.<\/p>","protected":false},"excerpt":{"rendered":"<p>7&#8217;900 km 2 oder 19% der Landesfl\u00e4che der Schweiz sind Karstgebiete. Darin liegen die meisten der bislang 7&#8217;500 bekannten H\u00f6hlen mit einer kumulierten Gangl\u00e4nge von 1&#8217;200 km. Das vorliegende &#8211; viersprachige ! &#8211; Buch gibt erstmals einen umfassenden \u00dcberblick \u00fcber diese faszinierende unterirdische Welt. Nach einer Einf\u00fchrung in die naturr\u00e4umlichen Grundlagen der Schweiz werden verschiedene [&#8230;]\n","protected":false},"featured_media":29013,"template":"","meta":[],"product_brand":[],"product_cat":[21542],"product_tag":[],"class_list":{"0":"post-152137","1":"product","2":"type-product","3":"status-publish","4":"has-post-thumbnail","6":"product_cat-sachbuecher-dokumentationen","7":"pa_autor-wilberger-preiswerk","8":"pa_erscheinungsjahr-22133","9":"pa_region-schweiz","10":"pa_sprache-d","11":"pa_sprache-e","12":"pa_sprache-f","13":"pa_sprache-i","15":"first","16":"instock","17":"taxable","18":"shipping-taxable","19":"purchasable","20":"product-type-simple"},"_links":{"self":[{"href":"https:\/\/pizbube.ch\/en\/wp-json\/wp\/v2\/product\/152137","targetHints":{"allow":["GET"]}}],"collection":[{"href":"https:\/\/pizbube.ch\/en\/wp-json\/wp\/v2\/product"}],"about":[{"href":"https:\/\/pizbube.ch\/en\/wp-json\/wp\/v2\/types\/product"}],"wp:featuredmedia":[{"embeddable":true,"href":"https:\/\/pizbube.ch\/en\/wp-json\/wp\/v2\/media\/29013"}],"wp:attachment":[{"href":"https:\/\/pizbube.ch\/en\/wp-json\/wp\/v2\/media?parent=152137"}],"wp:term":[{"taxonomy":"product_brand","embeddable":true,"href":"https:\/\/pizbube.ch\/en\/wp-json\/wp\/v2\/product_brand?post=152137"},{"taxonomy":"product_cat","embeddable":true,"href":"https:\/\/pizbube.ch\/en\/wp-json\/wp\/v2\/product_cat?post=152137"},{"taxonomy":"product_tag","embeddable":true,"href":"https:\/\/pizbube.ch\/en\/wp-json\/wp\/v2\/product_tag?post=152137"}],"curies":[{"name":"wp","href":"https:\/\/api.w.org\/{rel}","templated":true}]}}