{"id":152138,"date":"2021-01-15T12:03:21","date_gmt":"2021-01-15T12:03:21","guid":{"rendered":"https:\/\/codengine3.ch\/?product=import-placeholder-for-204007"},"modified":"2021-01-15T14:28:47","modified_gmt":"2021-01-15T14:28:47","slug":"hoehlen-praxistipps-fuer-einsteiger","status":"publish","type":"product","link":"https:\/\/pizbube.ch\/en\/shop\/hoehlen-praxistipps-fuer-einsteiger\/","title":{"rendered":"H\u00f6hlen Praxistipps f\u00fcr Einsteiger"},"content":{"rendered":"<p>Das Buch enth\u00e4lt Wissen f\u00fcr Anf\u00e4nger und Fortgeschrittene und ist f\u00fcr alle<br \/>\ngedacht, die gerne in H\u00f6hlen gehen. Zu Beginn werden grundlegendes Wissen \u00fcber<br \/>\nH\u00f6hlen und H\u00f6hlenschutz, sowie rechtliche Aspekte rund um H\u00f6hlen vermittelt,<br \/>\nbevor sich das Buch der Praxis zuwendet. Die richtige Planung von H\u00f6hlentouren<br \/>\nund die notwendige Ausr\u00fcstung werden detailliert beschrieben und f\u00fcr jedermann<br \/>\nverst\u00e4ndlich erkl\u00e4rt.<\/p>\n<p>Auch schwierigere H\u00f6hlenbefahrungen, wie etwa von Eish\u00f6hlen und Wasserh\u00f6hlen<br \/>\nwerden besprochen. Alle g\u00e4ngigen Befahrungstechniken werden praxisnah<br \/>\nerl\u00e4utert, wobei Seiltechnik, Schachtbefahrungen und Sicherheit in H\u00f6hlen<br \/>\neinen Schwerpunkt dieses Buches bilden.<\/p>\n<p>Ein eigenes Kapitel befasst sich mit Notf\u00e4llen unter Tage, H\u00f6hlenrettung und<br \/>\ndem praktischen Umgang mit Verletzten in H\u00f6hlen. H\u00f6hlenfotografie,<br \/>\nH\u00f6hlenvermessung und ein Einblick in das, was H\u00f6hlenforschung heute leistet,<br \/>\nrunden das Buch ab.<\/p>","protected":false},"excerpt":{"rendered":"<p>Das Buch enth\u00e4lt Wissen f\u00fcr Anf\u00e4nger und Fortgeschrittene und ist f\u00fcr alle gedacht, die gerne in H\u00f6hlen gehen. Zu Beginn werden grundlegendes Wissen \u00fcber H\u00f6hlen und H\u00f6hlenschutz, sowie rechtliche Aspekte rund um H\u00f6hlen vermittelt, bevor sich das Buch der Praxis zuwendet. Die richtige Planung von H\u00f6hlentouren und die notwendige Ausr\u00fcstung werden detailliert beschrieben und f\u00fcr [&#8230;]\n","protected":false},"featured_media":31738,"template":"","meta":[],"product_brand":[],"product_cat":[21538],"product_tag":[],"class_list":{"0":"post-152138","1":"product","2":"type-product","3":"status-publish","4":"has-post-thumbnail","6":"product_cat-lehrbuecher","7":"pa_autor-schneider","8":"pa_erscheinungsjahr-21763","9":"pa_region-fauna-flora-geologie-glaziologie","10":"pa_sprache-de","12":"first","13":"outofstock","14":"taxable","15":"shipping-taxable","16":"purchasable","17":"product-type-simple"},"_links":{"self":[{"href":"https:\/\/pizbube.ch\/en\/wp-json\/wp\/v2\/product\/152138","targetHints":{"allow":["GET"]}}],"collection":[{"href":"https:\/\/pizbube.ch\/en\/wp-json\/wp\/v2\/product"}],"about":[{"href":"https:\/\/pizbube.ch\/en\/wp-json\/wp\/v2\/types\/product"}],"wp:featuredmedia":[{"embeddable":true,"href":"https:\/\/pizbube.ch\/en\/wp-json\/wp\/v2\/media\/31738"}],"wp:attachment":[{"href":"https:\/\/pizbube.ch\/en\/wp-json\/wp\/v2\/media?parent=152138"}],"wp:term":[{"taxonomy":"product_brand","embeddable":true,"href":"https:\/\/pizbube.ch\/en\/wp-json\/wp\/v2\/product_brand?post=152138"},{"taxonomy":"product_cat","embeddable":true,"href":"https:\/\/pizbube.ch\/en\/wp-json\/wp\/v2\/product_cat?post=152138"},{"taxonomy":"product_tag","embeddable":true,"href":"https:\/\/pizbube.ch\/en\/wp-json\/wp\/v2\/product_tag?post=152138"}],"curies":[{"name":"wp","href":"https:\/\/api.w.org\/{rel}","templated":true}]}}