{"id":152139,"date":"2021-01-15T12:03:21","date_gmt":"2021-01-15T12:03:21","guid":{"rendered":"https:\/\/codengine3.ch\/?product=import-placeholder-for-205341"},"modified":"2021-01-15T14:40:29","modified_gmt":"2021-01-15T14:40:29","slug":"karstlandschaften-und-schauhoehlen-der-schweiz","status":"publish","type":"product","link":"https:\/\/pizbube.ch\/en\/shop\/karstlandschaften-und-schauhoehlen-der-schweiz\/","title":{"rendered":"Karstlandschaften und Schauh\u00f6hlen der Schweiz"},"content":{"rendered":"<p>Viele Karstlandschaften haben ihre wilde Urspr\u00fcnglichkeit bewahrt. Gerade die<br \/>\nhochgelegenen Karrenfelder mit dem nackten Karst, den offenen Sch\u00e4chten,<br \/>\nSpalten und H\u00f6hlen haben einen ganz besonderen Reiz. Da ist die Landschaft<br \/>\nnoch so, wie sie die Natur geschaffen hat. Nur Spezialisten unter den Pflanzen<br \/>\ntrotzen diesen extremen Bedingungen. H\u00f6hlensch\u00e4chte, die sich im Bodenlosen<br \/>\nverlieren, haben etwas Schauerliches. Aber haben Sie nicht auch schon in eine<br \/>\nH\u00f6hle hineingeschaut und mit dem Gedanken an eine Begehung gespielt?<br \/>\nSchauh\u00f6hlen bieten unter gesicherten Bedingungen dieses Abenteuergef\u00fchl.  <\/p>\n<p>Dieser Exkursionsf\u00fchrer ist nicht ein herk\u00f6mmlicher Routenf\u00fchrer, sondern ein<br \/>\nLandschaftsf\u00fchrer mit einer F\u00fclle an Hintergrundinformationen.  <\/p>","protected":false},"excerpt":{"rendered":"<p>Viele Karstlandschaften haben ihre wilde Urspr\u00fcnglichkeit bewahrt. Gerade die hochgelegenen Karrenfelder mit dem nackten Karst, den offenen Sch\u00e4chten, Spalten und H\u00f6hlen haben einen ganz besonderen Reiz. Da ist die Landschaft noch so, wie sie die Natur geschaffen hat. Nur Spezialisten unter den Pflanzen trotzen diesen extremen Bedingungen. H\u00f6hlensch\u00e4chte, die sich im Bodenlosen verlieren, haben etwas [&#8230;]\n","protected":false},"featured_media":34014,"template":"","meta":[],"product_brand":[],"product_cat":[21542],"product_tag":[],"class_list":{"0":"post-152139","1":"product","2":"type-product","3":"status-publish","4":"has-post-thumbnail","6":"product_cat-sachbuecher-dokumentationen","7":"pa_autor-gnaegi","8":"pa_erscheinungsjahr-21591","9":"pa_region-schweiz","10":"pa_sprache-de","12":"first","13":"instock","14":"taxable","15":"shipping-taxable","16":"purchasable","17":"product-type-simple"},"_links":{"self":[{"href":"https:\/\/pizbube.ch\/en\/wp-json\/wp\/v2\/product\/152139","targetHints":{"allow":["GET"]}}],"collection":[{"href":"https:\/\/pizbube.ch\/en\/wp-json\/wp\/v2\/product"}],"about":[{"href":"https:\/\/pizbube.ch\/en\/wp-json\/wp\/v2\/types\/product"}],"wp:featuredmedia":[{"embeddable":true,"href":"https:\/\/pizbube.ch\/en\/wp-json\/wp\/v2\/media\/34014"}],"wp:attachment":[{"href":"https:\/\/pizbube.ch\/en\/wp-json\/wp\/v2\/media?parent=152139"}],"wp:term":[{"taxonomy":"product_brand","embeddable":true,"href":"https:\/\/pizbube.ch\/en\/wp-json\/wp\/v2\/product_brand?post=152139"},{"taxonomy":"product_cat","embeddable":true,"href":"https:\/\/pizbube.ch\/en\/wp-json\/wp\/v2\/product_cat?post=152139"},{"taxonomy":"product_tag","embeddable":true,"href":"https:\/\/pizbube.ch\/en\/wp-json\/wp\/v2\/product_tag?post=152139"}],"curies":[{"name":"wp","href":"https:\/\/api.w.org\/{rel}","templated":true}]}}