{"id":152142,"date":"2021-01-15T12:03:21","date_gmt":"2021-01-15T12:03:21","guid":{"rendered":"https:\/\/codengine3.ch\/?product=import-placeholder-for-204078"},"modified":"2022-05-06T09:09:16","modified_gmt":"2022-05-06T07:09:16","slug":"fahrt-in-die-tiefe-ein-handbuch-fuer-hoehlenbefahrungen","status":"publish","type":"product","link":"https:\/\/pizbube.ch\/en\/shop\/fahrt-in-die-tiefe-ein-handbuch-fuer-hoehlenbefahrungen\/","title":{"rendered":"Fahrt in die Tiefe Ein Handbuch f\u00fcr H\u00f6hlenbefahrungen"},"content":{"rendered":"<p>Faszination H\u00f6hle! Geheimnisvolle H\u00f6hlen fordern von jeher den menschlichen<br \/>\nForscherdrang heraus. Doch leichtfertiger Forscher\u00fcberschwang hat in den<br \/>\nvergangenen Jahren immer wieder zu Katastrophen gef\u00fchrt.<\/p>\n<p>Das Autorenteam &#8211; alles begeisterte und langj\u00e4hrige H\u00f6hlengeher &#8211; m\u00f6chte das<br \/>\nn\u00f6tige Wissen \u00fcber potenzielle Risiken und Gefahren von H\u00f6hlenbegehungen<br \/>\nvermitteln und eine Sensibilisierung f\u00fcr den empfindlichen Naturraum H\u00f6hle bei<br \/>\nAusfl\u00fcgen in die Unterwelt erreichen. Fahrt in die Tiefe ist ein Handbuch f\u00fcr<br \/>\nerfahrene H\u00f6hlengeher und ambitionierte Anf\u00e4nger gleicherma\u00dfen.<\/p>","protected":false},"excerpt":{"rendered":"<p>Faszination H\u00f6hle! Geheimnisvolle H\u00f6hlen fordern von jeher den menschlichen Forscherdrang heraus. Doch leichtfertiger Forscher\u00fcberschwang hat in den vergangenen Jahren immer wieder zu Katastrophen gef\u00fchrt. Das Autorenteam &#8211; alles begeisterte und langj\u00e4hrige H\u00f6hlengeher &#8211; m\u00f6chte das n\u00f6tige Wissen \u00fcber potenzielle Risiken und Gefahren von H\u00f6hlenbegehungen vermitteln und eine Sensibilisierung f\u00fcr den empfindlichen Naturraum H\u00f6hle bei Ausfl\u00fcgen [&#8230;]\n","protected":false},"featured_media":31825,"template":"","meta":[],"product_brand":[],"product_cat":[21538],"product_tag":[],"class_list":{"0":"post-152142","1":"product","2":"type-product","3":"status-publish","4":"has-post-thumbnail","6":"product_cat-lehrbuecher","7":"pa_autor-bedacht","8":"pa_erscheinungsjahr-21920","9":"pa_region-orientierung-wetter-ausbildung","10":"pa_sprache-de","12":"first","13":"onbackorder","14":"taxable","15":"shipping-taxable","16":"purchasable","17":"product-type-simple"},"_links":{"self":[{"href":"https:\/\/pizbube.ch\/en\/wp-json\/wp\/v2\/product\/152142","targetHints":{"allow":["GET"]}}],"collection":[{"href":"https:\/\/pizbube.ch\/en\/wp-json\/wp\/v2\/product"}],"about":[{"href":"https:\/\/pizbube.ch\/en\/wp-json\/wp\/v2\/types\/product"}],"wp:featuredmedia":[{"embeddable":true,"href":"https:\/\/pizbube.ch\/en\/wp-json\/wp\/v2\/media\/31825"}],"wp:attachment":[{"href":"https:\/\/pizbube.ch\/en\/wp-json\/wp\/v2\/media?parent=152142"}],"wp:term":[{"taxonomy":"product_brand","embeddable":true,"href":"https:\/\/pizbube.ch\/en\/wp-json\/wp\/v2\/product_brand?post=152142"},{"taxonomy":"product_cat","embeddable":true,"href":"https:\/\/pizbube.ch\/en\/wp-json\/wp\/v2\/product_cat?post=152142"},{"taxonomy":"product_tag","embeddable":true,"href":"https:\/\/pizbube.ch\/en\/wp-json\/wp\/v2\/product_tag?post=152142"}],"curies":[{"name":"wp","href":"https:\/\/api.w.org\/{rel}","templated":true}]}}