{"id":152144,"date":"2021-01-15T12:03:21","date_gmt":"2021-01-15T12:03:21","guid":{"rendered":"https:\/\/codengine3.ch\/?product=import-placeholder-for-208129"},"modified":"2021-01-15T17:50:31","modified_gmt":"2021-01-15T17:50:31","slug":"im-hoelloch-erforschung-einer-verborgenen-welt","status":"publish","type":"product","link":"https:\/\/pizbube.ch\/en\/shop\/im-hoelloch-erforschung-einer-verborgenen-welt\/","title":{"rendered":"Im H\u00f6lloch &#8211; Erforschung einer verborgenen Welt"},"content":{"rendered":"<p>Das H\u00f6lloch im Muotatal ist mit 200 Kilometern bekannter L\u00e4nge eine der<br \/>\nweltweit gr\u00f6ssten H\u00f6hlen. Die Erkundung der faszinierenden Karstwelt begann im<br \/>\nsp\u00e4ten 19. Jahrhundert. Seit 1949 erforschen Spezialisten systematisch das<br \/>\nH\u00f6hlensystem. An anspruchsvollen Stellen entdecken sie auch heute laufend<br \/>\nNeuland. Der H\u00f6hlenplan wird Jahr f\u00fcr Jahr Meter f\u00fcr Meter um weitere<br \/>\nErkenntnisse erg\u00e4nzt.  <\/p>\n<p>Anhand von grossformatigen Infografiken, historischen Bildern und informativen<br \/>\nTexten pr\u00e4sentiert das Buch erstmals die Forschungsgeschichte zum H\u00f6lloch.<br \/>\nSchritt f\u00fcr Schritt zeichnen die Autoren nach, wie die ersten Abenteurer sich<br \/>\nin die H\u00f6hle wagten, wie das Naturwunder touristisch zug\u00e4nglich gemacht wurde<br \/>\nund welche Herausforderungen die Forscher bis heute in der Finsternis<br \/>\nerwarten. Zeitzeugenberichte aus \u00fcber hundert Jahren dokumentieren die<br \/>\nErlebnisse im unterirdischen Labyrinth.<\/p>","protected":false},"excerpt":{"rendered":"<p>Das H\u00f6lloch im Muotatal ist mit 200 Kilometern bekannter L\u00e4nge eine der weltweit gr\u00f6ssten H\u00f6hlen. Die Erkundung der faszinierenden Karstwelt begann im sp\u00e4ten 19. Jahrhundert. Seit 1949 erforschen Spezialisten systematisch das H\u00f6hlensystem. An anspruchsvollen Stellen entdecken sie auch heute laufend Neuland. Der H\u00f6hlenplan wird Jahr f\u00fcr Jahr Meter f\u00fcr Meter um weitere Erkenntnisse erg\u00e4nzt. Anhand [&#8230;]\n","protected":false},"featured_media":39424,"template":"","meta":[],"product_brand":[],"product_cat":[21542],"product_tag":[],"class_list":{"0":"post-152144","1":"product","2":"type-product","3":"status-publish","4":"has-post-thumbnail","6":"product_cat-sachbuecher-dokumentationen","7":"pa_autor-lehmann-hrsg","8":"pa_erscheinungsjahr-21597","9":"pa_region-schweiz","10":"pa_sprache-de","12":"first","13":"instock","14":"taxable","15":"shipping-taxable","16":"purchasable","17":"product-type-simple"},"_links":{"self":[{"href":"https:\/\/pizbube.ch\/en\/wp-json\/wp\/v2\/product\/152144","targetHints":{"allow":["GET"]}}],"collection":[{"href":"https:\/\/pizbube.ch\/en\/wp-json\/wp\/v2\/product"}],"about":[{"href":"https:\/\/pizbube.ch\/en\/wp-json\/wp\/v2\/types\/product"}],"wp:featuredmedia":[{"embeddable":true,"href":"https:\/\/pizbube.ch\/en\/wp-json\/wp\/v2\/media\/39424"}],"wp:attachment":[{"href":"https:\/\/pizbube.ch\/en\/wp-json\/wp\/v2\/media?parent=152144"}],"wp:term":[{"taxonomy":"product_brand","embeddable":true,"href":"https:\/\/pizbube.ch\/en\/wp-json\/wp\/v2\/product_brand?post=152144"},{"taxonomy":"product_cat","embeddable":true,"href":"https:\/\/pizbube.ch\/en\/wp-json\/wp\/v2\/product_cat?post=152144"},{"taxonomy":"product_tag","embeddable":true,"href":"https:\/\/pizbube.ch\/en\/wp-json\/wp\/v2\/product_tag?post=152144"}],"curies":[{"name":"wp","href":"https:\/\/api.w.org\/{rel}","templated":true}]}}