{"id":152146,"date":"2021-01-15T12:03:21","date_gmt":"2021-01-15T12:03:21","guid":{"rendered":"https:\/\/codengine3.ch\/?product=import-placeholder-for-203594"},"modified":"2021-01-15T14:24:46","modified_gmt":"2021-01-15T14:24:46","slug":"52-wanderungen","status":"publish","type":"product","link":"https:\/\/pizbube.ch\/en\/shop\/52-wanderungen\/","title":{"rendered":"52 Wanderungen"},"content":{"rendered":"<p>Ein ganzes Jahr lang unternimmt Franz Hohler einmal pro Woche eine Wanderung.<br \/>\nVon einer Begehung vom Biancograt bis zur Wanderung an der Sihl: Er<br \/>\ndurchstreift T\u00e4ler und W\u00e4lder, wandert \u00fcber Wiesen, an Fl\u00fcssen entlang und an<br \/>\nbreiten Fernstra\u00dfen. Er wei\u00df sich an den kleinen Dingen zu erfreuen, an<br \/>\nsingenden V\u00f6geln, an der aufgehenden Sonne, am ersten Schnee. &#8218;Es gibt<br \/>\nLandschaften, in die kommt man nach Hause&#8216;. Eine dieser Landschaften, die auf<br \/>\nFranz Hohler gewartet hat, ist ein Plateau in der N\u00e4he von St. Moritz. Dort<br \/>\nhinauf zieht er, im Gep\u00e4ck f\u00fchrt er ein kleines Zelt mit, ein Buch und<br \/>\nMusikinstrumente. In dieser Bergeinsamkeit m\u00f6chte er einmal den Vollmond<br \/>\naufsteigen sehen und in seiner stillen Pracht feiern.<br \/>\nAuf diesen Wanderungen lernen wir Franz Hohler auch von einer privaten Seite<br \/>\nkennen.<\/p>","protected":false},"excerpt":{"rendered":"<p>Ein ganzes Jahr lang unternimmt Franz Hohler einmal pro Woche eine Wanderung. Von einer Begehung vom Biancograt bis zur Wanderung an der Sihl: Er durchstreift T\u00e4ler und W\u00e4lder, wandert \u00fcber Wiesen, an Fl\u00fcssen entlang und an breiten Fernstra\u00dfen. Er wei\u00df sich an den kleinen Dingen zu erfreuen, an singenden V\u00f6geln, an der aufgehenden Sonne, am [&#8230;]\n","protected":false},"featured_media":31239,"template":"","meta":[],"product_brand":[],"product_cat":[21629],"product_tag":[],"class_list":{"0":"post-152146","1":"product","2":"type-product","3":"status-publish","4":"has-post-thumbnail","6":"product_cat-belletristik","7":"pa_autor-hohler","8":"pa_erscheinungsjahr-21776","9":"pa_region-schweiz","10":"pa_sprache-de","12":"first","13":"instock","14":"taxable","15":"shipping-taxable","16":"purchasable","17":"product-type-simple"},"_links":{"self":[{"href":"https:\/\/pizbube.ch\/en\/wp-json\/wp\/v2\/product\/152146","targetHints":{"allow":["GET"]}}],"collection":[{"href":"https:\/\/pizbube.ch\/en\/wp-json\/wp\/v2\/product"}],"about":[{"href":"https:\/\/pizbube.ch\/en\/wp-json\/wp\/v2\/types\/product"}],"wp:featuredmedia":[{"embeddable":true,"href":"https:\/\/pizbube.ch\/en\/wp-json\/wp\/v2\/media\/31239"}],"wp:attachment":[{"href":"https:\/\/pizbube.ch\/en\/wp-json\/wp\/v2\/media?parent=152146"}],"wp:term":[{"taxonomy":"product_brand","embeddable":true,"href":"https:\/\/pizbube.ch\/en\/wp-json\/wp\/v2\/product_brand?post=152146"},{"taxonomy":"product_cat","embeddable":true,"href":"https:\/\/pizbube.ch\/en\/wp-json\/wp\/v2\/product_cat?post=152146"},{"taxonomy":"product_tag","embeddable":true,"href":"https:\/\/pizbube.ch\/en\/wp-json\/wp\/v2\/product_tag?post=152146"}],"curies":[{"name":"wp","href":"https:\/\/api.w.org\/{rel}","templated":true}]}}