{"id":152148,"date":"2021-01-15T12:03:21","date_gmt":"2021-01-15T12:03:21","guid":{"rendered":"https:\/\/codengine3.ch\/?product=import-placeholder-for-204546"},"modified":"2021-01-15T14:34:16","modified_gmt":"2021-01-15T14:34:16","slug":"landluft-bergbaeuerinnen-im-portraet","status":"publish","type":"product","link":"https:\/\/pizbube.ch\/en\/shop\/landluft-bergbaeuerinnen-im-portraet\/","title":{"rendered":"Landluft &#8211; Bergb\u00e4uerinnen im Portr\u00e4t"},"content":{"rendered":"<p>Zw\u00f6lf Frauen zwischen 18 und 86 Jahren erz\u00e4hlen aus ihrem Leben als<br \/>\nBergb\u00e4uerin.<\/p>\n<p>Hier wird angepackt! Eine Achtzehnj\u00e4hrige, die voller Elan den Hof ihrer<br \/>\nEltern \u00fcbernehmen will; eine Zimmerfrau, die es aus der Wagenburg auf einen<br \/>\nBiogem\u00fcsehof verschlagen hat; eine erfolgreiche Frauen\u00e4rztin, die das<br \/>\nLuxusleben satthatte und heute lieber Rinder z\u00fcchtet \u2026<\/p>\n<p>Zw\u00f6lf Frauen zwischen 18 und 86 Jahren erz\u00e4hlen von ihrem Leben auf dem<br \/>\nBergbauernhof. Sie schildern Tr\u00e4ume, die geplatzt, und solche, die wahr<br \/>\ngeworden sind, die Liebe zu den Tieren und die Sorgen ums liebe Geld, wie man<br \/>\nals B\u00e4uerin eine Familie \u00fcber Wasser h\u00e4lt und warum das alles mit Aussteigen<br \/>\n\u00fcberhaupt nichts zu tun hat.  <\/p>\n<p>Daniela Schwegler hat nach ihren Erfolgsb\u00fcchern Traum Alp und Bergfieber<br \/>\neinmal mehr authentische und frei von der Leber weg erz\u00e4hlte Lebensgeschichten<br \/>\nvon Frauen aufgezeichnet, die ihren Platz gefunden haben und ihn mit nichts in<br \/>\nder Welt mehr tauschen m\u00f6chten. Die stimmungsvollen Reportagefotos von Stephan<br \/>\nB\u00f6sch runden das Buch ab.<\/p>\n<p>256 Seiten, 20.4 \u00d7 14.5 cm, gebunden<\/p>","protected":false},"excerpt":{"rendered":"<p>Zw\u00f6lf Frauen zwischen 18 und 86 Jahren erz\u00e4hlen aus ihrem Leben als Bergb\u00e4uerin. Hier wird angepackt! Eine Achtzehnj\u00e4hrige, die voller Elan den Hof ihrer Eltern \u00fcbernehmen will; eine Zimmerfrau, die es aus der Wagenburg auf einen Biogem\u00fcsehof verschlagen hat; eine erfolgreiche Frauen\u00e4rztin, die das Luxusleben satthatte und heute lieber Rinder z\u00fcchtet \u2026 Zw\u00f6lf Frauen zwischen [&#8230;]\n","protected":false},"featured_media":32622,"template":"","meta":[],"product_brand":[],"product_cat":[21542],"product_tag":[],"class_list":{"0":"post-152148","1":"product","2":"type-product","3":"status-publish","4":"has-post-thumbnail","6":"product_cat-sachbuecher-dokumentationen","7":"pa_autor-schwegler-boesch","8":"pa_erscheinungsjahr-21574","9":"pa_region-schweiz","10":"pa_sprache-de","12":"first","13":"instock","14":"taxable","15":"shipping-taxable","16":"purchasable","17":"product-type-simple"},"_links":{"self":[{"href":"https:\/\/pizbube.ch\/en\/wp-json\/wp\/v2\/product\/152148","targetHints":{"allow":["GET"]}}],"collection":[{"href":"https:\/\/pizbube.ch\/en\/wp-json\/wp\/v2\/product"}],"about":[{"href":"https:\/\/pizbube.ch\/en\/wp-json\/wp\/v2\/types\/product"}],"wp:featuredmedia":[{"embeddable":true,"href":"https:\/\/pizbube.ch\/en\/wp-json\/wp\/v2\/media\/32622"}],"wp:attachment":[{"href":"https:\/\/pizbube.ch\/en\/wp-json\/wp\/v2\/media?parent=152148"}],"wp:term":[{"taxonomy":"product_brand","embeddable":true,"href":"https:\/\/pizbube.ch\/en\/wp-json\/wp\/v2\/product_brand?post=152148"},{"taxonomy":"product_cat","embeddable":true,"href":"https:\/\/pizbube.ch\/en\/wp-json\/wp\/v2\/product_cat?post=152148"},{"taxonomy":"product_tag","embeddable":true,"href":"https:\/\/pizbube.ch\/en\/wp-json\/wp\/v2\/product_tag?post=152148"}],"curies":[{"name":"wp","href":"https:\/\/api.w.org\/{rel}","templated":true}]}}