{"id":152149,"date":"2021-01-15T12:03:22","date_gmt":"2021-01-15T12:03:22","guid":{"rendered":"https:\/\/codengine3.ch\/?product=import-placeholder-for-201734"},"modified":"2021-01-15T12:04:10","modified_gmt":"2021-01-15T12:04:10","slug":"gesichter-vom-alpstein","status":"publish","type":"product","link":"https:\/\/pizbube.ch\/en\/shop\/gesichter-vom-alpstein\/","title":{"rendered":"Gesichter vom Alpstein"},"content":{"rendered":"<p>Feinf\u00fchlige Schwarz- Weiss Fotodokumentation \u00fcber das vielgesichtige<br \/>\nAppenzellerland<\/p>\n<p>Es ist diese besondere Art der Selbstdarstellung, die den Reiz der Aufnahmen<br \/>\nausmacht. Gekonnt herbeigef\u00fchrt und pr\u00e4zis ins Bild gesetzt, stehen die<br \/>\nfestgehaltenen Momente der Begegnung immer wieder auf der Kippe zwischen<br \/>\nNat\u00fcrlichkeit und Inszeniertheit. Vertrautes erscheint in manchen Momenten<br \/>\npl\u00f6tzlich fremd, Offenheit und Lebenskraft k\u00f6nnen leicht in ein Gef\u00fchl von<br \/>\nEnge und Bedr\u00e4ngnis umschlagen, und hinter dem Alltag ist zuweilen etwas<br \/>\nUnheimliches, Unbekanntes zu sp\u00fcren.<\/p>\n<p>Gerade in solcher Ambivalenz sind Peter Maurers Bilder nicht einfach Abbilder<br \/>\neiner \u00e4usseren (b\u00e4uerlichen) Wirklichkeit, sondern subjektive Deutungen der<br \/>\nWelt und faszinierender Ausdruck eines Zeit- und Lebensgef\u00fchls. Nein, so wie<br \/>\nauf diesen Fotografien haben wir unsere Appenzeller B\u00e4uerinnen und Bauern bis<br \/>\njetzt noch nicht gesehen.<\/p>","protected":false},"excerpt":{"rendered":"<p>Feinf\u00fchlige Schwarz- Weiss Fotodokumentation \u00fcber das vielgesichtige Appenzellerland Es ist diese besondere Art der Selbstdarstellung, die den Reiz der Aufnahmen ausmacht. Gekonnt herbeigef\u00fchrt und pr\u00e4zis ins Bild gesetzt, stehen die festgehaltenen Momente der Begegnung immer wieder auf der Kippe zwischen Nat\u00fcrlichkeit und Inszeniertheit. Vertrautes erscheint in manchen Momenten pl\u00f6tzlich fremd, Offenheit und Lebenskraft k\u00f6nnen leicht [&#8230;]\n","protected":false},"featured_media":29123,"template":"","meta":[],"product_brand":[],"product_cat":[21580],"product_tag":[],"class_list":{"0":"post-152149","1":"product","2":"type-product","3":"status-publish","4":"has-post-thumbnail","6":"product_cat-kunst-kultur","7":"pa_autor-maurer","8":"pa_erscheinungsjahr-22060","9":"pa_region-schweiz","10":"pa_sprache-de","12":"first","13":"outofstock","14":"taxable","15":"shipping-taxable","16":"purchasable","17":"product-type-simple"},"_links":{"self":[{"href":"https:\/\/pizbube.ch\/en\/wp-json\/wp\/v2\/product\/152149","targetHints":{"allow":["GET"]}}],"collection":[{"href":"https:\/\/pizbube.ch\/en\/wp-json\/wp\/v2\/product"}],"about":[{"href":"https:\/\/pizbube.ch\/en\/wp-json\/wp\/v2\/types\/product"}],"wp:featuredmedia":[{"embeddable":true,"href":"https:\/\/pizbube.ch\/en\/wp-json\/wp\/v2\/media\/29123"}],"wp:attachment":[{"href":"https:\/\/pizbube.ch\/en\/wp-json\/wp\/v2\/media?parent=152149"}],"wp:term":[{"taxonomy":"product_brand","embeddable":true,"href":"https:\/\/pizbube.ch\/en\/wp-json\/wp\/v2\/product_brand?post=152149"},{"taxonomy":"product_cat","embeddable":true,"href":"https:\/\/pizbube.ch\/en\/wp-json\/wp\/v2\/product_cat?post=152149"},{"taxonomy":"product_tag","embeddable":true,"href":"https:\/\/pizbube.ch\/en\/wp-json\/wp\/v2\/product_tag?post=152149"}],"curies":[{"name":"wp","href":"https:\/\/api.w.org\/{rel}","templated":true}]}}