{"id":152150,"date":"2021-01-15T12:03:22","date_gmt":"2021-01-15T12:03:22","guid":{"rendered":"https:\/\/codengine3.ch\/?product=import-placeholder-for-204339"},"modified":"2021-01-15T14:32:10","modified_gmt":"2021-01-15T14:32:10","slug":"die-top-20-der-alpen","status":"publish","type":"product","link":"https:\/\/pizbube.ch\/en\/shop\/die-top-20-der-alpen\/","title":{"rendered":"Die Top 20 der Alpen"},"content":{"rendered":"<p>Die 20 prominentesten Gipfel der Alpen: Dieses Buch l\u00e4dt Sie ein, neugierig<br \/>\nhineinzugucken in die Welt des Hochgebirges und der Bergsteiger. Es ist<br \/>\nBilderbuch, Lesebuch, Lexikon und F\u00fchrer in einem und zugleich Versuch einer<br \/>\nVerf\u00fchrung. Das Bl\u00e4ttern und Lesen stiftet sportliche Amateurbergsteiger<br \/>\nf\u00f6rmlich dazu an, die 20 prominentesten Berge der Alpen (chamechaude, haute<br \/>\ncime, cima dodici, pizzo di coca, gran paradiso, c. valdritta, ortler, s\u00e4ntis,<br \/>\nbarre des \u00e9crins, triglav, monviso, marmolada, dachstein, monte rosa,<br \/>\nhochk\u00f6nig, p. bernina, wildspitze, finsteraarhorn, grossglockner, mont blanc)<br \/>\nselbst zu besteigen! Mit umfassendem Bildmaterial, Karten und Beschreibungen<br \/>\nder Normalwege sowie alpinistisch anspruchsvollerer Routen. 144 Seiten, ca.<br \/>\n140 Abbildungen, Format 22,3 x 26,5 cm, Hardcover mit Schutzumschlag<\/p>","protected":false},"excerpt":{"rendered":"<p>Die 20 prominentesten Gipfel der Alpen: Dieses Buch l\u00e4dt Sie ein, neugierig hineinzugucken in die Welt des Hochgebirges und der Bergsteiger. Es ist Bilderbuch, Lesebuch, Lexikon und F\u00fchrer in einem und zugleich Versuch einer Verf\u00fchrung. Das Bl\u00e4ttern und Lesen stiftet sportliche Amateurbergsteiger f\u00f6rmlich dazu an, die 20 prominentesten Berge der Alpen (chamechaude, haute cime, cima [&#8230;]\n","protected":false},"featured_media":32177,"template":"","meta":[],"product_brand":[],"product_cat":[21542],"product_tag":[],"class_list":{"0":"post-152150","1":"product","2":"type-product","3":"status-publish","4":"has-post-thumbnail","6":"product_cat-sachbuecher-dokumentationen","7":"pa_autor-goedeke","8":"pa_erscheinungsjahr-21763","9":"pa_region-schweiz","10":"pa_sprache-de","12":"first","13":"outofstock","14":"taxable","15":"shipping-taxable","16":"purchasable","17":"product-type-simple"},"_links":{"self":[{"href":"https:\/\/pizbube.ch\/en\/wp-json\/wp\/v2\/product\/152150","targetHints":{"allow":["GET"]}}],"collection":[{"href":"https:\/\/pizbube.ch\/en\/wp-json\/wp\/v2\/product"}],"about":[{"href":"https:\/\/pizbube.ch\/en\/wp-json\/wp\/v2\/types\/product"}],"wp:featuredmedia":[{"embeddable":true,"href":"https:\/\/pizbube.ch\/en\/wp-json\/wp\/v2\/media\/32177"}],"wp:attachment":[{"href":"https:\/\/pizbube.ch\/en\/wp-json\/wp\/v2\/media?parent=152150"}],"wp:term":[{"taxonomy":"product_brand","embeddable":true,"href":"https:\/\/pizbube.ch\/en\/wp-json\/wp\/v2\/product_brand?post=152150"},{"taxonomy":"product_cat","embeddable":true,"href":"https:\/\/pizbube.ch\/en\/wp-json\/wp\/v2\/product_cat?post=152150"},{"taxonomy":"product_tag","embeddable":true,"href":"https:\/\/pizbube.ch\/en\/wp-json\/wp\/v2\/product_tag?post=152150"}],"curies":[{"name":"wp","href":"https:\/\/api.w.org\/{rel}","templated":true}]}}