{"id":152157,"date":"2021-01-15T12:03:23","date_gmt":"2021-01-15T12:03:23","guid":{"rendered":"https:\/\/codengine3.ch\/?product=import-placeholder-for-206945"},"modified":"2022-04-20T14:06:35","modified_gmt":"2022-04-20T12:06:35","slug":"khan-tengri-tien-shan-kyrgyzstan-1100000-blatt-0-15","status":"publish","type":"product","link":"https:\/\/pizbube.ch\/en\/shop\/khan-tengri-tien-shan-kyrgyzstan-1100000-blatt-0-15\/","title":{"rendered":"Khan Tengri (Tien Shan \/ Kyrgyzstan) 1:100&#8217;000 Blatt 0\/15"},"content":{"rendered":"<h4 class=\"subTitle\">Trekkingkarte 1:100.000, Dt\/engl\/russ, Alpenvereinskarten 0\/15<\/h4>\n<p>0\/15 Khan Tengri (Tien Shan \/ Kyrgyzstan) 1:100.000<br \/>\nmit Pik Pobedi<\/p>\n<p><span class=\"value\">Topographische Karte 1:100.000, mehrfarbig, Schummerung, Gletscherabgrenzung, Gletscherspaltengebiete, Felszeichnung, UTM-Gitter. Mit Stra\u00dfen, Pfaden und den g\u00e4ngigen Auf- und Abstiegsrouten, Basis- und Hochlagern. Mit Schwierigkeitsangaben der Pass\u00fcberschreitungen. Gebiet: H\u00f6chstgelegener Teil des Tien Shan-Gebirges an der Grenze zu China und Kasachstan, mit den bekannten Gipfeln Khan Tengri (6995m) und Pik Pobedy (7439m), mit Pik Nansen (5697m), Enilcek-Gletscher, Merzbacher-See.<\/span><\/p>","protected":false},"excerpt":{"rendered":"<p>Trekkingkarte 1:100.000, Dt\/engl\/russ, Alpenvereinskarten 0\/15 0\/15 Khan Tengri (Tien Shan \/ Kyrgyzstan) 1:100.000 mit Pik Pobedi Topographische Karte 1:100.000, mehrfarbig, Schummerung, Gletscherabgrenzung, Gletscherspaltengebiete, Felszeichnung, UTM-Gitter. Mit Stra\u00dfen, Pfaden und den g\u00e4ngigen Auf- und Abstiegsrouten, Basis- und Hochlagern. Mit Schwierigkeitsangaben der Pass\u00fcberschreitungen. Gebiet: H\u00f6chstgelegener Teil des Tien Shan-Gebirges an der Grenze zu China und Kasachstan, mit [&#8230;]\n","protected":false},"featured_media":36496,"template":"","meta":[],"product_brand":[],"product_cat":[21543],"product_tag":[],"class_list":{"0":"post-152157","1":"product","2":"type-product","3":"status-publish","4":"has-post-thumbnail","6":"product_cat-landkarten","7":"pa_autor-alpenverein","8":"pa_erscheinungsjahr-21610","9":"pa_region-asien","10":"pa_sprache-de","12":"first","13":"instock","14":"taxable","15":"shipping-taxable","16":"purchasable","17":"product-type-simple"},"_links":{"self":[{"href":"https:\/\/pizbube.ch\/en\/wp-json\/wp\/v2\/product\/152157","targetHints":{"allow":["GET"]}}],"collection":[{"href":"https:\/\/pizbube.ch\/en\/wp-json\/wp\/v2\/product"}],"about":[{"href":"https:\/\/pizbube.ch\/en\/wp-json\/wp\/v2\/types\/product"}],"wp:featuredmedia":[{"embeddable":true,"href":"https:\/\/pizbube.ch\/en\/wp-json\/wp\/v2\/media\/36496"}],"wp:attachment":[{"href":"https:\/\/pizbube.ch\/en\/wp-json\/wp\/v2\/media?parent=152157"}],"wp:term":[{"taxonomy":"product_brand","embeddable":true,"href":"https:\/\/pizbube.ch\/en\/wp-json\/wp\/v2\/product_brand?post=152157"},{"taxonomy":"product_cat","embeddable":true,"href":"https:\/\/pizbube.ch\/en\/wp-json\/wp\/v2\/product_cat?post=152157"},{"taxonomy":"product_tag","embeddable":true,"href":"https:\/\/pizbube.ch\/en\/wp-json\/wp\/v2\/product_tag?post=152157"}],"curies":[{"name":"wp","href":"https:\/\/api.w.org\/{rel}","templated":true}]}}