{"id":152168,"date":"2021-01-15T12:03:28","date_gmt":"2021-01-15T12:03:28","guid":{"rendered":"https:\/\/codengine3.ch\/?product=import-placeholder-for-202870"},"modified":"2024-04-22T12:55:29","modified_gmt":"2024-04-22T10:55:29","slug":"glaernisch","status":"publish","type":"product","link":"https:\/\/pizbube.ch\/en\/shop\/glaernisch\/","title":{"rendered":"Gl\u00e4rnisch"},"content":{"rendered":"<p>Der Gl\u00e4rnisch ist ein Z\u00fcrcher und Glarner Hausberg. Bei Fernsicht ist er weit \u00fcber den Z\u00fcrichsee hin zu sehen; als unschwierig geltend, wird er dementsprechend h\u00e4ufig besucht. Um das Vrenelisg\u00e4rtli, den bekanntesten Gipfel, ranken sich Sagen von vision\u00e4rer Kraft.<\/p>\n<p>Doch er ist noch viel mehr: ein Sagenberg. Ein Gletscherberg. Ein anspruchsvoller Kletterberg. Ein Kunst- und Kulturberg. Ein Lebensberg f\u00fcr viele. Und Emil Zopfis Heimatberg. Der bekannte Schweizer Schriftsteller erz\u00e4hlt von Sagengestalten, Naturforschern, Theologen, Wissenschaftlern, Bergsteigern und Sportkletterern, Dichtern, Malern und Musikern, Berg- und Kraftwerksarbeitern, Bauern und \u00c4lplern in Geschichten, Portr\u00e4ts und pers\u00f6nlichen Erinnerungen.<\/p>\n<p><span class=\"value\">Der Gl\u00e4rnisch gewaltig und geheimnisvoll<br \/>\nDas dreigipflige Massiv des Gl\u00e4rnisch ist nicht einmal 3000 Meter hoch, aber gewaltig in seinen Ausmassen. 2000 Meter f\u00e4llt seine Nordwand ins Kl\u00f6ntal ab, eines der sch\u00f6nsten und historisch interessantesten Bergt\u00e4ler der Alpen. Um das Vrenelisg\u00e4rtli, den bekanntesten Gipfel, ranken sich Sagen von vision\u00e4rer Kraft, deren Ursprung Emil Zopfi nachgeht, von den Kelten bis zur heiligen Verena. Aber auch heutige \u00abVrenelis\u00bb kommen zu Wort, etwa die Skirennfahrerin Vreni Schneider. In der Besteigungsgeschichte haben interessante Pers\u00f6nlichkeiten ihre Spuren hinterlassen: Naturforscher, Theologen, K\u00fcnstler, sp\u00e4tere Nobelpreistr\u00e4ger und Spitzenwissenschaftler wie der Astrophysiker und Raketenforscher Fritz Zwicky. In neuerer Zeit hat die Sportklettergeneration den Berg entdeckt und neue Routen gelegt, allen voran Felix Ortlieb, Kletterer, K\u00fcnstler und Autor. Am Berg haben sich aber auch Ungl\u00fccksf\u00e4lle ereignet, die in ihrer Tragik an die alten Sagen erinnern. Dichter, Maler und Musiker haben den Gl\u00e4rnisch bestiegen, beschrieben, gemalt, sind durchs Kl\u00f6ntal ins Richisau gewandert, zum traditionellen Treffpunkt von K\u00fcnstlern. Neben Texten von Ludwig Hohl, Carl Spitteler, Franz Hohler, Tim Krohn sowie zeitgen\u00f6ssischen und historischen Darstellungen enth\u00e4lt das Buch ein eigens daf\u00fcr komponiertes \u00abGl\u00e4rnischlied\u00bb von Christoph Kobelt. Die Abh\u00e4nge und T\u00e4ler sind aber auch Lebensraum f\u00fcr Menschen und Tiere. Berg- und Kraftwerke, Alpen und das Eis des Kl\u00f6ntaler- sees waren und sind die Grundlage des kargen Lebens am Berg. Der Autor, der mehrere Jahre in Schw\u00e4ndi, dem Dorf am Gl\u00e4rnisch, gelebt hat, erz\u00e4hlt davon in Geschichten, Portr\u00e4ts und pers\u00f6nlichen Erinnerungen.<\/span><\/p>","protected":false},"excerpt":{"rendered":"<p>Der Gl\u00e4rnisch ist ein Z\u00fcrcher und Glarner Hausberg. Bei Fernsicht ist er weit \u00fcber den Z\u00fcrichsee hin zu sehen; als unschwierig geltend, wird er dementsprechend h\u00e4ufig besucht. Um das Vrenelisg\u00e4rtli, den bekanntesten Gipfel, ranken sich Sagen von vision\u00e4rer Kraft. Doch er ist noch viel mehr: ein Sagenberg. Ein Gletscherberg. Ein anspruchsvoller Kletterberg. Ein Kunst- und [&#8230;]\n","protected":false},"featured_media":172651,"template":"","meta":[],"product_brand":[],"product_cat":[21542],"product_tag":[],"class_list":{"0":"post-152168","1":"product","2":"type-product","3":"status-publish","4":"has-post-thumbnail","6":"product_cat-sachbuecher-dokumentationen","7":"pa_autor-zopfi","8":"pa_erscheinungsjahr-22292","9":"pa_region-schweiz","10":"pa_sprache-de","12":"first","13":"instock","14":"taxable","15":"shipping-taxable","16":"purchasable","17":"product-type-simple"},"_links":{"self":[{"href":"https:\/\/pizbube.ch\/en\/wp-json\/wp\/v2\/product\/152168","targetHints":{"allow":["GET"]}}],"collection":[{"href":"https:\/\/pizbube.ch\/en\/wp-json\/wp\/v2\/product"}],"about":[{"href":"https:\/\/pizbube.ch\/en\/wp-json\/wp\/v2\/types\/product"}],"wp:featuredmedia":[{"embeddable":true,"href":"https:\/\/pizbube.ch\/en\/wp-json\/wp\/v2\/media\/172651"}],"wp:attachment":[{"href":"https:\/\/pizbube.ch\/en\/wp-json\/wp\/v2\/media?parent=152168"}],"wp:term":[{"taxonomy":"product_brand","embeddable":true,"href":"https:\/\/pizbube.ch\/en\/wp-json\/wp\/v2\/product_brand?post=152168"},{"taxonomy":"product_cat","embeddable":true,"href":"https:\/\/pizbube.ch\/en\/wp-json\/wp\/v2\/product_cat?post=152168"},{"taxonomy":"product_tag","embeddable":true,"href":"https:\/\/pizbube.ch\/en\/wp-json\/wp\/v2\/product_tag?post=152168"}],"curies":[{"name":"wp","href":"https:\/\/api.w.org\/{rel}","templated":true}]}}