{"id":152169,"date":"2021-01-15T12:03:28","date_gmt":"2021-01-15T12:03:28","guid":{"rendered":"https:\/\/codengine3.ch\/?product=import-placeholder-for-205609"},"modified":"2021-01-15T14:42:32","modified_gmt":"2021-01-15T14:42:32","slug":"wie-mein-sohn-und-ich-die-berge-bezwangen","status":"publish","type":"product","link":"https:\/\/pizbube.ch\/en\/shop\/wie-mein-sohn-und-ich-die-berge-bezwangen\/","title":{"rendered":"Wie mein Sohn und ich die Berge bezwangen"},"content":{"rendered":"<p>Eine f\u00fcnft\u00e4gige Wanderung f\u00fchrt den Autor und seinen \u00e4lteren Sohn aus dem<br \/>\nEngadin \u00fcber die Berge nach Hause zur\u00fcck: Ein kleines, aber feines Tagebuch<br \/>\nvoller Eindr\u00fccke und Einsichten &#8211; und dem Erlebnis der Freundschaft zwischen<br \/>\nVater und Sohn.<br \/>\n32 Seiten; broschiert  <\/p>","protected":false},"excerpt":{"rendered":"<p>Eine f\u00fcnft\u00e4gige Wanderung f\u00fchrt den Autor und seinen \u00e4lteren Sohn aus dem Engadin \u00fcber die Berge nach Hause zur\u00fcck: Ein kleines, aber feines Tagebuch voller Eindr\u00fccke und Einsichten &#8211; und dem Erlebnis der Freundschaft zwischen Vater und Sohn. 32 Seiten; broschiert<\/p>","protected":false},"featured_media":34386,"template":"","meta":[],"product_brand":[],"product_cat":[21629],"product_tag":[],"class_list":{"0":"post-152169","1":"product","2":"type-product","3":"status-publish","4":"has-post-thumbnail","6":"product_cat-belletristik","7":"pa_autor-lindt","8":"pa_erscheinungsjahr-22144","9":"pa_region-schweiz","10":"pa_sprache-de","12":"first","13":"instock","14":"taxable","15":"shipping-taxable","16":"purchasable","17":"product-type-simple"},"_links":{"self":[{"href":"https:\/\/pizbube.ch\/en\/wp-json\/wp\/v2\/product\/152169","targetHints":{"allow":["GET"]}}],"collection":[{"href":"https:\/\/pizbube.ch\/en\/wp-json\/wp\/v2\/product"}],"about":[{"href":"https:\/\/pizbube.ch\/en\/wp-json\/wp\/v2\/types\/product"}],"wp:featuredmedia":[{"embeddable":true,"href":"https:\/\/pizbube.ch\/en\/wp-json\/wp\/v2\/media\/34386"}],"wp:attachment":[{"href":"https:\/\/pizbube.ch\/en\/wp-json\/wp\/v2\/media?parent=152169"}],"wp:term":[{"taxonomy":"product_brand","embeddable":true,"href":"https:\/\/pizbube.ch\/en\/wp-json\/wp\/v2\/product_brand?post=152169"},{"taxonomy":"product_cat","embeddable":true,"href":"https:\/\/pizbube.ch\/en\/wp-json\/wp\/v2\/product_cat?post=152169"},{"taxonomy":"product_tag","embeddable":true,"href":"https:\/\/pizbube.ch\/en\/wp-json\/wp\/v2\/product_tag?post=152169"}],"curies":[{"name":"wp","href":"https:\/\/api.w.org\/{rel}","templated":true}]}}