{"id":152170,"date":"2021-01-15T12:03:28","date_gmt":"2021-01-15T12:03:28","guid":{"rendered":"https:\/\/codengine3.ch\/?product=import-placeholder-for-201656"},"modified":"2021-01-15T12:03:31","modified_gmt":"2021-01-15T12:03:31","slug":"schnee-eis","status":"publish","type":"product","link":"https:\/\/pizbube.ch\/en\/shop\/schnee-eis\/","title":{"rendered":"Schnee &#038; Eis"},"content":{"rendered":"<p>Entdeckungsreisen im Reich der K\u00e4lte: sch\u00f6ne Dokumentation \u00fcber das ewige<br \/>\nWeiss<\/p>","protected":false},"excerpt":{"rendered":"<p>Entdeckungsreisen im Reich der K\u00e4lte: sch\u00f6ne Dokumentation \u00fcber das ewige Weiss<\/p>","protected":false},"featured_media":29031,"template":"","meta":[],"product_brand":[],"product_cat":[21542],"product_tag":[],"class_list":{"0":"post-152170","1":"product","2":"type-product","3":"status-publish","4":"has-post-thumbnail","6":"product_cat-sachbuecher-dokumentationen","7":"pa_autor-strasser-wuerker","8":"pa_erscheinungsjahr-22060","9":"pa_region-schweiz","10":"pa_sprache-de","12":"first","13":"instock","14":"taxable","15":"shipping-taxable","16":"purchasable","17":"product-type-simple"},"_links":{"self":[{"href":"https:\/\/pizbube.ch\/en\/wp-json\/wp\/v2\/product\/152170","targetHints":{"allow":["GET"]}}],"collection":[{"href":"https:\/\/pizbube.ch\/en\/wp-json\/wp\/v2\/product"}],"about":[{"href":"https:\/\/pizbube.ch\/en\/wp-json\/wp\/v2\/types\/product"}],"wp:featuredmedia":[{"embeddable":true,"href":"https:\/\/pizbube.ch\/en\/wp-json\/wp\/v2\/media\/29031"}],"wp:attachment":[{"href":"https:\/\/pizbube.ch\/en\/wp-json\/wp\/v2\/media?parent=152170"}],"wp:term":[{"taxonomy":"product_brand","embeddable":true,"href":"https:\/\/pizbube.ch\/en\/wp-json\/wp\/v2\/product_brand?post=152170"},{"taxonomy":"product_cat","embeddable":true,"href":"https:\/\/pizbube.ch\/en\/wp-json\/wp\/v2\/product_cat?post=152170"},{"taxonomy":"product_tag","embeddable":true,"href":"https:\/\/pizbube.ch\/en\/wp-json\/wp\/v2\/product_tag?post=152170"}],"curies":[{"name":"wp","href":"https:\/\/api.w.org\/{rel}","templated":true}]}}