{"id":152174,"date":"2021-01-15T12:03:29","date_gmt":"2021-01-15T12:03:29","guid":{"rendered":"https:\/\/codengine3.ch\/?product=import-placeholder-for-205366"},"modified":"2023-07-04T11:01:30","modified_gmt":"2023-07-04T09:01:30","slug":"les-aiguilles-rouges-1","status":"publish","type":"product","link":"https:\/\/pizbube.ch\/en\/shop\/les-aiguilles-rouges-1\/","title":{"rendered":"Les Aiguilles Rouges 1"},"content":{"rendered":"<p>Face au Mont-Blanc:<\/p>\n<div class=\"elementor-element elementor-element-4197063 elementor-widget elementor-widget-text-editor\" data-id=\"4197063\" data-element_type=\"widget\" data-widget_type=\"text-editor.default\">\n<div class=\"elementor-widget-container\">\n<div class=\"elementor-text-editor elementor-clearfix\">\n<p>Falaises petites et grandes du massif des Aiguilles Rouges, en partie en terrain d\u2019aventure. Secteur Br\u00e9vent jusqu\u2019aux Ch\u00e8serys.<\/p>\n<div class=\"elementor-element elementor-element-41e12ac elementor-widget elementor-widget-text-editor\" data-id=\"41e12ac\" data-element_type=\"widget\" data-widget_type=\"text-editor.default\">\n<div class=\"elementor-widget-container\">\n<div class=\"elementor-text-editor elementor-clearfix\">\n<p>C\u2019est la \u00ab\u00a0Bible\u00a0\u00bb des Aiguilles Rouges. Topo tr\u00e8s soign\u00e9 comme \u00e0 l\u2019habitude avec Michel Piola.<\/p>\n<p>Ce topo d\u00e9crit de nombreux secteurs petits (une seule voie) ou grands, en voies sportives et en terrain d\u2019aventure. La plupart des voies sont de quelques longueurs ou de plusieurs centaines de m\u00e8tres, \u00e9quip\u00e9es ou en terrain d\u2019aventure, mais on trouve aussi quelques \u00ab\u00a0couennes\u00a0\u00bb.<\/p>\n<\/div>\n<\/div>\n<\/div>\n<\/div>\n<\/div>\n<\/div>\n<p>256 pages dont 47 photos couleur, description exhaustive des itin\u00e9raires<br \/>\nrocheux du Br\u00e9vent aux dalles de Ch\u00e9zerys, croquis pr\u00e9cis, toute les nouvelles<br \/>\nvoies&#8230;<\/p>\n<p><strong>Liste des sites d\u2019escalade sur ce topo :<br \/>\n<\/strong><br \/>\nAiguillette d\u2019Argenti\u00e8re<br \/>\nAiguille du Belv\u00e9d\u00e8re<br \/>\nBr\u00e9vent<br \/>\nContrefort du Br\u00e9vent<br \/>\nEcole d\u2019escalade du Br\u00e9vent<br \/>\nJumeaux du Br\u00e9vent<br \/>\nLa Cath\u00e9drale<br \/>\nAiguille des Chamois<br \/>\nAiguille de la Charlanon<br \/>\nDalles des Ch\u00e8serys<br \/>\nPetite Aiguille Crochue<br \/>\nAiguilles Crochues<br \/>\nTour des Crochues<br \/>\nTatie Crochue<br \/>\nJumelles des Crochues<br \/>\nAiguille des deux Deux T\u00eates<br \/>\nPetite Floria<br \/>\nGrande Floria<br \/>\nAiguillette de la Floria<br \/>\nPointe Gaspard<br \/>\nEpaule S de la Gli\u00e8re<br \/>\nContrefort de l\u2019Aiguille de la Gli\u00e8re<br \/>\nAiguille de l\u2019Index<br \/>\nGendarme de l\u2019Aiguille de la Gli\u00e8re<br \/>\nAiguille de la Pers\u00e9v\u00e9rance<br \/>\nClocher de Planpraz<br \/>\nClochetons de Planpraz<br \/>\nPentes de l\u2019h\u00f4tel<br \/>\nAiguille du Pouce<br \/>\nAiguille Pourrie pointe 2511 m<br \/>\nAiguille Pourrie pointe 2450 m<br \/>\nAiguille de la Remua<br \/>\nAiguille de T\u00eate Plate<br \/>\nPointe des Vioz<\/p>","protected":false},"excerpt":{"rendered":"<p>Face au Mont-Blanc: Falaises petites et grandes du massif des Aiguilles Rouges, en partie en terrain d\u2019aventure. Secteur Br\u00e9vent jusqu\u2019aux Ch\u00e8serys. C\u2019est la \u00ab\u00a0Bible\u00a0\u00bb des Aiguilles Rouges. Topo tr\u00e8s soign\u00e9 comme \u00e0 l\u2019habitude avec Michel Piola. Ce topo d\u00e9crit de nombreux secteurs petits (une seule voie) ou grands, en voies sportives et en terrain d\u2019aventure. [&#8230;]\n","protected":false},"featured_media":168406,"template":"","meta":[],"product_brand":[],"product_cat":[21539],"product_tag":[],"class_list":{"0":"post-152174","1":"product","2":"type-product","3":"status-publish","4":"has-post-thumbnail","6":"product_cat-fuehrerliteratur-sportklettern-bouldern","7":"pa_autor-piola","8":"pa_erscheinungsjahr-21591","9":"pa_region-frankreich","10":"pa_sprache-fr","12":"first","13":"instock","14":"taxable","15":"shipping-taxable","16":"purchasable","17":"product-type-simple"},"_links":{"self":[{"href":"https:\/\/pizbube.ch\/en\/wp-json\/wp\/v2\/product\/152174","targetHints":{"allow":["GET"]}}],"collection":[{"href":"https:\/\/pizbube.ch\/en\/wp-json\/wp\/v2\/product"}],"about":[{"href":"https:\/\/pizbube.ch\/en\/wp-json\/wp\/v2\/types\/product"}],"wp:featuredmedia":[{"embeddable":true,"href":"https:\/\/pizbube.ch\/en\/wp-json\/wp\/v2\/media\/168406"}],"wp:attachment":[{"href":"https:\/\/pizbube.ch\/en\/wp-json\/wp\/v2\/media?parent=152174"}],"wp:term":[{"taxonomy":"product_brand","embeddable":true,"href":"https:\/\/pizbube.ch\/en\/wp-json\/wp\/v2\/product_brand?post=152174"},{"taxonomy":"product_cat","embeddable":true,"href":"https:\/\/pizbube.ch\/en\/wp-json\/wp\/v2\/product_cat?post=152174"},{"taxonomy":"product_tag","embeddable":true,"href":"https:\/\/pizbube.ch\/en\/wp-json\/wp\/v2\/product_tag?post=152174"}],"curies":[{"name":"wp","href":"https:\/\/api.w.org\/{rel}","templated":true}]}}