{"id":152177,"date":"2021-01-15T12:03:29","date_gmt":"2021-01-15T12:03:29","guid":{"rendered":"https:\/\/codengine3.ch\/?product=import-placeholder-for-207364"},"modified":"2024-09-04T17:20:06","modified_gmt":"2024-09-04T15:20:06","slug":"klatreforer-for-flatanger","status":"publish","type":"product","link":"https:\/\/pizbube.ch\/en\/shop\/klatreforer-for-flatanger\/","title":{"rendered":"Klatref\u00f8rer for Flatanger"},"content":{"rendered":"<p>Klatreomr\u00e5det rundt Str\u00f8m g\u00e5rd er representert med fire klatrefelt &#8211;<br \/>\nEinvikfjellet, Sandm\u00e6len, Kvernhusskaret og Hanshallaren. Sektorene har til<br \/>\nsammen ca. 160 klatreruter fra 4 til 9a+, hovedtyngden ligger mellom grad 5-7.<\/p>","protected":false},"excerpt":{"rendered":"<p>Klatreomr\u00e5det rundt Str\u00f8m g\u00e5rd er representert med fire klatrefelt &#8211; Einvikfjellet, Sandm\u00e6len, Kvernhusskaret og Hanshallaren. Sektorene har til sammen ca. 160 klatreruter fra 4 til 9a+, hovedtyngden ligger mellom grad 5-7.<\/p>","protected":false},"featured_media":37256,"template":"","meta":[],"product_brand":[],"product_cat":[21539],"product_tag":[],"class_list":{"0":"post-152177","1":"product","2":"type-product","3":"status-publish","4":"has-post-thumbnail","6":"product_cat-fuehrerliteratur-sportklettern-bouldern","7":"pa_autor-carlsen","8":"pa_erscheinungsjahr-21621","9":"pa_region-skandinavien-norwegen-schweden-finnland","10":"pa_sprache-norw","12":"first","13":"outofstock","14":"taxable","15":"shipping-taxable","16":"purchasable","17":"product-type-simple"},"_links":{"self":[{"href":"https:\/\/pizbube.ch\/en\/wp-json\/wp\/v2\/product\/152177","targetHints":{"allow":["GET"]}}],"collection":[{"href":"https:\/\/pizbube.ch\/en\/wp-json\/wp\/v2\/product"}],"about":[{"href":"https:\/\/pizbube.ch\/en\/wp-json\/wp\/v2\/types\/product"}],"wp:featuredmedia":[{"embeddable":true,"href":"https:\/\/pizbube.ch\/en\/wp-json\/wp\/v2\/media\/37256"}],"wp:attachment":[{"href":"https:\/\/pizbube.ch\/en\/wp-json\/wp\/v2\/media?parent=152177"}],"wp:term":[{"taxonomy":"product_brand","embeddable":true,"href":"https:\/\/pizbube.ch\/en\/wp-json\/wp\/v2\/product_brand?post=152177"},{"taxonomy":"product_cat","embeddable":true,"href":"https:\/\/pizbube.ch\/en\/wp-json\/wp\/v2\/product_cat?post=152177"},{"taxonomy":"product_tag","embeddable":true,"href":"https:\/\/pizbube.ch\/en\/wp-json\/wp\/v2\/product_tag?post=152177"}],"curies":[{"name":"wp","href":"https:\/\/api.w.org\/{rel}","templated":true}]}}