{"id":152179,"date":"2021-01-15T12:03:29","date_gmt":"2021-01-15T12:03:29","guid":{"rendered":"https:\/\/codengine3.ch\/?product=import-placeholder-for-204877"},"modified":"2021-01-15T14:36:57","modified_gmt":"2021-01-15T14:36:57","slug":"escalade-dans-le-massif-de-la-clape","status":"publish","type":"product","link":"https:\/\/pizbube.ch\/en\/shop\/escalade-dans-le-massif-de-la-clape\/","title":{"rendered":"Escalade dans le Massif de la Clape"},"content":{"rendered":"<p>Un topoguide consacr\u00e9 aux 332 voies que compte le Massif de la Clape, pres de<br \/>\nNarbonne \/ Perpignan  <\/p>\n<p>Pour le grimpeur le Massif de la Clape se divise en 6 zones bien distinctes :<br \/>\nla Couleuvre \u00e0 l&#8217;Est, la Chandelle, les 4 Miss, les Caunes, la Crouzade au<br \/>\ncentre et au Nord les Cr\u00eates de Vires. Peu \u00e9loign\u00e9es les une des autres elles<br \/>\ns&#8217;atteignent facilement par un r\u00e9seau routier qui parcours tout le massif. Les<br \/>\nmarches d&#8217;approche sont courtes et facilit\u00e9es par des sentiers bien trac\u00e9s et<br \/>\naccessibles a tous. Le pieds des voies est &#8218;confortables&#8216; presque partout ce<br \/>\nqui en fait un site privil\u00e9gi\u00e9 pour l&#8217;escalade &#8218;familiale&#8216; ou en groupe.  <\/p>\n<p>Topoguide 4i\u00e8me \u00e9dit. 2009; 64 p.<\/p>","protected":false},"excerpt":{"rendered":"<p>Un topoguide consacr\u00e9 aux 332 voies que compte le Massif de la Clape, pres de Narbonne \/ Perpignan Pour le grimpeur le Massif de la Clape se divise en 6 zones bien distinctes : la Couleuvre \u00e0 l&#8217;Est, la Chandelle, les 4 Miss, les Caunes, la Crouzade au centre et au Nord les Cr\u00eates de [&#8230;]\n","protected":false},"featured_media":33415,"template":"","meta":[],"product_brand":[],"product_cat":[21539],"product_tag":[],"class_list":{"0":"post-152179","1":"product","2":"type-product","3":"status-publish","4":"has-post-thumbnail","6":"product_cat-fuehrerliteratur-sportklettern-bouldern","7":"pa_autor-berche","8":"pa_erscheinungsjahr-21693","9":"pa_region-frankreich","10":"pa_sprache-fr","12":"first","13":"outofstock","14":"taxable","15":"shipping-taxable","16":"purchasable","17":"product-type-simple"},"_links":{"self":[{"href":"https:\/\/pizbube.ch\/en\/wp-json\/wp\/v2\/product\/152179","targetHints":{"allow":["GET"]}}],"collection":[{"href":"https:\/\/pizbube.ch\/en\/wp-json\/wp\/v2\/product"}],"about":[{"href":"https:\/\/pizbube.ch\/en\/wp-json\/wp\/v2\/types\/product"}],"wp:featuredmedia":[{"embeddable":true,"href":"https:\/\/pizbube.ch\/en\/wp-json\/wp\/v2\/media\/33415"}],"wp:attachment":[{"href":"https:\/\/pizbube.ch\/en\/wp-json\/wp\/v2\/media?parent=152179"}],"wp:term":[{"taxonomy":"product_brand","embeddable":true,"href":"https:\/\/pizbube.ch\/en\/wp-json\/wp\/v2\/product_brand?post=152179"},{"taxonomy":"product_cat","embeddable":true,"href":"https:\/\/pizbube.ch\/en\/wp-json\/wp\/v2\/product_cat?post=152179"},{"taxonomy":"product_tag","embeddable":true,"href":"https:\/\/pizbube.ch\/en\/wp-json\/wp\/v2\/product_tag?post=152179"}],"curies":[{"name":"wp","href":"https:\/\/api.w.org\/{rel}","templated":true}]}}