{"id":152180,"date":"2021-01-15T12:03:29","date_gmt":"2021-01-15T12:03:29","guid":{"rendered":"https:\/\/codengine3.ch\/?product=import-placeholder-for-205023"},"modified":"2021-10-05T17:34:26","modified_gmt":"2021-10-05T15:34:26","slug":"languedoc-roussillon","status":"publish","type":"product","link":"https:\/\/pizbube.ch\/en\/shop\/languedoc-roussillon\/","title":{"rendered":"Languedoc &#8211; Roussillon"},"content":{"rendered":"<p>Berge und Meer, rote Erde und blauer Himmel, gelb leuchtender Ginster und schattenspendende Pinien \u2013 Languedoc-Roussillon bietet eine ganz eigene Landschaft voller Vielfalt. Hier, im s\u00fcdlichsten Zipfel Frankreichs, zwischen den s\u00fcdlichen Cevennen und den \u00f6stlichen Pyren\u00e4en, findet jeder Wanderer sein Paradies. Dieser Rother Wanderf\u00fchrer stellt 50 abwechslungsreiche Touren vor.<\/p>\n<p>Gem\u00fctliche Strandspazierg\u00e4nge, abenteuerliche Schluchtdurchquerungen und spannende Gipfelbesteigungen: Das Gebiet zwischen Montpellier, Carcassone und Perpignan bietet schier unersch\u00f6pfliche Tourenm\u00f6glichkeiten. Fast 3000 Meter H\u00f6he erreicht man auf dem Pic Carlit, w\u00e4hrend an der lichtdurchfluteten C\u00f4te Vermeille die Pyren\u00e4en ins Mittelmeer st\u00fcrzen.<\/p>\n<p>Jede Wanderung wird mit einer zuverl\u00e4ssigen Tourenbeschreibung, einem Wanderk\u00e4rtchen mit eingetragenem Routenverlauf und einem aussagekr\u00e4ftigen H\u00f6henprofil vorgestellt. Eine \u00fcbersichtliche Toureninfo liefert alle wichtigen Hinweise zu Anforderungen, Ausgangspunkt, bester Jahreszeit, Varianten und vielem mehr. Au\u00dferdem gibt es zahlreiche Tipps zu Einkehr, Unterkunft und Sehensw\u00fcrdigkeiten. GPS-Daten stehen zum Download bereit.<\/p>\n<p>4. Auflage 2019<br \/>\n176 Seiten mit 115 Farbabbildungen<br \/>\n50 H\u00f6henprofile, 50 Wanderk\u00e4rtchen im Ma\u00dfstab 1:10.000 bis 1:150.000, zwei \u00dcbersichtskarten im Ma\u00dfstab 1:1.000.000 und 1:2.000.000<br \/>\nFormat 11,5 x 16,5 cm<br \/>\nkartoniert mit Polytex-Laminierung<\/p>","protected":false},"excerpt":{"rendered":"<p>Berge und Meer, rote Erde und blauer Himmel, gelb leuchtender Ginster und schattenspendende Pinien \u2013 Languedoc-Roussillon bietet eine ganz eigene Landschaft voller Vielfalt. Hier, im s\u00fcdlichsten Zipfel Frankreichs, zwischen den s\u00fcdlichen Cevennen und den \u00f6stlichen Pyren\u00e4en, findet jeder Wanderer sein Paradies. Dieser Rother Wanderf\u00fchrer stellt 50 abwechslungsreiche Touren vor. Gem\u00fctliche Strandspazierg\u00e4nge, abenteuerliche Schluchtdurchquerungen und spannende [&#8230;]\n","protected":false},"featured_media":159066,"template":"","meta":[],"product_brand":[],"product_cat":[21605],"product_tag":[],"class_list":{"0":"post-152180","1":"product","2":"type-product","3":"status-publish","4":"has-post-thumbnail","6":"product_cat-wanderfuehrer-trekking","7":"pa_autor-anker-maube","8":"pa_erscheinungsjahr-21586","9":"pa_region-frankreich","10":"pa_sprache-de","12":"first","13":"instock","14":"taxable","15":"shipping-taxable","16":"purchasable","17":"product-type-simple"},"_links":{"self":[{"href":"https:\/\/pizbube.ch\/en\/wp-json\/wp\/v2\/product\/152180","targetHints":{"allow":["GET"]}}],"collection":[{"href":"https:\/\/pizbube.ch\/en\/wp-json\/wp\/v2\/product"}],"about":[{"href":"https:\/\/pizbube.ch\/en\/wp-json\/wp\/v2\/types\/product"}],"wp:featuredmedia":[{"embeddable":true,"href":"https:\/\/pizbube.ch\/en\/wp-json\/wp\/v2\/media\/159066"}],"wp:attachment":[{"href":"https:\/\/pizbube.ch\/en\/wp-json\/wp\/v2\/media?parent=152180"}],"wp:term":[{"taxonomy":"product_brand","embeddable":true,"href":"https:\/\/pizbube.ch\/en\/wp-json\/wp\/v2\/product_brand?post=152180"},{"taxonomy":"product_cat","embeddable":true,"href":"https:\/\/pizbube.ch\/en\/wp-json\/wp\/v2\/product_cat?post=152180"},{"taxonomy":"product_tag","embeddable":true,"href":"https:\/\/pizbube.ch\/en\/wp-json\/wp\/v2\/product_tag?post=152180"}],"curies":[{"name":"wp","href":"https:\/\/api.w.org\/{rel}","templated":true}]}}