{"id":152181,"date":"2021-01-15T12:03:29","date_gmt":"2021-01-15T12:03:29","guid":{"rendered":"https:\/\/codengine3.ch\/?product=import-placeholder-for-205062"},"modified":"2021-01-15T14:38:25","modified_gmt":"2021-01-15T14:38:25","slug":"escalades-au-thaurac","status":"publish","type":"product","link":"https:\/\/pizbube.ch\/en\/shop\/escalades-au-thaurac\/","title":{"rendered":"Escalades au Thaurac"},"content":{"rendered":"<p>Le massif du Thaurac, entre C\u00e9vennes et M\u00e9diterran\u00e9e&#8230;<br \/>\nGuide Topo de tous les s\u00e9cteurs \u00e0 l&#8217;environ de la Grotte de Demoiselles.  <\/p>\n<p>Foto- Topof\u00fchrer von Thaurac, beschrieben sind alle Sektoren um die Grotte des<br \/>\nDemoiselles.<\/p>","protected":false},"excerpt":{"rendered":"<p>Le massif du Thaurac, entre C\u00e9vennes et M\u00e9diterran\u00e9e&#8230; Guide Topo de tous les s\u00e9cteurs \u00e0 l&#8217;environ de la Grotte de Demoiselles. Foto- Topof\u00fchrer von Thaurac, beschrieben sind alle Sektoren um die Grotte des Demoiselles.<\/p>","protected":false},"featured_media":36004,"template":"","meta":[],"product_brand":[],"product_cat":[21539],"product_tag":[],"class_list":{"0":"post-152181","1":"product","2":"type-product","3":"status-publish","4":"has-post-thumbnail","6":"product_cat-fuehrerliteratur-sportklettern-bouldern","7":"pa_autor-roumanille-fabre","8":"pa_erscheinungsjahr-21610","9":"pa_region-frankreich","10":"pa_sprache-d","11":"pa_sprache-e","12":"pa_sprache-f","13":"pa_sprache-sp","15":"first","16":"outofstock","17":"taxable","18":"shipping-taxable","19":"purchasable","20":"product-type-simple"},"_links":{"self":[{"href":"https:\/\/pizbube.ch\/en\/wp-json\/wp\/v2\/product\/152181","targetHints":{"allow":["GET"]}}],"collection":[{"href":"https:\/\/pizbube.ch\/en\/wp-json\/wp\/v2\/product"}],"about":[{"href":"https:\/\/pizbube.ch\/en\/wp-json\/wp\/v2\/types\/product"}],"wp:featuredmedia":[{"embeddable":true,"href":"https:\/\/pizbube.ch\/en\/wp-json\/wp\/v2\/media\/36004"}],"wp:attachment":[{"href":"https:\/\/pizbube.ch\/en\/wp-json\/wp\/v2\/media?parent=152181"}],"wp:term":[{"taxonomy":"product_brand","embeddable":true,"href":"https:\/\/pizbube.ch\/en\/wp-json\/wp\/v2\/product_brand?post=152181"},{"taxonomy":"product_cat","embeddable":true,"href":"https:\/\/pizbube.ch\/en\/wp-json\/wp\/v2\/product_cat?post=152181"},{"taxonomy":"product_tag","embeddable":true,"href":"https:\/\/pizbube.ch\/en\/wp-json\/wp\/v2\/product_tag?post=152181"}],"curies":[{"name":"wp","href":"https:\/\/api.w.org\/{rel}","templated":true}]}}