{"id":152182,"date":"2021-01-15T12:03:30","date_gmt":"2021-01-15T12:03:30","guid":{"rendered":"https:\/\/codengine3.ch\/?product=import-placeholder-for-203364"},"modified":"2021-01-15T14:22:33","modified_gmt":"2021-01-15T14:22:33","slug":"escalade-en-lozere","status":"publish","type":"product","link":"https:\/\/pizbube.ch\/en\/shop\/escalade-en-lozere\/","title":{"rendered":"Escalade en Loz\u00e8re"},"content":{"rendered":"<p>1000 voies d&#8217;escalade, sur des terrains aussi techniques que vari\u00e9s.  <\/p>\n<p>Dans ce topo-guide vous trouverez la liste exhaustive des diff\u00e9rents sites<br \/>\nd&#8217;escalade naturels et artificiels (15 SAE) de la Loz\u00e8re. Soit directement<br \/>\nint\u00e9gr\u00e9s et d\u00e9taill\u00e9s dans le topo (500 voies environ), soit relay\u00e9s sur des<br \/>\ntopos-guides sp\u00e9cifiques.  <\/p>\n<p>Que vous soyez dans les gorges de la Jonte, au cirque des Baumes dans les<br \/>\ngorges du Tarn ou dans l&#8217;espace aventure des gorges du Chassezac, vous \u00eates en<br \/>\nLoz\u00e8re ! Bonne grimpe \u00e0 tous en Terres de Loz\u00e8re!  <\/p>","protected":false},"excerpt":{"rendered":"<p>1000 voies d&#8217;escalade, sur des terrains aussi techniques que vari\u00e9s. Dans ce topo-guide vous trouverez la liste exhaustive des diff\u00e9rents sites d&#8217;escalade naturels et artificiels (15 SAE) de la Loz\u00e8re. Soit directement int\u00e9gr\u00e9s et d\u00e9taill\u00e9s dans le topo (500 voies environ), soit relay\u00e9s sur des topos-guides sp\u00e9cifiques. Que vous soyez dans les gorges de la [&#8230;]\n","protected":false},"featured_media":30953,"template":"","meta":[],"product_brand":[],"product_cat":[21539],"product_tag":[],"class_list":{"0":"post-152182","1":"product","2":"type-product","3":"status-publish","4":"has-post-thumbnail","6":"product_cat-fuehrerliteratur-sportklettern-bouldern","7":"pa_autor-ffme","8":"pa_erscheinungsjahr-22292","9":"pa_region-frankreich","10":"pa_sprache-fr","12":"first","13":"outofstock","14":"taxable","15":"shipping-taxable","16":"purchasable","17":"product-type-simple"},"_links":{"self":[{"href":"https:\/\/pizbube.ch\/en\/wp-json\/wp\/v2\/product\/152182","targetHints":{"allow":["GET"]}}],"collection":[{"href":"https:\/\/pizbube.ch\/en\/wp-json\/wp\/v2\/product"}],"about":[{"href":"https:\/\/pizbube.ch\/en\/wp-json\/wp\/v2\/types\/product"}],"wp:featuredmedia":[{"embeddable":true,"href":"https:\/\/pizbube.ch\/en\/wp-json\/wp\/v2\/media\/30953"}],"wp:attachment":[{"href":"https:\/\/pizbube.ch\/en\/wp-json\/wp\/v2\/media?parent=152182"}],"wp:term":[{"taxonomy":"product_brand","embeddable":true,"href":"https:\/\/pizbube.ch\/en\/wp-json\/wp\/v2\/product_brand?post=152182"},{"taxonomy":"product_cat","embeddable":true,"href":"https:\/\/pizbube.ch\/en\/wp-json\/wp\/v2\/product_cat?post=152182"},{"taxonomy":"product_tag","embeddable":true,"href":"https:\/\/pizbube.ch\/en\/wp-json\/wp\/v2\/product_tag?post=152182"}],"curies":[{"name":"wp","href":"https:\/\/api.w.org\/{rel}","templated":true}]}}