{"id":152187,"date":"2021-01-15T12:03:37","date_gmt":"2021-01-15T12:03:37","guid":{"rendered":"https:\/\/codengine3.ch\/?product=import-placeholder-for-205865"},"modified":"2021-12-21T10:35:59","modified_gmt":"2021-12-21T09:35:59","slug":"monte-rosa-koenigin-der-alpen","status":"publish","type":"product","link":"https:\/\/pizbube.ch\/en\/shop\/monte-rosa-koenigin-der-alpen\/","title":{"rendered":"Monte Rosa &#8211; K\u00f6nigin der Alpen"},"content":{"rendered":"<p>Allein der Name: Monte Rosa. M\u00e4nnlich, weiblich, unverwechselbar.<br \/>\nDer oberste Punkt der Schweiz, das eisigste Gebirge Italiens, die m\u00e4chtigste<br \/>\nWand der Alpen, die h\u00f6chstgelegene H\u00fctte Europas.<\/p>\n<p>Capanna Regina Margherita, wo die Sonne schon oder noch scheint, wenn es in<br \/>\nZ\u00fcrich oder Mailand dunkel ist. Monte Rosa: ein gewaltig eisig-felsiger Klotz<br \/>\nmit neun Viertausendern, mit 17 H\u00fctten, mit schier unz\u00e4hligen Routen. Und<br \/>\nviele tragen einen Namen, wie das Canalone Marinelli oder die Dufourspitze<br \/>\n(4634 m). Spurensuche an einem sehr prominenten Berg.<\/p>\n<p>Bergmonografie; 333 Seiten, ca. 285 Abb.<\/p>","protected":false},"excerpt":{"rendered":"<p>Allein der Name: Monte Rosa. M\u00e4nnlich, weiblich, unverwechselbar. Der oberste Punkt der Schweiz, das eisigste Gebirge Italiens, die m\u00e4chtigste Wand der Alpen, die h\u00f6chstgelegene H\u00fctte Europas. Capanna Regina Margherita, wo die Sonne schon oder noch scheint, wenn es in Z\u00fcrich oder Mailand dunkel ist. Monte Rosa: ein gewaltig eisig-felsiger Klotz mit neun Viertausendern, mit 17 [&#8230;]\n","protected":false},"featured_media":34703,"template":"","meta":[],"product_brand":[],"product_cat":[21542],"product_tag":[],"class_list":{"0":"post-152187","1":"product","2":"type-product","3":"status-publish","4":"has-post-thumbnail","6":"product_cat-sachbuecher-dokumentationen","7":"pa_autor-anker-volken","8":"pa_erscheinungsjahr-21693","9":"pa_region-schweiz","10":"pa_sprache-de","12":"first","13":"outofstock","14":"taxable","15":"shipping-taxable","16":"purchasable","17":"product-type-simple"},"_links":{"self":[{"href":"https:\/\/pizbube.ch\/en\/wp-json\/wp\/v2\/product\/152187","targetHints":{"allow":["GET"]}}],"collection":[{"href":"https:\/\/pizbube.ch\/en\/wp-json\/wp\/v2\/product"}],"about":[{"href":"https:\/\/pizbube.ch\/en\/wp-json\/wp\/v2\/types\/product"}],"wp:featuredmedia":[{"embeddable":true,"href":"https:\/\/pizbube.ch\/en\/wp-json\/wp\/v2\/media\/34703"}],"wp:attachment":[{"href":"https:\/\/pizbube.ch\/en\/wp-json\/wp\/v2\/media?parent=152187"}],"wp:term":[{"taxonomy":"product_brand","embeddable":true,"href":"https:\/\/pizbube.ch\/en\/wp-json\/wp\/v2\/product_brand?post=152187"},{"taxonomy":"product_cat","embeddable":true,"href":"https:\/\/pizbube.ch\/en\/wp-json\/wp\/v2\/product_cat?post=152187"},{"taxonomy":"product_tag","embeddable":true,"href":"https:\/\/pizbube.ch\/en\/wp-json\/wp\/v2\/product_tag?post=152187"}],"curies":[{"name":"wp","href":"https:\/\/api.w.org\/{rel}","templated":true}]}}