{"id":152189,"date":"2021-01-15T12:03:37","date_gmt":"2021-01-15T12:03:37","guid":{"rendered":"https:\/\/codengine3.ch\/?product=import-placeholder-for-203498"},"modified":"2021-01-15T14:23:50","modified_gmt":"2021-01-15T14:23:50","slug":"canyons-aux-baleares","status":"publish","type":"product","link":"https:\/\/pizbube.ch\/en\/shop\/canyons-aux-baleares\/","title":{"rendered":"Canyons aux Baleares"},"content":{"rendered":"<p>Le nouveau topoguide en Fran\u00e7ais et tout en couleur sur les canyons des<br \/>\nBal\u00e9ares est d\u00e9sormais disponible. Indispensable pour faire des canyons aux<br \/>\nBal\u00e9ares avec des conseils de voyages, d&#8217;h\u00e9bergements, de transports et de<br \/>\npratiques de l&#8217;activit\u00e9, le tout illustr\u00e9 de nombreuses photos.<br \/>\nEt surtout tous les principaux canyons sympas de Majorque en fiches compl\u00e8tes<br \/>\navec coupes, plans d&#8217;acc\u00e8s et photos du canyon tout en couleur.<\/p>","protected":false},"excerpt":{"rendered":"<p>Le nouveau topoguide en Fran\u00e7ais et tout en couleur sur les canyons des Bal\u00e9ares est d\u00e9sormais disponible. Indispensable pour faire des canyons aux Bal\u00e9ares avec des conseils de voyages, d&#8217;h\u00e9bergements, de transports et de pratiques de l&#8217;activit\u00e9, le tout illustr\u00e9 de nombreuses photos. Et surtout tous les principaux canyons sympas de Majorque en fiches compl\u00e8tes [&#8230;]\n","protected":false},"featured_media":31116,"template":"","meta":[],"product_brand":[],"product_cat":[21650],"product_tag":[],"class_list":{"0":"post-152189","1":"product","2":"type-product","3":"status-publish","4":"has-post-thumbnail","6":"product_cat-canyoningfuehrer","7":"pa_autor-achmetoff","8":"pa_erscheinungsjahr-21920","9":"pa_region-spanien","10":"pa_sprache-fr","12":"first","13":"outofstock","14":"taxable","15":"shipping-taxable","16":"purchasable","17":"product-type-simple"},"_links":{"self":[{"href":"https:\/\/pizbube.ch\/en\/wp-json\/wp\/v2\/product\/152189","targetHints":{"allow":["GET"]}}],"collection":[{"href":"https:\/\/pizbube.ch\/en\/wp-json\/wp\/v2\/product"}],"about":[{"href":"https:\/\/pizbube.ch\/en\/wp-json\/wp\/v2\/types\/product"}],"wp:featuredmedia":[{"embeddable":true,"href":"https:\/\/pizbube.ch\/en\/wp-json\/wp\/v2\/media\/31116"}],"wp:attachment":[{"href":"https:\/\/pizbube.ch\/en\/wp-json\/wp\/v2\/media?parent=152189"}],"wp:term":[{"taxonomy":"product_brand","embeddable":true,"href":"https:\/\/pizbube.ch\/en\/wp-json\/wp\/v2\/product_brand?post=152189"},{"taxonomy":"product_cat","embeddable":true,"href":"https:\/\/pizbube.ch\/en\/wp-json\/wp\/v2\/product_cat?post=152189"},{"taxonomy":"product_tag","embeddable":true,"href":"https:\/\/pizbube.ch\/en\/wp-json\/wp\/v2\/product_tag?post=152189"}],"curies":[{"name":"wp","href":"https:\/\/api.w.org\/{rel}","templated":true}]}}