{"id":152190,"date":"2021-01-15T12:03:37","date_gmt":"2021-01-15T12:03:37","guid":{"rendered":"https:\/\/codengine3.ch\/?product=import-placeholder-for-204177"},"modified":"2021-01-15T14:30:38","modified_gmt":"2021-01-15T14:30:38","slug":"50-barrancos-del-pirineo-los-descensos-mas-bellos","status":"publish","type":"product","link":"https:\/\/pizbube.ch\/en\/shop\/50-barrancos-del-pirineo-los-descensos-mas-bellos\/","title":{"rendered":"50 Barrancos del Pirineo &#8211; los descensos m\u00e1s bellos"},"content":{"rendered":"<p>Seleccionar los 50 mejores barrancos de los Pirineos&#8230; Los m\u00e1s bellos, los<br \/>\nm\u00e1s deportivos, los mejor conservados, los m\u00e1s verticales&#8230; El barranco es un<br \/>\nmundo diferente para cada persona, cada lugar y cada instante de tiempo nos<br \/>\ndan la oportunidad de vivir un momento distinto; el ritmo de descenso nos<br \/>\npermite percibir diferentes sensaciones y a cada cual de diferente manera en<br \/>\nsu propio mundo.<\/p>","protected":false},"excerpt":{"rendered":"<p>Seleccionar los 50 mejores barrancos de los Pirineos&#8230; Los m\u00e1s bellos, los m\u00e1s deportivos, los mejor conservados, los m\u00e1s verticales&#8230; El barranco es un mundo diferente para cada persona, cada lugar y cada instante de tiempo nos dan la oportunidad de vivir un momento distinto; el ritmo de descenso nos permite percibir diferentes sensaciones y [&#8230;]\n","protected":false},"featured_media":40689,"template":"","meta":[],"product_brand":[],"product_cat":[21650],"product_tag":[],"class_list":{"0":"post-152190","1":"product","2":"type-product","3":"status-publish","4":"has-post-thumbnail","6":"product_cat-canyoningfuehrer","7":"pa_autor-ortega-cebrian","8":"pa_erscheinungsjahr-21621","9":"pa_region-spanien","10":"pa_sprache-sp","12":"first","13":"instock","14":"taxable","15":"shipping-taxable","16":"purchasable","17":"product-type-simple"},"_links":{"self":[{"href":"https:\/\/pizbube.ch\/en\/wp-json\/wp\/v2\/product\/152190","targetHints":{"allow":["GET"]}}],"collection":[{"href":"https:\/\/pizbube.ch\/en\/wp-json\/wp\/v2\/product"}],"about":[{"href":"https:\/\/pizbube.ch\/en\/wp-json\/wp\/v2\/types\/product"}],"wp:featuredmedia":[{"embeddable":true,"href":"https:\/\/pizbube.ch\/en\/wp-json\/wp\/v2\/media\/40689"}],"wp:attachment":[{"href":"https:\/\/pizbube.ch\/en\/wp-json\/wp\/v2\/media?parent=152190"}],"wp:term":[{"taxonomy":"product_brand","embeddable":true,"href":"https:\/\/pizbube.ch\/en\/wp-json\/wp\/v2\/product_brand?post=152190"},{"taxonomy":"product_cat","embeddable":true,"href":"https:\/\/pizbube.ch\/en\/wp-json\/wp\/v2\/product_cat?post=152190"},{"taxonomy":"product_tag","embeddable":true,"href":"https:\/\/pizbube.ch\/en\/wp-json\/wp\/v2\/product_tag?post=152190"}],"curies":[{"name":"wp","href":"https:\/\/api.w.org\/{rel}","templated":true}]}}