{"id":152192,"date":"2021-01-15T12:03:37","date_gmt":"2021-01-15T12:03:37","guid":{"rendered":"https:\/\/codengine3.ch\/?product=import-placeholder-for-202187"},"modified":"2021-01-15T12:34:09","modified_gmt":"2021-01-15T12:34:09","slug":"weiss-wie-schnee","status":"publish","type":"product","link":"https:\/\/pizbube.ch\/en\/shop\/weiss-wie-schnee\/","title":{"rendered":"Weiss wie Schnee"},"content":{"rendered":"<p>Zwei M\u00e4nner, eine Frau und der Berg: Finch wurde als \u00c4rztin des Everest-Teams<br \/>\nausgew\u00e4hlt. Sam ist Marathonl\u00e4ufer und mehr als fasziniert von Finch. Und Al<br \/>\nhatte vor Jahren eine Aff\u00e4re mit der begehrten Frau &#8211; auch er m\u00f6chte mit der<br \/>\nLiebe seines Lebens den gr\u00f6\u00dften Berg der Welt besteigen. Die Expedition<br \/>\nbeginnt, \u00fcberschattet vom leidenschaftlichen Konkurrenzkampf zwischen den<br \/>\nbeiden M\u00e4nnern, doch bald wird klar: Nur einer von ihnen wird lebend mit Finch<br \/>\nins Basecamp zur\u00fcckkehren.<\/p>","protected":false},"excerpt":{"rendered":"<p>Zwei M\u00e4nner, eine Frau und der Berg: Finch wurde als \u00c4rztin des Everest-Teams ausgew\u00e4hlt. Sam ist Marathonl\u00e4ufer und mehr als fasziniert von Finch. Und Al hatte vor Jahren eine Aff\u00e4re mit der begehrten Frau &#8211; auch er m\u00f6chte mit der Liebe seines Lebens den gr\u00f6\u00dften Berg der Welt besteigen. Die Expedition beginnt, \u00fcberschattet vom leidenschaftlichen [&#8230;]\n","protected":false},"featured_media":29578,"template":"","meta":[],"product_brand":[],"product_cat":[21629],"product_tag":[],"class_list":{"0":"post-152192","1":"product","2":"type-product","3":"status-publish","4":"has-post-thumbnail","6":"product_cat-belletristik","7":"pa_autor-thomas","8":"pa_erscheinungsjahr-21750","9":"pa_region-asien","10":"pa_sprache-de","12":"first","13":"outofstock","14":"taxable","15":"shipping-taxable","16":"purchasable","17":"product-type-simple"},"_links":{"self":[{"href":"https:\/\/pizbube.ch\/en\/wp-json\/wp\/v2\/product\/152192","targetHints":{"allow":["GET"]}}],"collection":[{"href":"https:\/\/pizbube.ch\/en\/wp-json\/wp\/v2\/product"}],"about":[{"href":"https:\/\/pizbube.ch\/en\/wp-json\/wp\/v2\/types\/product"}],"wp:featuredmedia":[{"embeddable":true,"href":"https:\/\/pizbube.ch\/en\/wp-json\/wp\/v2\/media\/29578"}],"wp:attachment":[{"href":"https:\/\/pizbube.ch\/en\/wp-json\/wp\/v2\/media?parent=152192"}],"wp:term":[{"taxonomy":"product_brand","embeddable":true,"href":"https:\/\/pizbube.ch\/en\/wp-json\/wp\/v2\/product_brand?post=152192"},{"taxonomy":"product_cat","embeddable":true,"href":"https:\/\/pizbube.ch\/en\/wp-json\/wp\/v2\/product_cat?post=152192"},{"taxonomy":"product_tag","embeddable":true,"href":"https:\/\/pizbube.ch\/en\/wp-json\/wp\/v2\/product_tag?post=152192"}],"curies":[{"name":"wp","href":"https:\/\/api.w.org\/{rel}","templated":true}]}}